{"id":9850,"date":"2019-10-24T16:45:26","date_gmt":"2019-10-24T16:45:26","guid":{"rendered":"http:\/\/devoted-cheesecake.flywheelsites.com\/products\/dolcevita\/"},"modified":"2021-05-11T14:50:38","modified_gmt":"2021-05-11T14:50:38","slug":"dolcevita","status":"publish","type":"product","link":"https:\/\/artaceramic.com\/fr\/produit\/dolcevita\/","title":{"rendered":"Dolcevita"},"content":{"rendered":"<div class=\"row\">\n<div class=\"column\">\n1200 MM<br \/>\nFORMAT \/ SIZE: 50 &frac12; X 20\n<\/div>\n<div class=\"column\">\n<\/div>\n<div class=\"column\">\n<\/div>\n<\/div>\n<h4>Couleurs disponibles<\/h4>\n<ul class=\"colors\">\n<li>NERO MARQUINA<\/li>\n<li>STATUARIO<\/li>\n<\/ul>\n","protected":false},"excerpt":{"rendered":"<p>Dolcevita par Aqua est la collection de meubles de salle de bain Ideagroup d\u00e9di\u00e9e \u00e0 ceux qui appr\u00e9cient une salle de bain moderne et sophistiqu\u00e9e alliant \u00e9l\u00e9gance, savoir-faire et style classique.<br \/>\nLe d\u00e9cor de la salle de bain \u00e9volue pour faire un impact \u00e0 la maison. Les courbes sp\u00e9ciales de la porte et du c\u00f4t\u00e9 distinguent cette collection vestimentaire qui incorpore des formes modernes et des surfaces douces avec un air vintage. La structure interne \u00e9l\u00e9gante et raffin\u00e9e rappelle la finition ext\u00e9rieure du meuble de la salle de bain, afin de cr\u00e9er une continuit\u00e9. La gamme Dolcevita comprend \u00e9galement de nouveaux miroirs: le nouveau miroir octogonal dans un cadre en aluminium, sans cuivre, r\u00e9sistant aux rayures et \u00e0 la corrosion, peut \u00eatre install\u00e9 avec un \u00e9clairage int\u00e9gr\u00e9.<\/p>\n<h4 style=\"margin-bottom: 10px;\">Choix de couleurs du comptoir<\/h4>\n<p><span id=\"color-name\"><\/span><\/p>\n<h4><img decoding=\"async\" class=\"alignnone size-full wp-image-1251\" src=\"\/wp-content\/uploads\/vanities\/20190877-dolcevita-nero-1.jpg\" alt=\"DARK\" width=\"80\" height=\"80\" onclick=\"displayColor('NERO MARQUINA');\" style=\"cursor: pointer;\" \/> <img decoding=\"async\" class=\"alignnone size-full wp-image-1251\" src=\"\/wp-content\/uploads\/vanities\/20190877-dolcevita-statutario.jpg\" alt=\"LIGHT\" width=\"80\" height=\"80\" onclick=\"displayColor('STATUARIO');\" style=\"cursor: pointer;\" \/><\/h4>\n<h4 style=\"margin-bottom: 10px;\">Choix de couleurs de la vanit\u00e9<\/h4>\n<p><span id=\"color-name\"><\/span><\/p>\n<h4><img decoding=\"async\" class=\"alignnone size-full wp-image-1251\" src=\"\/wp-content\/uploads\/vanities\/20190877-dolcevita-dark.jpg\" alt=\"DARK\" width=\"80\" height=\"80\" onclick=\"displayColor('NERO MARQUINA');\" style=\"cursor: pointer;\" \/> <img loading=\"lazy\" decoding=\"async\" class=\"alignnone size-full wp-image-1251\" src=\"\/wp-content\/uploads\/vanities\/20190877-dolcevita-light.jpg\" alt=\"LIGHT\" width=\"80\" height=\"80\" onclick=\"displayColor('STATUARIO');\" style=\"cursor: pointer;\" \/><\/h4>\n<p><a href=\"\/wp-content\/uploads\/vanities\/dolcevita-ideagroup.pdf\" target=\"_blank\" class=\"button-bain\" rel=\"noopener noreferrer\">T\u00e9l\u00e9charger le catalogue de sp\u00e9cifications<\/a><\/p>\n","protected":false},"featured_media":9851,"template":"","meta":[],"product_brand":[],"product_cat":[115],"product_tag":[],"class_list":{"0":"post-9850","1":"product","2":"type-product","3":"status-publish","4":"has-post-thumbnail","6":"product_cat-vanites","8":"first","9":"instock","10":"shipping-taxable","11":"product-type-simple"},"_links":{"self":[{"href":"https:\/\/artaceramic.com\/fr\/wp-json\/wp\/v2\/product\/9850","targetHints":{"allow":["GET"]}}],"collection":[{"href":"https:\/\/artaceramic.com\/fr\/wp-json\/wp\/v2\/product"}],"about":[{"href":"https:\/\/artaceramic.com\/fr\/wp-json\/wp\/v2\/types\/product"}],"wp:featuredmedia":[{"embeddable":true,"href":"https:\/\/artaceramic.com\/fr\/wp-json\/wp\/v2\/media\/9851"}],"wp:attachment":[{"href":"https:\/\/artaceramic.com\/fr\/wp-json\/wp\/v2\/media?parent=9850"}],"wp:term":[{"taxonomy":"product_brand","embeddable":true,"href":"https:\/\/artaceramic.com\/fr\/wp-json\/wp\/v2\/product_brand?post=9850"},{"taxonomy":"product_cat","embeddable":true,"href":"https:\/\/artaceramic.com\/fr\/wp-json\/wp\/v2\/product_cat?post=9850"},{"taxonomy":"product_tag","embeddable":true,"href":"https:\/\/artaceramic.com\/fr\/wp-json\/wp\/v2\/product_tag?post=9850"}],"curies":[{"name":"wp","href":"https:\/\/api.w.org\/{rel}","templated":true}]}}