{"id":9829,"date":"2019-09-24T14:19:15","date_gmt":"2019-09-24T14:19:15","guid":{"rendered":"http:\/\/devoted-cheesecake.flywheelsites.com\/products\/dogma\/"},"modified":"2025-03-31T13:15:06","modified_gmt":"2025-03-31T17:15:06","slug":"dogma","status":"publish","type":"product","link":"https:\/\/artaceramic.com\/fr\/produit\/dogma\/","title":{"rendered":"Dogma"},"content":{"rendered":"<div class=\"row\">\n<div class=\"column\">1200 MM<br \/>\nFORMAT \/ SIZE: 47 \u00bd X 20<\/div>\n<div class=\"column\"><\/div>\n<div class=\"column\"><\/div>\n<\/div>\n<h4>Couleurs disponibles<\/h4>\n<ul class=\"colors\">\n<li>NERO MARQUINA<\/li>\n<\/ul>\n","protected":false},"excerpt":{"rendered":"<p>Le luxe rencontre le style industriel avec Dogma par Aqua, une collection de mobilier de salle de bain minimaliste et moderne, rendue unique par de nouveaux mat\u00e9riaux et l&rsquo;utilisation non conventionnelle de formes g\u00e9om\u00e9triques.<br \/>\nLes unit\u00e9s de base, les unit\u00e9s murales et les unit\u00e9s hautes cr\u00e9ent des salles de bains de luxe dynamiques aux finitions exceptionnelles et raffin\u00e9es. Le lavabo int\u00e9gr\u00e9 s&rsquo;harmonise parfaitement avec l&rsquo;armoire de salle de bain, les compartiments ouverts sont en partie dissimul\u00e9s par les lavabos et peuvent \u00eatre utilis\u00e9s \u00e0 votre guise: les \u00e9l\u00e9gantes armoires de salle de bain de cette collection sont de v\u00e9ritables stars et les accessoires de salle de bain offrent une multitude de possibilit\u00e9s de personnalisation pour rendre chaque projet unique. Les \u00e9l\u00e9ments de d\u00e9coration de salle de bain s&rsquo;int\u00e8grent aussi bien dans les salles de bain design que dans les salles de bain plus traditionnelles.<\/p>\n<h4 style=\"margin-bottom: 10px;\">Choix de couleurs<\/h4>\n<p>&nbsp;<\/p>\n<h4><img decoding=\"async\" class=\"alignnone size-full wp-image-1251\" style=\"cursor: pointer;\" src=\"\/wp-content\/uploads\/vanities\/20190877-Dogma-nero-marquinia.jpg\" alt=\"NERO\" width=\"80\" height=\"80\" \/><\/h4>\n<p><a class=\"button-bain\" href=\"\/wp-content\/uploads\/vanities\/ideagroup-aqua-dogma.pdf\" target=\"_blank\" rel=\"noopener noreferrer\">T\u00e9l\u00e9charger le catalogue de sp\u00e9cifications<\/a><\/p>\n","protected":false},"featured_media":9830,"template":"","meta":[],"product_brand":[],"product_cat":[115],"product_tag":[],"class_list":{"0":"post-9829","1":"product","2":"type-product","3":"status-publish","4":"has-post-thumbnail","6":"product_cat-vanites","8":"first","9":"instock","10":"shipping-taxable","11":"product-type-simple"},"_links":{"self":[{"href":"https:\/\/artaceramic.com\/fr\/wp-json\/wp\/v2\/product\/9829","targetHints":{"allow":["GET"]}}],"collection":[{"href":"https:\/\/artaceramic.com\/fr\/wp-json\/wp\/v2\/product"}],"about":[{"href":"https:\/\/artaceramic.com\/fr\/wp-json\/wp\/v2\/types\/product"}],"wp:featuredmedia":[{"embeddable":true,"href":"https:\/\/artaceramic.com\/fr\/wp-json\/wp\/v2\/media\/9830"}],"wp:attachment":[{"href":"https:\/\/artaceramic.com\/fr\/wp-json\/wp\/v2\/media?parent=9829"}],"wp:term":[{"taxonomy":"product_brand","embeddable":true,"href":"https:\/\/artaceramic.com\/fr\/wp-json\/wp\/v2\/product_brand?post=9829"},{"taxonomy":"product_cat","embeddable":true,"href":"https:\/\/artaceramic.com\/fr\/wp-json\/wp\/v2\/product_cat?post=9829"},{"taxonomy":"product_tag","embeddable":true,"href":"https:\/\/artaceramic.com\/fr\/wp-json\/wp\/v2\/product_tag?post=9829"}],"curies":[{"name":"wp","href":"https:\/\/api.w.org\/{rel}","templated":true}]}}