{"id":9818,"date":"2019-09-17T16:54:19","date_gmt":"2019-09-17T16:54:19","guid":{"rendered":"http:\/\/devoted-cheesecake.flywheelsites.com\/products\/cubik\/"},"modified":"2021-05-11T14:51:23","modified_gmt":"2021-05-11T14:51:23","slug":"cubik","status":"publish","type":"product","link":"https:\/\/artaceramic.com\/fr\/produit\/cubik\/","title":{"rendered":"Cubik"},"content":{"rendered":"<div class=\"row\">\n<div class=\"column\">\n1200 MM<br \/>\nFORMAT \/ SIZE: 47 &frac12; X 20\n<\/div>\n<div class=\"column\">\n900 MM<br \/>\nFORMAT \/ SIZE: 35 &frac12; X 20\n<\/div>\n<div class=\"column\">\n<\/div>\n<\/div>\n<h4>Couleurs disponibles<\/h4>\n<ul class=\"colors\">\n<li>CASTAGNO DARK GREY<\/li>\n<li>NOCE CANALETTO<\/li>\n<\/ul>\n","protected":false},"excerpt":{"rendered":"<p>La ligne de meubles de salle de bain moderne Cubik par Idea est un projet qui utilise le langage essentiel de l\u2019architecture pour s\u2019int\u00e9grer naturellement dans n\u2019importe quel environnement et s\u2019harmoniser avec les diff\u00e9rents modes de vie.<br \/>\nLa collection de meubles de salle de bain design se distingue par sa lin\u00e9arit\u00e9 \u00e9pur\u00e9e et sa belle apparence. Les tiroirs et les portes sont fabriqu\u00e9s avec des bords \u00e0 45\u00b0 sans poign\u00e9e ext\u00e9rieure, divis\u00e9s par des rainures cr\u00e9ant un motif de lignes diagonales atteignant le style minimal caract\u00e9ristique des meubles de salle de bain modernes. La personnalisation est fondamentale: un choix d&rsquo;options d&rsquo;installation, avec des armoires de salle de bains suspendues ou au sol, ainsi qu&rsquo;un large \u00e9ventail de mat\u00e9riaux et de finitions conformes aux derni\u00e8res tendances en mati\u00e8re de design de salles de bains modernes. Les robinets et les raccords sont soigneusement s\u00e9lectionn\u00e9s pour \u00e9quilibrer le projet. En outre, l&rsquo;utilisation de mat\u00e9riaux innovants tels que le bois, les stratifi\u00e9s Ecomalta et HPL conf\u00e8rent \u00e0 la salle de bain un aspect essentiel et polyvalent. Le lavabo peut \u00eatre int\u00e9gr\u00e9 au plan sup\u00e9rieur pour cr\u00e9er une solution de d\u00e9coration de salle de bain avec des composants ton sur ton.<\/p>\n<h4 style=\"margin-bottom: 10px;\">Choix de couleurs<\/h4>\n<p><span id=\"color-name\"><\/span><\/p>\n<h4><img decoding=\"async\" class=\"alignnone size-full wp-image-1251\" src=\"\/wp-content\/uploads\/vanities\/20190877-castagno-darkgrey.jpg\" alt=\"CUBIK CASTAGNO\" width=\"80\" height=\"80\" onclick=\"displayColor('CASTAGNO');\" style=\"cursor: pointer;\" \/> <img decoding=\"async\" class=\"alignnone size-full wp-image-1251\" src=\"\/wp-content\/uploads\/vanities\/20190877-noce-canaletto.jpg\" alt=\"CUBIK NOCE\" width=\"80\" height=\"80\" onclick=\"displayColor('NOCE');\" style=\"cursor: pointer;\" \/><\/h4>\n<p><a href=\"\/wp-content\/uploads\/vanities\/ideagroup_cat_cubik_new.pdf\" target=\"_blank\" class=\"button-bain\" rel=\"noopener noreferrer\">T\u00e9l\u00e9charger le catalogue de sp\u00e9cifications<\/a><\/p>\n","protected":false},"featured_media":9819,"template":"","meta":[],"product_brand":[],"product_cat":[115],"product_tag":[],"class_list":{"0":"post-9818","1":"product","2":"type-product","3":"status-publish","4":"has-post-thumbnail","6":"product_cat-vanites","8":"first","9":"instock","10":"shipping-taxable","11":"product-type-simple"},"_links":{"self":[{"href":"https:\/\/artaceramic.com\/fr\/wp-json\/wp\/v2\/product\/9818","targetHints":{"allow":["GET"]}}],"collection":[{"href":"https:\/\/artaceramic.com\/fr\/wp-json\/wp\/v2\/product"}],"about":[{"href":"https:\/\/artaceramic.com\/fr\/wp-json\/wp\/v2\/types\/product"}],"wp:featuredmedia":[{"embeddable":true,"href":"https:\/\/artaceramic.com\/fr\/wp-json\/wp\/v2\/media\/9819"}],"wp:attachment":[{"href":"https:\/\/artaceramic.com\/fr\/wp-json\/wp\/v2\/media?parent=9818"}],"wp:term":[{"taxonomy":"product_brand","embeddable":true,"href":"https:\/\/artaceramic.com\/fr\/wp-json\/wp\/v2\/product_brand?post=9818"},{"taxonomy":"product_cat","embeddable":true,"href":"https:\/\/artaceramic.com\/fr\/wp-json\/wp\/v2\/product_cat?post=9818"},{"taxonomy":"product_tag","embeddable":true,"href":"https:\/\/artaceramic.com\/fr\/wp-json\/wp\/v2\/product_tag?post=9818"}],"curies":[{"name":"wp","href":"https:\/\/api.w.org\/{rel}","templated":true}]}}