{"id":7518,"date":"2020-05-12T15:04:54","date_gmt":"2020-05-12T15:04:54","guid":{"rendered":"http:\/\/devoted-cheesecake.flywheelsites.com\/product\/planeto\/"},"modified":"2025-03-31T12:33:18","modified_gmt":"2025-03-31T16:33:18","slug":"planeto","status":"publish","type":"product","link":"https:\/\/artaceramic.com\/fr\/produit\/planeto\/","title":{"rendered":"Planeto"},"content":{"rendered":"<div class=\"row\">\n<div class=\"column\">FORMAT: 24&#215;24<br \/>\nPC\/BO\u00ceTES: 11.65<br \/>\nMCX\/BO\u00ceTES: 3<\/div>\n<div><\/div>\n<div class=\"column\">FORMAT: 12&#215;48<br \/>\nPC\/BO\u00ceTES: 15.55<br \/>\nMCX\/BO\u00ceTES: 4<\/div>\n<div class=\"column\"><\/div>\n<\/div>\n","protected":false},"excerpt":{"rendered":"<p id=\"tw-target-text\" class=\"tw-data-text tw-text-large tw-ta\" dir=\"ltr\" data-placeholder=\"Traduction\"><span class=\"Y2IQFc\" lang=\"fr\">Une esth\u00e9tique forte et nuanc\u00e9e dans laquelle il se forme et la structure fusionnent avec des graphismes r\u00e9alistes qui \u00e9voquent les veines originelles des pierres inspirant.<\/span><\/p>\n<h4 style=\"margin-bottom: 10px;\">COULEURS DISPONIBLES<\/h4>\n<h4><img decoding=\"async\" class=\"alignnone size-full wp-image-1251\" style=\"cursor: pointer;\" src=\"https:\/\/artaceramic.com\/wp-content\/uploads\/tiles\/20200418-Planeto-JupiterSwatch.jpg\" alt=\"JUPITER\" width=\"80\" height=\"80\" \/> <img decoding=\"async\" class=\"alignnone size-full wp-image-1251\" style=\"cursor: pointer;\" src=\"https:\/\/artaceramic.com\/wp-content\/uploads\/tiles\/20200418-Planeto-MarsSwatch.jpg\" alt=\"MARS\" width=\"80\" height=\"80\" \/> <img decoding=\"async\" class=\"alignnone size-full wp-image-1251\" style=\"cursor: pointer;\" src=\"https:\/\/artaceramic.com\/wp-content\/uploads\/tiles\/20200418-Planeto-MoonSwatch.jpg\" alt=\"MOON\" width=\"80\" height=\"80\" \/> <img loading=\"lazy\" decoding=\"async\" class=\"alignnone size-full wp-image-1251\" style=\"cursor: pointer;\" src=\"https:\/\/artaceramic.com\/wp-content\/uploads\/tiles\/20200418-Planeto-PlutoSwatch.jpg\" alt=\"PLUTO\" width=\"80\" height=\"80\" \/> <img loading=\"lazy\" decoding=\"async\" class=\"alignnone size-full wp-image-1251\" style=\"cursor: pointer;\" src=\"https:\/\/artaceramic.com\/wp-content\/uploads\/tiles\/20200418-Planeto-VenusSwatch.jpg\" alt=\"VENUS\" width=\"80\" height=\"80\" \/><\/h4>\n","protected":false},"featured_media":19188,"template":"","meta":[],"product_brand":[],"product_cat":[66,100],"product_tag":[],"class_list":{"0":"post-7518","1":"product","2":"type-product","3":"status-publish","4":"has-post-thumbnail","6":"product_cat-carreaux","7":"product_cat-ceramique-et-porcelaine","8":"pa_colors-beige-fr","9":"pa_colors-brun","10":"pa_colors-gris","11":"pa_colors-noir","12":"pa_colors-taupe-fr","13":"pa_sizes-12x48","14":"pa_sizes-24x24-fr","16":"first","17":"instock","18":"featured","19":"shipping-taxable","20":"product-type-simple"},"_links":{"self":[{"href":"https:\/\/artaceramic.com\/fr\/wp-json\/wp\/v2\/product\/7518","targetHints":{"allow":["GET"]}}],"collection":[{"href":"https:\/\/artaceramic.com\/fr\/wp-json\/wp\/v2\/product"}],"about":[{"href":"https:\/\/artaceramic.com\/fr\/wp-json\/wp\/v2\/types\/product"}],"wp:featuredmedia":[{"embeddable":true,"href":"https:\/\/artaceramic.com\/fr\/wp-json\/wp\/v2\/media\/19188"}],"wp:attachment":[{"href":"https:\/\/artaceramic.com\/fr\/wp-json\/wp\/v2\/media?parent=7518"}],"wp:term":[{"taxonomy":"product_brand","embeddable":true,"href":"https:\/\/artaceramic.com\/fr\/wp-json\/wp\/v2\/product_brand?post=7518"},{"taxonomy":"product_cat","embeddable":true,"href":"https:\/\/artaceramic.com\/fr\/wp-json\/wp\/v2\/product_cat?post=7518"},{"taxonomy":"product_tag","embeddable":true,"href":"https:\/\/artaceramic.com\/fr\/wp-json\/wp\/v2\/product_tag?post=7518"}],"curies":[{"name":"wp","href":"https:\/\/api.w.org\/{rel}","templated":true}]}}