{"id":7276,"date":"2020-01-24T16:37:35","date_gmt":"2020-01-24T16:37:35","guid":{"rendered":"http:\/\/devoted-cheesecake.flywheelsites.com\/product\/edimax-velvet\/"},"modified":"2023-09-12T13:11:27","modified_gmt":"2023-09-12T17:11:27","slug":"edimax-velvet","status":"publish","type":"product","link":"https:\/\/artaceramic.com\/fr\/produit\/edimax-velvet\/","title":{"rendered":"Velvet"},"content":{"rendered":"<div class=\"row\">\n<div class=\"column\">FORMAT: 4&#215;24<br \/>\nPC\/BO\u00ceTES: 7.78<br \/>\nMCX\/BO\u00ceTES: 12<\/div>\n<div><\/div>\n<div class=\"column\">FORMAT: 12&#215;24<br \/>\nPC\/BO\u00ceTES: 11.64<br \/>\nMCX\/BO\u00ceTES : 6<\/div>\n<p>&nbsp;<\/p>\n<div class=\"column\">FORMAT: 24&#215;24<br \/>\nPC\/BO\u00ceTES : 15.55<br \/>\nMCX\/BO\u00ceTES: 4<\/p>\n<\/div>\n<\/div>\n","protected":false},"excerpt":{"rendered":"<p id=\"tw-target-text\" class=\"tw-data-text tw-text-large tw-ta\" dir=\"ltr\" data-placeholder=\"Traduction\"><span class=\"Y2IQFc\" lang=\"fr\">Issu de la s\u00e9lection de pierres pr\u00e9cieuses de marbre, us\u00e9es par le temps, Velvet pr\u00e9sente des veines creuses, des d\u00e9pressions organiques. M\u00e9lange de diff\u00e9rents marbres avec une douce diff\u00e9rence d\u2019ombrage et de graphique.<\/span><\/p>\n<h4 style=\"margin-bottom: 10px;\">Choix de couleurs<\/h4>\n<p> <span id=\"color-name\"><\/span><\/p>\n<h4><img decoding=\"async\" class=\"alignnone size-full wp-image-1251\" onclick=\"displayColor('Almond');\" style=\"cursor: pointer;\" src=\"https:\/\/artaceramic.com\/wp-content\/uploads\/tiles\/EdimaxVelvet-swatch-almond.jpg\" alt=\"Almond\" width=\"80\" height=\"80\" \/> <img decoding=\"async\" class=\"alignnone size-full wp-image-1251\" onclick=\"displayColor('Grey');\" style=\"cursor: pointer;\" src=\"https:\/\/artaceramic.com\/wp-content\/uploads\/tiles\/EdimaxVelvet-swatch-grey.jpg\" alt=\"Grey\" width=\"80\" height=\"80\" \/> <img decoding=\"async\" class=\"alignnone size-full wp-image-1251\" onclick=\"displayColor('White');\" style=\"cursor: pointer;\" src=\"https:\/\/artaceramic.com\/wp-content\/uploads\/tiles\/EdimaxVelvet-swatch-white.jpg\" alt=\"White\" width=\"80\" height=\"80\" \/><\/h4>\n","protected":false},"featured_media":19264,"template":"","meta":[],"product_brand":[],"product_cat":[66,100],"product_tag":[],"class_list":{"0":"post-7276","1":"product","2":"type-product","3":"status-publish","4":"has-post-thumbnail","6":"product_cat-carreaux","7":"product_cat-ceramique-et-porcelaine","8":"pa_colors-beige-fr","9":"pa_colors-blanc","10":"pa_colors-gris","11":"pa_sizes-12x24-fr","12":"pa_sizes-24x24-fr","13":"pa_sizes-4x24-fr","15":"first","16":"instock","17":"shipping-taxable","18":"product-type-simple"},"_links":{"self":[{"href":"https:\/\/artaceramic.com\/fr\/wp-json\/wp\/v2\/product\/7276","targetHints":{"allow":["GET"]}}],"collection":[{"href":"https:\/\/artaceramic.com\/fr\/wp-json\/wp\/v2\/product"}],"about":[{"href":"https:\/\/artaceramic.com\/fr\/wp-json\/wp\/v2\/types\/product"}],"wp:featuredmedia":[{"embeddable":true,"href":"https:\/\/artaceramic.com\/fr\/wp-json\/wp\/v2\/media\/19264"}],"wp:attachment":[{"href":"https:\/\/artaceramic.com\/fr\/wp-json\/wp\/v2\/media?parent=7276"}],"wp:term":[{"taxonomy":"product_brand","embeddable":true,"href":"https:\/\/artaceramic.com\/fr\/wp-json\/wp\/v2\/product_brand?post=7276"},{"taxonomy":"product_cat","embeddable":true,"href":"https:\/\/artaceramic.com\/fr\/wp-json\/wp\/v2\/product_cat?post=7276"},{"taxonomy":"product_tag","embeddable":true,"href":"https:\/\/artaceramic.com\/fr\/wp-json\/wp\/v2\/product_tag?post=7276"}],"curies":[{"name":"wp","href":"https:\/\/api.w.org\/{rel}","templated":true}]}}