{"id":6777,"date":"2019-05-09T17:58:49","date_gmt":"2019-05-09T17:58:49","guid":{"rendered":"http:\/\/devoted-cheesecake.flywheelsites.com\/product\/othello\/"},"modified":"2022-05-25T07:17:49","modified_gmt":"2022-05-25T11:17:49","slug":"othello","status":"publish","type":"product","link":"https:\/\/artaceramic.com\/fr\/produit\/othello\/","title":{"rendered":"Othello"},"content":{"rendered":"<div class=\"row\">\n<div class=\"column\">\nFORMAT\/SIZE: 8X48<br \/>\nPC\/BO\u00ceTES \u2022 SF\/ BOX: <br \/>\nMCX\/BO\u00ceTES \u2022 EA\/ BOX: <br \/>\nGRADE: <br \/>\nVARIATION:\n<\/div>\n<div class=\"column\"><\/div>\n<\/div>\n<h4>Couleurs disponibles<\/h4>\n<ul class=\"colors\">\n<li>Othello Brown<\/li>\n<li>Othello Charcoal<\/li>\n<li>Othello DarkGrey<\/li>\n<li>Othello Clay Grip<\/li>\n<\/ul>\n","protected":false},"excerpt":{"rendered":"<p>L&rsquo;effet naturel du bois sans incertitudes, huit variations de couleurs en un seul format. La collection Othello explore le th\u00e8me du bois naturel, en l&rsquo;enrichissant d&rsquo;un effet d\u00e9capage d\u00e9licat. Une touche imperceptible et \u00e0 peine sugg\u00e9r\u00e9e, qui opacifie la surface et la rend douce et \u00e9l\u00e9gante.<\/p>\n<h4 style=\"margin-bottom: 10px;\">Choix de couleurs<\/h4>\n<p><span id=\"color-name\"><\/span><\/p>\n<h4><img decoding=\"async\" class=\"alignnone size-full wp-image-1251\" src=\"https:\/\/artaceramic.com\/wp-content\/uploads\/tiles\/swatch-Othello-Brown.jpg\" alt=\"BROWN\" width=\"80\" height=\"80\" onclick=\"displayColor('BROWN');\" style=\"cursor: pointer;\"\/> <img decoding=\"async\" class=\"alignnone size-full wp-image-1251\" src=\"https:\/\/artaceramic.com\/wp-content\/uploads\/tiles\/swatch-Othello-Charcoal.jpg\" alt=\"Charcoal\" width=\"80\" height=\"80\" onclick=\"displayColor('CHARCOAL');\" style=\"cursor: pointer;\"\/> <img decoding=\"async\" class=\"alignnone size-full wp-image-1251\" src=\"https:\/\/artaceramic.com\/wp-content\/uploads\/tiles\/swatch-Othello-clay.jpg\" alt=\"CLAY\" width=\"80\" height=\"80\" onclick=\"displayColor('CLAY');\" style=\"cursor: pointer;\"\/> <img loading=\"lazy\" decoding=\"async\" class=\"alignnone size-full wp-image-1251\" src=\"https:\/\/artaceramic.com\/wp-content\/uploads\/tiles\/swatch-Othello-darkgrey.jpg\" alt=\"DARK GREY\" width=\"80\" height=\"80\" onclick=\"displayColor('DARK GREY');\" style=\"cursor: pointer;\"\/> <img loading=\"lazy\" decoding=\"async\" class=\"alignnone size-full wp-image-1251\" src=\"https:\/\/artaceramic.com\/wp-content\/uploads\/2022\/05\/Othello_White.jpg\" alt=\"WHITE\" width=\"80\" height=\"80\" onclick=\"displayColor('WHITE');\" style=\"cursor: pointer;\"\/><\/h4>\n<h4>Choix de formats<\/h4>\n<div class=\"row\">\n<div style=\"margin-left: 15px;\"><img decoding=\"async\" class=\"alignnone size-full wp-image-1251\" src=\"https:\/\/artaceramic.com\/wp-content\/uploads\/tiles\/othello-sizechart-8x48.png\" alt=\"Size Chart\" \/><\/div>\n<\/div>\n","protected":false},"featured_media":3337,"template":"","meta":[],"product_brand":[],"product_cat":[66,100],"product_tag":[],"class_list":{"0":"post-6777","1":"product","2":"type-product","3":"status-publish","4":"has-post-thumbnail","6":"product_cat-carreaux","7":"product_cat-ceramique-et-porcelaine","8":"pa_colors-beige-fr","9":"pa_colors-blanc","10":"pa_colors-brun","11":"pa_colors-gris","12":"pa_sizes-8x48-fr","14":"first","15":"instock","16":"shipping-taxable","17":"product-type-simple"},"_links":{"self":[{"href":"https:\/\/artaceramic.com\/fr\/wp-json\/wp\/v2\/product\/6777","targetHints":{"allow":["GET"]}}],"collection":[{"href":"https:\/\/artaceramic.com\/fr\/wp-json\/wp\/v2\/product"}],"about":[{"href":"https:\/\/artaceramic.com\/fr\/wp-json\/wp\/v2\/types\/product"}],"wp:featuredmedia":[{"embeddable":true,"href":"https:\/\/artaceramic.com\/fr\/wp-json\/wp\/v2\/media\/3337"}],"wp:attachment":[{"href":"https:\/\/artaceramic.com\/fr\/wp-json\/wp\/v2\/media?parent=6777"}],"wp:term":[{"taxonomy":"product_brand","embeddable":true,"href":"https:\/\/artaceramic.com\/fr\/wp-json\/wp\/v2\/product_brand?post=6777"},{"taxonomy":"product_cat","embeddable":true,"href":"https:\/\/artaceramic.com\/fr\/wp-json\/wp\/v2\/product_cat?post=6777"},{"taxonomy":"product_tag","embeddable":true,"href":"https:\/\/artaceramic.com\/fr\/wp-json\/wp\/v2\/product_tag?post=6777"}],"curies":[{"name":"wp","href":"https:\/\/api.w.org\/{rel}","templated":true}]}}