{"id":6691,"date":"2019-04-25T19:40:49","date_gmt":"2019-04-25T19:40:49","guid":{"rendered":"http:\/\/devoted-cheesecake.flywheelsites.com\/product\/florim-stonetech-4-0\/"},"modified":"2026-02-09T16:22:08","modified_gmt":"2026-02-09T21:22:08","slug":"florim-stonetech-4-0","status":"publish","type":"product","link":"https:\/\/artaceramic.com\/fr\/produit\/florim-stonetech-4-0\/","title":{"rendered":"Stonetech 4.0"},"content":{"rendered":"<div class=\"row\">\n<div class=\"column\">FORMAT\/SIZE: 24X24<br \/>\nPC\/BO\u00ceTES \u2022 SF\/ BOX: 11.65<br \/>\nMCX\/BO\u00ceTES \u2022 EA\/ BOX: 3<br \/>\nGRADE: 4<br \/>\nVARIATION: MOYENNE<\/div>\n<p>&nbsp;<\/p>\n<div class=\"column\">FORMAT\/SIZE: 24X48<br \/>\nPC\/BO\u00ceTES \u2022 SF\/ BOX: 15.51<br \/>\nMCX\/BO\u00ceTES \u2022 EA\/ BOX: 2<br \/>\nGRADE: 4<br \/>\nVARIATION: MOYENNE<\/div>\n<div class=\"column\"><\/div>\n<\/div>\n<h4>Couleurs disponibles<\/h4>\n<ul class=\"colors\">\n<li>STONTECH 4.0 STONE 01 MATTE<\/li>\n<li>STONTECH 4.0 STONE 01 GLOSSY<\/li>\n<li>STONTECH 4.0 STONE 01 GLOSSY 24X48<\/li>\n<li>STONTECH 4.0 STONE 02 MATTE<\/li>\n<li>STONTECH 4.0 STONE 06 MATTE<\/li>\n<\/ul>\n","protected":false},"excerpt":{"rendered":"<p>STONTECH 4.0 est pens\u00e9e pour r\u00e9pondre aux exigences les plus modernes de la grande architecture. La s\u00e9rie propose six inspirations de marbres et de pierres aux couleurs architecturales, chacune s&rsquo;exprimant \u00e0 travers le travail des surfaces : des finitions pour l&rsquo;int\u00e9rieur, pour l&rsquo;ext\u00e9rieur ainsi qu&rsquo;un cannet\u00e9, id\u00e9al pour les adeptes d&rsquo;une d\u00e9coration minimaliste et rationnelle.<\/p>\n<h4 style=\"margin-bottom: 10px;\">Choix de couleurs<\/h4>\n<p>&nbsp;<\/p>\n<h4><img decoding=\"async\" class=\"alignnone size-full wp-image-1251\" style=\"cursor: pointer;\" src=\"https:\/\/artaceramic.com\/wp-content\/uploads\/tiles\/tile-Stonetech01matt-swatches.jpg\" alt=\"Stonetech01matt\" width=\"80\" height=\"80\" \/> <img decoding=\"async\" class=\"alignnone size-full wp-image-1251\" style=\"cursor: pointer;\" src=\"https:\/\/artaceramic.com\/wp-content\/uploads\/tiles\/tile-Stonetech02-swatches.jpg\" alt=\"Stonetech02\" width=\"80\" height=\"80\" \/> <img decoding=\"async\" class=\"alignnone size-full wp-image-1251\" style=\"cursor: pointer;\" src=\"https:\/\/artaceramic.com\/wp-content\/uploads\/tiles\/tile-Stonetech04-swatches.jpg\" alt=\"Stonetech04\" width=\"80\" height=\"80\" \/> <img loading=\"lazy\" decoding=\"async\" class=\"alignnone size-full wp-image-1251\" style=\"cursor: pointer;\" src=\"https:\/\/artaceramic.com\/wp-content\/uploads\/2022\/05\/Stonetech-4.0-_-05.jpg\" alt=\"Stonetech04\" width=\"80\" height=\"80\" \/> <img loading=\"lazy\" decoding=\"async\" class=\"alignnone size-full wp-image-1251\" style=\"cursor: pointer;\" src=\"https:\/\/artaceramic.com\/wp-content\/uploads\/2022\/05\/Stonetech-4.0-_04.jpg\" alt=\"Stonetech04\" width=\"80\" height=\"80\" \/><\/h4>\n<h4>Choix de formats<\/h4>\n<div class=\"row\">\n<div style=\"margin-left: 15px;\"><img decoding=\"async\" class=\"alignnone size-full wp-image-1251\" src=\"https:\/\/artaceramic.com\/wp-content\/uploads\/tiles\/stonetech-sizechart.png\" alt=\"Size Chart\" \/><\/div>\n<\/div>\n","protected":false},"featured_media":6692,"template":"","meta":[],"product_brand":[],"product_cat":[66,100],"product_tag":[],"class_list":{"0":"post-6691","1":"product","2":"type-product","3":"status-publish","4":"has-post-thumbnail","6":"product_cat-carreaux","7":"product_cat-ceramique-et-porcelaine","8":"pa_colors-beige-fr","9":"pa_colors-blanc","10":"pa_colors-gris","11":"pa_colors-ivoire","12":"pa_colors-noir","13":"pa_sizes-24x24-fr","14":"pa_sizes-24x48-fr","15":"pa_thickness-9mm-fr","17":"first","18":"instock","19":"shipping-taxable","20":"product-type-simple"},"_links":{"self":[{"href":"https:\/\/artaceramic.com\/fr\/wp-json\/wp\/v2\/product\/6691","targetHints":{"allow":["GET"]}}],"collection":[{"href":"https:\/\/artaceramic.com\/fr\/wp-json\/wp\/v2\/product"}],"about":[{"href":"https:\/\/artaceramic.com\/fr\/wp-json\/wp\/v2\/types\/product"}],"wp:featuredmedia":[{"embeddable":true,"href":"https:\/\/artaceramic.com\/fr\/wp-json\/wp\/v2\/media\/6692"}],"wp:attachment":[{"href":"https:\/\/artaceramic.com\/fr\/wp-json\/wp\/v2\/media?parent=6691"}],"wp:term":[{"taxonomy":"product_brand","embeddable":true,"href":"https:\/\/artaceramic.com\/fr\/wp-json\/wp\/v2\/product_brand?post=6691"},{"taxonomy":"product_cat","embeddable":true,"href":"https:\/\/artaceramic.com\/fr\/wp-json\/wp\/v2\/product_cat?post=6691"},{"taxonomy":"product_tag","embeddable":true,"href":"https:\/\/artaceramic.com\/fr\/wp-json\/wp\/v2\/product_tag?post=6691"}],"curies":[{"name":"wp","href":"https:\/\/api.w.org\/{rel}","templated":true}]}}