{"id":6460,"date":"2026-03-31T14:13:22","date_gmt":"2026-03-31T18:13:22","guid":{"rendered":"http:\/\/devoted-cheesecake.flywheelsites.com\/product\/belgian-moon\/"},"modified":"2026-04-17T12:02:20","modified_gmt":"2026-04-17T16:02:20","slug":"belgian-moon","status":"publish","type":"product","link":"https:\/\/artaceramic.com\/fr\/produit\/belgian-moon\/","title":{"rendered":"Dali Chocolat 4&#215;4"},"content":{"rendered":"<h4>FORMAT :<\/h4>\n<p>4 \u00ab\u00a0x4\u00a0\u00bb<\/p>\n<h5>0,5 m\u00b2 \/ 5,38 sqft \/ BOX<\/h5>\n<h5>100mm x 100mm x 12mm \/ 4\u00a0\u00bb x 4\u00a0\u00bb<\/h5>\n<p><strong>Veuillez noter que<\/strong> de l\u00e9g\u00e8res variations de couleur, de teinte et de texture de surface sont des caract\u00e9ristiques inh\u00e9rentes \u00e0 la pierre naturelle et qu&rsquo;il faut s&rsquo;y attendre. Les images sont repr\u00e9sentatives, mais peuvent ne pas indiquer toutes les variations de ces caract\u00e9ristiques. <\/p>\n<p>&nbsp;<\/p>\n<p>***COMMANDE SP\u00c9CIALE***<\/p>\n","protected":false},"excerpt":{"rendered":"<p>Les carreaux Amano sont des beaut\u00e9s 100% faites et peintes \u00e0 la main, inspir\u00e9es par les finitions architecturales m\u00e9diterran\u00e9ennes.<\/p>\n<p>En utilisant des techniques traditionnelles et anciennes, nous apportons des carreaux personnalis\u00e9s et sp\u00e9cialis\u00e9s \u00e0 votre espace pour cr\u00e9er des \u0153uvres d&rsquo;art vivantes.<\/p>\n","protected":false},"featured_media":27477,"template":"","meta":[],"product_brand":[],"product_cat":[472,66,147,86],"product_tag":[],"class_list":{"0":"post-6460","1":"product","2":"type-product","3":"status-publish","4":"has-post-thumbnail","6":"product_cat-boutique","7":"product_cat-carreaux","8":"product_cat-nouveautes","9":"product_cat-pierre-naturelle","10":"pa_colors-beige-fr","11":"pa_colors-brun","12":"pa_colors-ivory","13":"pa_sizes-4x4-fr","15":"first","16":"instock","17":"shipping-taxable","18":"product-type-simple"},"_links":{"self":[{"href":"https:\/\/artaceramic.com\/fr\/wp-json\/wp\/v2\/product\/6460","targetHints":{"allow":["GET"]}}],"collection":[{"href":"https:\/\/artaceramic.com\/fr\/wp-json\/wp\/v2\/product"}],"about":[{"href":"https:\/\/artaceramic.com\/fr\/wp-json\/wp\/v2\/types\/product"}],"wp:featuredmedia":[{"embeddable":true,"href":"https:\/\/artaceramic.com\/fr\/wp-json\/wp\/v2\/media\/27477"}],"wp:attachment":[{"href":"https:\/\/artaceramic.com\/fr\/wp-json\/wp\/v2\/media?parent=6460"}],"wp:term":[{"taxonomy":"product_brand","embeddable":true,"href":"https:\/\/artaceramic.com\/fr\/wp-json\/wp\/v2\/product_brand?post=6460"},{"taxonomy":"product_cat","embeddable":true,"href":"https:\/\/artaceramic.com\/fr\/wp-json\/wp\/v2\/product_cat?post=6460"},{"taxonomy":"product_tag","embeddable":true,"href":"https:\/\/artaceramic.com\/fr\/wp-json\/wp\/v2\/product_tag?post=6460"}],"curies":[{"name":"wp","href":"https:\/\/api.w.org\/{rel}","templated":true}]}}