{"id":5019,"date":"2018-11-27T15:11:49","date_gmt":"2018-11-27T15:11:49","guid":{"rendered":"http:\/\/devoted-cheesecake.flywheelsites.com\/product\/sensi\/"},"modified":"2021-05-12T16:42:50","modified_gmt":"2021-05-12T16:42:50","slug":"sensi","status":"publish","type":"product","link":"https:\/\/artaceramic.com\/fr\/produit\/sensi\/","title":{"rendered":"Sensi"},"content":{"rendered":"<div class=\"row\">\n<div class=\"column\">\nFORMAT\/SIZE: 24&#215;48<br \/>\nPC\/BO\u00ceTES \u2022 SF\/ BOX: 23.27<br \/>\nMCX\/BO\u00ceTES \u2022 EA\/ BOX: 3<br \/>\nGRADE: 4<br \/>\nVARIATION: FORT\/STRONG\n<\/div>\n<div class=\"column\"><\/div>\n<div class=\"column\"><\/div>\n<\/div>\n<h4>Couleurs disponibles<\/h4>\n<ul class=\"colors\">\n<li>GRAND ANTIQUE<\/li>\n<\/ul>\n","protected":false},"excerpt":{"rendered":"<p>La nouvelle collection d\u2019ABK se compose de dalles de c\u00e9ramique de 7\u00a0mm d\u2019\u00e9paisseur produites au moyen de la technologie CONTINUA+. Gr\u00e2ce \u00e0 leur \u00e9paisseur r\u00e9duite et \u00e0 leur largeur, ces dalles conviennent parfaitement aux vastes espaces r\u00e9sidentiels et commerciaux, notamment aux volumes architecturaux con\u00e7us pour des utilisations personnalis\u00e9es.<\/p>\n<h4>Choix de couleurs<\/h4>\n<h4><img decoding=\"async\" class=\"alignnone size-full wp-image-1251\" src=\"https:\/\/artaceramic.com\/wp-content\/uploads\/tiles\/Sensi-swatch.jpg\" alt=\"Grand Antique\" width=\"80\" height=\"80\" \/><\/h4>\n<h4>Choix de formats<\/h4>\n<div class=\"row\">\n<div style=\"margin-left: 15px;\"><img decoding=\"async\" class=\"alignnone size-full wp-image-1251\" src=\"https:\/\/artaceramic.com\/wp-content\/uploads\/tiles\/sizechart-Sensi-vf.png\" alt=\"Size Chart\" \/><\/div>\n<\/div>\n","protected":false},"featured_media":1721,"template":"","meta":[],"product_brand":[],"product_cat":[66,100],"product_tag":[],"class_list":{"0":"post-5019","1":"product","2":"type-product","3":"status-publish","4":"has-post-thumbnail","6":"product_cat-carreaux","7":"product_cat-ceramique-et-porcelaine","8":"pa_colors-blanc","9":"pa_colors-noir","10":"pa_sizes-24x48-fr","12":"first","13":"instock","14":"shipping-taxable","15":"product-type-simple"},"_links":{"self":[{"href":"https:\/\/artaceramic.com\/fr\/wp-json\/wp\/v2\/product\/5019","targetHints":{"allow":["GET"]}}],"collection":[{"href":"https:\/\/artaceramic.com\/fr\/wp-json\/wp\/v2\/product"}],"about":[{"href":"https:\/\/artaceramic.com\/fr\/wp-json\/wp\/v2\/types\/product"}],"wp:featuredmedia":[{"embeddable":true,"href":"https:\/\/artaceramic.com\/fr\/wp-json\/wp\/v2\/media\/1721"}],"wp:attachment":[{"href":"https:\/\/artaceramic.com\/fr\/wp-json\/wp\/v2\/media?parent=5019"}],"wp:term":[{"taxonomy":"product_brand","embeddable":true,"href":"https:\/\/artaceramic.com\/fr\/wp-json\/wp\/v2\/product_brand?post=5019"},{"taxonomy":"product_cat","embeddable":true,"href":"https:\/\/artaceramic.com\/fr\/wp-json\/wp\/v2\/product_cat?post=5019"},{"taxonomy":"product_tag","embeddable":true,"href":"https:\/\/artaceramic.com\/fr\/wp-json\/wp\/v2\/product_tag?post=5019"}],"curies":[{"name":"wp","href":"https:\/\/api.w.org\/{rel}","templated":true}]}}