{"id":5002,"date":"2018-11-27T14:34:11","date_gmt":"2018-11-27T14:34:11","guid":{"rendered":"http:\/\/devoted-cheesecake.flywheelsites.com\/product\/energy\/"},"modified":"2025-03-31T11:44:16","modified_gmt":"2025-03-31T15:44:16","slug":"energy","status":"publish","type":"product","link":"https:\/\/artaceramic.com\/fr\/produit\/energy\/","title":{"rendered":"Energy"},"content":{"rendered":"<div class=\"row\">\n<div class=\"column\">FORMAT\/SIZE: 12&#215;48<br \/>\nPC\/BO\u00ceTES \u2022 SF\/ BOX: 15.51<br \/>\nMCX\/BO\u00ceTES \u2022 EA\/ BOX: 4<br \/>\nGRADE: WALL<br \/>\nVARIATION: &#8211;<\/div>\n<div class=\"column\"><\/div>\n<div class=\"column\"><\/div>\n<\/div>\n<h4>Couleurs disponibles<\/h4>\n<ul class=\"colors\">\n<li>SPATULA MILK<\/li>\n<li>SHABBY MILK<\/li>\n<\/ul>\n","protected":false},"excerpt":{"rendered":"<p>Les projets de c\u00e9ramique ARIANA font partie d\u2019un ensemble de dimensions modulaires rectifi\u00e9es \u00e0 calibre unique qui permettent une utilisation coordonn\u00e9e de diff\u00e9rentes collections. Ariana a aussi exploit\u00e9 sa sensibilit\u00e9 stylistique afin de choisir les couleurs et les nuances convenant le mieux \u00e0 ces nouvelles combinaisons int\u00e9ressantes de mat\u00e9riaux.<\/p>\n<h4>Choix de couleurs<\/h4>\n<h4><img decoding=\"async\" class=\"alignnone size-full wp-image-1251\" src=\"https:\/\/artaceramic.com\/wp-content\/uploads\/tiles\/EnergySpatula-milk.jpg\" alt=\"Milk\" width=\"80\" height=\"80\" \/> <img decoding=\"async\" class=\"alignnone size-full wp-image-1251\" src=\"https:\/\/artaceramic.com\/wp-content\/uploads\/tiles\/EnergyShabby-milk-1.jpg\" alt=\"Milk\" width=\"80\" height=\"80\" \/><\/h4>\n<h4>Choix de formats<\/h4>\n<div class=\"row\">\n<div style=\"margin-left: 15px;\"><img decoding=\"async\" class=\"alignnone size-full wp-image-1251\" src=\"https:\/\/artaceramic.com\/wp-content\/uploads\/tiles\/sizechart-EnergySpatula-vf.png\" alt=\"Size Chart\" \/><\/div>\n<\/div>\n","protected":false},"featured_media":1704,"template":"","meta":[],"product_brand":[],"product_cat":[66,80,100],"product_tag":[],"class_list":{"0":"post-5002","1":"product","2":"type-product","3":"status-publish","4":"has-post-thumbnail","6":"product_cat-carreaux","7":"product_cat-carreaux-muraux","8":"product_cat-ceramique-et-porcelaine","9":"pa_colors-blanc","10":"pa_sizes-12x48","12":"first","13":"instock","14":"shipping-taxable","15":"product-type-simple"},"_links":{"self":[{"href":"https:\/\/artaceramic.com\/fr\/wp-json\/wp\/v2\/product\/5002","targetHints":{"allow":["GET"]}}],"collection":[{"href":"https:\/\/artaceramic.com\/fr\/wp-json\/wp\/v2\/product"}],"about":[{"href":"https:\/\/artaceramic.com\/fr\/wp-json\/wp\/v2\/types\/product"}],"wp:featuredmedia":[{"embeddable":true,"href":"https:\/\/artaceramic.com\/fr\/wp-json\/wp\/v2\/media\/1704"}],"wp:attachment":[{"href":"https:\/\/artaceramic.com\/fr\/wp-json\/wp\/v2\/media?parent=5002"}],"wp:term":[{"taxonomy":"product_brand","embeddable":true,"href":"https:\/\/artaceramic.com\/fr\/wp-json\/wp\/v2\/product_brand?post=5002"},{"taxonomy":"product_cat","embeddable":true,"href":"https:\/\/artaceramic.com\/fr\/wp-json\/wp\/v2\/product_cat?post=5002"},{"taxonomy":"product_tag","embeddable":true,"href":"https:\/\/artaceramic.com\/fr\/wp-json\/wp\/v2\/product_tag?post=5002"}],"curies":[{"name":"wp","href":"https:\/\/api.w.org\/{rel}","templated":true}]}}