{"id":28048,"date":"2026-02-09T22:03:12","date_gmt":"2026-02-10T03:03:12","guid":{"rendered":"https:\/\/artaceramic.com\/product\/pierre-de-lune\/"},"modified":"2026-05-12T17:16:50","modified_gmt":"2026-05-12T21:16:50","slug":"pierre-de-lune","status":"publish","type":"product","link":"https:\/\/artaceramic.com\/fr\/produit\/pierre-de-lune\/","title":{"rendered":"Pierre de lune"},"content":{"rendered":"<h4>TAILLES DISPONIBLES :<\/h4>\n<p>FORMAT :<\/p>\n<p>24 X 24<\/p>\n<p>sf\/bo\u00eete : 11.65<\/p>\n<p>Pi\u00e8ces\/bo\u00eete : 3<\/p>\n","protected":false},"excerpt":{"rendered":"<p class=\"text text-center mb-4\">La collection Moonstone s&rsquo;inspire de la pr\u00e9cieuse ardoise des carri\u00e8res historiques des Alpes du Val Brembana, r\u00e9put\u00e9e pour son veinage unique et son caract\u00e8re distinctif. Ce type d&rsquo;ardoise rend hommage \u00e0 la beaut\u00e9 et \u00e0 la sophistication des paysages naturels. La pierre de lune \u00e9voque l&rsquo;aspect \u00e9nigmatique et captivant des paysages lunaires, cr\u00e9ant une atmosph\u00e8re de myst\u00e8re et de raffinement. Ses couleurs et ses finitions sont con\u00e7ues pour refl\u00e9ter l&rsquo;\u00e9l\u00e9gance et la qualit\u00e9 des mondes rocheux, donnant \u00e0 chaque espace une touche de naturel sublime et un sentiment d&rsquo;exclusivit\u00e9.   <\/p>\n","protected":false},"featured_media":28034,"template":"","meta":[],"product_brand":[],"product_cat":[66,100,147],"product_tag":[],"class_list":{"0":"post-28048","1":"product","2":"type-product","3":"status-publish","4":"has-post-thumbnail","6":"product_cat-carreaux","7":"product_cat-ceramique-et-porcelaine","8":"product_cat-nouveautes","9":"pa_colors-beige-fr","10":"pa_colors-blanc","11":"pa_colors-brun","12":"pa_colors-greige-fr","13":"pa_colors-gris","14":"pa_colors-ivory","15":"pa_colors-noir","16":"pa_colors-taupe-fr","17":"pa_product-colors-blanc","18":"pa_product-colors-creme","19":"pa_product-colors-cristal","20":"pa_product-colors-grey","21":"pa_product-colors-marron","22":"pa_product-colors-noir","23":"pa_product-colors-taupe","24":"pa_sizes-24x24-fr","25":"pa_thickness-10mm-fr","27":"first","28":"instock","29":"shipping-taxable","30":"product-type-simple"},"_links":{"self":[{"href":"https:\/\/artaceramic.com\/fr\/wp-json\/wp\/v2\/product\/28048","targetHints":{"allow":["GET"]}}],"collection":[{"href":"https:\/\/artaceramic.com\/fr\/wp-json\/wp\/v2\/product"}],"about":[{"href":"https:\/\/artaceramic.com\/fr\/wp-json\/wp\/v2\/types\/product"}],"wp:featuredmedia":[{"embeddable":true,"href":"https:\/\/artaceramic.com\/fr\/wp-json\/wp\/v2\/media\/28034"}],"wp:attachment":[{"href":"https:\/\/artaceramic.com\/fr\/wp-json\/wp\/v2\/media?parent=28048"}],"wp:term":[{"taxonomy":"product_brand","embeddable":true,"href":"https:\/\/artaceramic.com\/fr\/wp-json\/wp\/v2\/product_brand?post=28048"},{"taxonomy":"product_cat","embeddable":true,"href":"https:\/\/artaceramic.com\/fr\/wp-json\/wp\/v2\/product_cat?post=28048"},{"taxonomy":"product_tag","embeddable":true,"href":"https:\/\/artaceramic.com\/fr\/wp-json\/wp\/v2\/product_tag?post=28048"}],"curies":[{"name":"wp","href":"https:\/\/api.w.org\/{rel}","templated":true}]}}