{"id":27268,"date":"2026-04-01T15:46:41","date_gmt":"2026-04-01T19:46:41","guid":{"rendered":"https:\/\/artaceramic.com\/?post_type=product&#038;p=27268"},"modified":"2026-04-13T14:34:49","modified_gmt":"2026-04-13T18:34:49","slug":"vonn","status":"publish","type":"product","link":"https:\/\/artaceramic.com\/fr\/produit\/vonn\/","title":{"rendered":"Vonn"},"content":{"rendered":"","protected":false},"excerpt":{"rendered":"<section class=\"text-token-text-primary w-full focus:outline-none [--shadow-height:45px] has-data-writing-block:pointer-events-none has-data-writing-block:-mt-(--shadow-height) has-data-writing-block:pt-(--shadow-height) [&amp;:has([data-writing-block])&gt;*]:pointer-events-auto scroll-mt-(--header-height)\" dir=\"auto\" data-turn-id=\"4f5a4d08-66d6-43ed-8a24-7d2f3cc8b6f0\" data-testid=\"conversation-turn-47\" data-scroll-anchor=\"false\" data-turn=\"user\"><\/section>\n<section class=\"text-token-text-primary w-full focus:outline-none [--shadow-height:45px] has-data-writing-block:pointer-events-none has-data-writing-block:-mt-(--shadow-height) has-data-writing-block:pt-(--shadow-height) [&amp;:has([data-writing-block])&gt;*]:pointer-events-auto scroll-mt-[calc(var(--header-height)+min(200px,max(70px,20svh)))]\" dir=\"auto\" data-turn-id=\"request-WEB:c201398c-dfa5-47fe-bf84-a0733e9ed818-23\" data-testid=\"conversation-turn-48\" data-scroll-anchor=\"true\" data-turn=\"assistant\">\n<div class=\"text-base my-auto mx-auto pb-10 [--thread-content-margin:var(--thread-content-margin-xs,calc(var(--spacing)*4))] @w-sm\/main:[--thread-content-margin:var(--thread-content-margin-sm,calc(var(--spacing)*6))] @w-lg\/main:[--thread-content-margin:var(--thread-content-margin-lg,calc(var(--spacing)*16))] px-(--thread-content-margin)\">\n<div class=\"[--thread-content-max-width:40rem] @w-lg\/main:[--thread-content-max-width:48rem] mx-auto max-w-(--thread-content-max-width) flex-1 group\/turn-messages focus-visible:outline-hidden relative flex w-full min-w-0 flex-col agent-turn\">\n<div class=\"flex max-w-full flex-col gap-4 grow\">\n<div class=\"min-h-8 text-message relative flex w-full flex-col items-end gap-2 text-start break-words whitespace-normal outline-none keyboard-focused:focus-ring [.text-message+&amp;]:mt-1\" dir=\"auto\" tabindex=\"0\" data-message-author-role=\"assistant\" data-message-id=\"f0bb440c-696d-4109-9a40-bbb0ac13391d\" data-message-model-slug=\"gpt-5-3\" data-turn-start-message=\"true\">\n<div class=\"flex w-full flex-col gap-1 empty:hidden\">\n<div class=\"markdown prose dark:prose-invert w-full wrap-break-word dark markdown-new-styling\">\n<p data-start=\"0\" data-end=\"713\">La collection Vonn s\u2019inspire de la beaut\u00e9 discr\u00e8te de la pierre naturelle, apportant un caract\u00e8re raffin\u00e9 et contemporain \u00e0 tout espace int\u00e9rieur. Avec ses subtiles variations de tons et son aspect de surface \u00e9l\u00e9gant, Vonn capture l\u2019essence de la sophistication moderne tout en conservant l\u2019authenticit\u00e9 d\u2019un design inspir\u00e9 de la nature. Ses textures \u00e9quilibr\u00e9es et ses finitions d\u00e9licates sont soigneusement con\u00e7ues pour sublimer aussi bien les environnements r\u00e9sidentiels que commerciaux, offrant une atmosph\u00e8re intemporelle alliant style, confort et polyvalence. Con\u00e7ue pour s\u2019harmoniser avec une grande vari\u00e9t\u00e9 d\u2019esth\u00e9tiques, Vonn apporte profondeur, \u00e9l\u00e9gance et une sensation de luxe discret \u00e0 chaque espace.<\/p>\n<p data-start=\"715\" data-end=\"737\" data-is-last-node=\"\" data-is-only-node=\"\">COULEURS DISPONIBLES :<\/p>\n<\/div>\n<\/div>\n<\/div>\n<\/div>\n<\/div>\n<\/div>\n<\/section>\n<p><a href=\"https:\/\/artaceramic.com\/wp-content\/uploads\/2026\/04\/35_VONN_ANTHRACITE_NATURAL_60X120_-P02_-72PP-scaled.jpg\"><img decoding=\"async\" class=\"alignnone wp-image-26042\" src=\"https:\/\/artaceramic.com\/wp-content\/uploads\/2026\/04\/35_VONN_ANTHRACITE_NATURAL_60X120_-P02_-72PP-1024x512.jpg\" alt=\"\" width=\"151\" height=\"76\" srcset=\"https:\/\/artaceramic.com\/wp-content\/uploads\/2026\/04\/35_VONN_ANTHRACITE_NATURAL_60X120_-P02_-72PP-1024x512.jpg 1024w, https:\/\/artaceramic.com\/wp-content\/uploads\/2026\/04\/35_VONN_ANTHRACITE_NATURAL_60X120_-P02_-72PP-768x384.jpg 768w, https:\/\/artaceramic.com\/wp-content\/uploads\/2026\/04\/35_VONN_ANTHRACITE_NATURAL_60X120_-P02_-72PP-1536x768.jpg 1536w, https:\/\/artaceramic.com\/wp-content\/uploads\/2026\/04\/35_VONN_ANTHRACITE_NATURAL_60X120_-P02_-72PP-2048x1024.jpg 2048w\" sizes=\"(max-width: 151px) 100vw, 151px\" \/><\/a> <a href=\"https:\/\/artaceramic.com\/wp-content\/uploads\/2026\/04\/35_VONN_GREIGE_NATURAL_60X120_-P01_-72PP-scaled.jpg\"><img decoding=\"async\" class=\"alignnone wp-image-26053\" src=\"https:\/\/artaceramic.com\/wp-content\/uploads\/2026\/04\/35_VONN_GREIGE_NATURAL_60X120_-P01_-72PP-1024x512.jpg\" alt=\"\" width=\"151\" height=\"76\" srcset=\"https:\/\/artaceramic.com\/wp-content\/uploads\/2026\/04\/35_VONN_GREIGE_NATURAL_60X120_-P01_-72PP-1024x512.jpg 1024w, https:\/\/artaceramic.com\/wp-content\/uploads\/2026\/04\/35_VONN_GREIGE_NATURAL_60X120_-P01_-72PP-768x384.jpg 768w, https:\/\/artaceramic.com\/wp-content\/uploads\/2026\/04\/35_VONN_GREIGE_NATURAL_60X120_-P01_-72PP-1536x768.jpg 1536w, https:\/\/artaceramic.com\/wp-content\/uploads\/2026\/04\/35_VONN_GREIGE_NATURAL_60X120_-P01_-72PP-2048x1024.jpg 2048w\" sizes=\"(max-width: 151px) 100vw, 151px\" \/><\/a> <img decoding=\"async\" class=\"alignnone wp-image-26055\" src=\"https:\/\/artaceramic.com\/wp-content\/uploads\/2026\/04\/35_VONN_GREY_NATURAL_60X120_-P02_-72PP-1024x512.jpg\" alt=\"\" width=\"151\" height=\"76\" srcset=\"https:\/\/artaceramic.com\/wp-content\/uploads\/2026\/04\/35_VONN_GREY_NATURAL_60X120_-P02_-72PP-1024x512.jpg 1024w, https:\/\/artaceramic.com\/wp-content\/uploads\/2026\/04\/35_VONN_GREY_NATURAL_60X120_-P02_-72PP-768x384.jpg 768w, https:\/\/artaceramic.com\/wp-content\/uploads\/2026\/04\/35_VONN_GREY_NATURAL_60X120_-P02_-72PP-1536x768.jpg 1536w, https:\/\/artaceramic.com\/wp-content\/uploads\/2026\/04\/35_VONN_GREY_NATURAL_60X120_-P02_-72PP-2048x1024.jpg 2048w\" sizes=\"(max-width: 151px) 100vw, 151px\" \/> <a href=\"https:\/\/artaceramic.com\/wp-content\/uploads\/2026\/04\/VONN_LOOM_LIGHT_60X120_P01_-72PP-scaled.jpg\"><img loading=\"lazy\" decoding=\"async\" class=\"alignnone wp-image-26071\" src=\"https:\/\/artaceramic.com\/wp-content\/uploads\/2026\/04\/VONN_LOOM_LIGHT_60X120_P01_-72PP-1024x512.jpg\" alt=\"\" width=\"151\" height=\"76\" srcset=\"https:\/\/artaceramic.com\/wp-content\/uploads\/2026\/04\/VONN_LOOM_LIGHT_60X120_P01_-72PP-1024x512.jpg 1024w, https:\/\/artaceramic.com\/wp-content\/uploads\/2026\/04\/VONN_LOOM_LIGHT_60X120_P01_-72PP-768x384.jpg 768w, https:\/\/artaceramic.com\/wp-content\/uploads\/2026\/04\/VONN_LOOM_LIGHT_60X120_P01_-72PP-1536x768.jpg 1536w, https:\/\/artaceramic.com\/wp-content\/uploads\/2026\/04\/VONN_LOOM_LIGHT_60X120_P01_-72PP-2048x1024.jpg 2048w\" sizes=\"(max-width: 151px) 100vw, 151px\" \/><\/a><\/p>\n<section class=\"text-token-text-primary w-full focus:outline-none [--shadow-height:45px] has-data-writing-block:pointer-events-none has-data-writing-block:-mt-(--shadow-height) has-data-writing-block:pt-(--shadow-height) [&amp;:has([data-writing-block])&gt;*]:pointer-events-auto scroll-mt-(--header-height)\" dir=\"auto\" data-turn-id=\"d2b026ab-1fc2-475d-aa0b-9470aba27b95\" data-testid=\"conversation-turn-45\" data-scroll-anchor=\"false\" data-turn=\"user\"><\/section>\n<section class=\"text-token-text-primary w-full focus:outline-none [--shadow-height:45px] has-data-writing-block:pointer-events-none has-data-writing-block:-mt-(--shadow-height) has-data-writing-block:pt-(--shadow-height) [&amp;:has([data-writing-block])&gt;*]:pointer-events-auto scroll-mt-[calc(var(--header-height)+min(200px,max(70px,20svh)))]\" dir=\"auto\" data-turn-id=\"request-WEB:c201398c-dfa5-47fe-bf84-a0733e9ed818-22\" data-testid=\"conversation-turn-46\" data-scroll-anchor=\"true\" data-turn=\"assistant\">\n<div class=\"text-base my-auto mx-auto pb-10 [--thread-content-margin:var(--thread-content-margin-xs,calc(var(--spacing)*4))] @w-sm\/main:[--thread-content-margin:var(--thread-content-margin-sm,calc(var(--spacing)*6))] @w-lg\/main:[--thread-content-margin:var(--thread-content-margin-lg,calc(var(--spacing)*16))] px-(--thread-content-margin)\">\n<div class=\"[--thread-content-max-width:40rem] @w-lg\/main:[--thread-content-max-width:48rem] mx-auto max-w-(--thread-content-max-width) flex-1 group\/turn-messages focus-visible:outline-hidden relative flex w-full min-w-0 flex-col agent-turn\">\n<div class=\"flex max-w-full flex-col gap-4 grow\">\n<div class=\"min-h-8 text-message relative flex w-full flex-col items-end gap-2 text-start break-words whitespace-normal outline-none keyboard-focused:focus-ring [.text-message+&amp;]:mt-1\" dir=\"auto\" tabindex=\"0\" data-message-author-role=\"assistant\" data-message-id=\"9bc8a7e5-65bd-419e-bf90-eebd386e0adc\" data-message-model-slug=\"gpt-5-3\" data-turn-start-message=\"true\">\n<div class=\"flex w-full flex-col gap-1 empty:hidden\">\n<div class=\"markdown prose dark:prose-invert w-full wrap-break-word dark markdown-new-styling\">\n<p data-start=\"0\" data-end=\"39\" data-is-last-node=\"\" data-is-only-node=\"\">\u00a0 \u00a0 \u00a0 \u00a0 \u00a0Anthracite\u2003\u2003\u2003\u2003\u00a0 \u00a0 \u00a0 \u00a0\u2003Gr\u00e8ge\u2003\u2003\u2003\u2003\u00a0 \u00a0 \u00a0 \u00a0 \u00a0 \u00a0 \u00a0 \u00a0 \u2003Gris\u2003\u2003\u2003\u00a0 \u00a0\u2003\u00a0 \u00a0 \u00a0 \u00a0 \u00a0 \u00a0\u2003Clair<\/p>\n<\/div>\n<\/div>\n<\/div>\n<\/div>\n<\/div>\n<\/div>\n<\/section>\n<p>&nbsp;<\/p>\n","protected":false},"featured_media":27444,"template":"","meta":[],"product_brand":[],"product_cat":[66,100,147],"product_tag":[],"class_list":{"0":"post-27268","1":"product","2":"type-product","3":"status-publish","4":"has-post-thumbnail","6":"product_cat-carreaux","7":"product_cat-ceramique-et-porcelaine","8":"product_cat-nouveautes","10":"first","11":"instock","12":"shipping-taxable","13":"product-type-simple"},"_links":{"self":[{"href":"https:\/\/artaceramic.com\/fr\/wp-json\/wp\/v2\/product\/27268","targetHints":{"allow":["GET"]}}],"collection":[{"href":"https:\/\/artaceramic.com\/fr\/wp-json\/wp\/v2\/product"}],"about":[{"href":"https:\/\/artaceramic.com\/fr\/wp-json\/wp\/v2\/types\/product"}],"wp:featuredmedia":[{"embeddable":true,"href":"https:\/\/artaceramic.com\/fr\/wp-json\/wp\/v2\/media\/27444"}],"wp:attachment":[{"href":"https:\/\/artaceramic.com\/fr\/wp-json\/wp\/v2\/media?parent=27268"}],"wp:term":[{"taxonomy":"product_brand","embeddable":true,"href":"https:\/\/artaceramic.com\/fr\/wp-json\/wp\/v2\/product_brand?post=27268"},{"taxonomy":"product_cat","embeddable":true,"href":"https:\/\/artaceramic.com\/fr\/wp-json\/wp\/v2\/product_cat?post=27268"},{"taxonomy":"product_tag","embeddable":true,"href":"https:\/\/artaceramic.com\/fr\/wp-json\/wp\/v2\/product_tag?post=27268"}],"curies":[{"name":"wp","href":"https:\/\/api.w.org\/{rel}","templated":true}]}}