{"id":27267,"date":"2026-03-31T14:23:14","date_gmt":"2026-03-31T18:23:14","guid":{"rendered":"https:\/\/artaceramic.com\/?post_type=product&#038;p=27267"},"modified":"2026-04-13T14:25:15","modified_gmt":"2026-04-13T18:25:15","slug":"tres-chocolate-4x3","status":"publish","type":"product","link":"https:\/\/artaceramic.com\/fr\/produit\/tres-chocolate-4x3\/","title":{"rendered":"Tres Chocolate 4&#215;3"},"content":{"rendered":"<p data-start=\"0\" data-end=\"8\"><strong>FORMAT :<\/strong><\/p>\n<p data-start=\"10\" data-end=\"17\">4&Prime; x 3&Prime;<\/p>\n<p data-start=\"19\" data-end=\"93\">Mat\u00e9riau : carreaux en argile faits main<br data-start=\"59\" data-end=\"62\" \/>Finition : c\u00e9ramique \u00e9maill\u00e9e<\/p>\n<p data-start=\"95\" data-end=\"218\">Dimensions du carreau : 100 mm x 80 mm x 12 mm \/ 4&Prime; x 3,1&Prime;<br data-start=\"153\" data-end=\"156\" \/>Chaque carton couvre 1 m\u00e8tre lin\u00e9aire \/ 3,28 pieds lin\u00e9aires<\/p>\n<p data-start=\"220\" data-end=\"243\" data-is-last-node=\"\" data-is-only-node=\"\">COMMANDE SP\u00c9CIALE<\/p>\n","protected":false},"excerpt":{"rendered":"<p data-start=\"0\" data-end=\"130\">Les carreaux Amano sont des cr\u00e9ations 100 % faites et peintes \u00e0 la main, inspir\u00e9es des finitions architecturales m\u00e9diterran\u00e9ennes.<\/p>\n<p data-start=\"132\" data-end=\"310\" data-is-last-node=\"\" data-is-only-node=\"\">Gr\u00e2ce \u00e0 des techniques traditionnelles et ancestrales, nous proposons des carreaux sur mesure et sp\u00e9cialis\u00e9s pour votre espace, afin de cr\u00e9er de v\u00e9ritables \u0153uvres d\u2019art vivantes.<\/p>\n","protected":false},"featured_media":27471,"template":"","meta":[],"product_brand":[],"product_cat":[472,66,147,86],"product_tag":[],"class_list":{"0":"post-27267","1":"product","2":"type-product","3":"status-publish","4":"has-post-thumbnail","6":"product_cat-boutique","7":"product_cat-carreaux","8":"product_cat-nouveautes","9":"product_cat-pierre-naturelle","10":"pa_colors-beige-fr","11":"pa_colors-brun","12":"pa_colors-ivory","13":"pa_sizes-4x4-fr","15":"first","16":"instock","17":"shipping-taxable","18":"product-type-simple"},"_links":{"self":[{"href":"https:\/\/artaceramic.com\/fr\/wp-json\/wp\/v2\/product\/27267","targetHints":{"allow":["GET"]}}],"collection":[{"href":"https:\/\/artaceramic.com\/fr\/wp-json\/wp\/v2\/product"}],"about":[{"href":"https:\/\/artaceramic.com\/fr\/wp-json\/wp\/v2\/types\/product"}],"wp:featuredmedia":[{"embeddable":true,"href":"https:\/\/artaceramic.com\/fr\/wp-json\/wp\/v2\/media\/27471"}],"wp:attachment":[{"href":"https:\/\/artaceramic.com\/fr\/wp-json\/wp\/v2\/media?parent=27267"}],"wp:term":[{"taxonomy":"product_brand","embeddable":true,"href":"https:\/\/artaceramic.com\/fr\/wp-json\/wp\/v2\/product_brand?post=27267"},{"taxonomy":"product_cat","embeddable":true,"href":"https:\/\/artaceramic.com\/fr\/wp-json\/wp\/v2\/product_cat?post=27267"},{"taxonomy":"product_tag","embeddable":true,"href":"https:\/\/artaceramic.com\/fr\/wp-json\/wp\/v2\/product_tag?post=27267"}],"curies":[{"name":"wp","href":"https:\/\/api.w.org\/{rel}","templated":true}]}}