{"id":27265,"date":"2026-03-31T14:05:17","date_gmt":"2026-03-31T18:05:17","guid":{"rendered":"https:\/\/artaceramic.com\/?post_type=product&#038;p=27265"},"modified":"2026-04-13T14:21:11","modified_gmt":"2026-04-13T18:21:11","slug":"limestone-atlas-4x4","status":"publish","type":"product","link":"https:\/\/artaceramic.com\/fr\/produit\/limestone-atlas-4x4\/","title":{"rendered":"Limestone Atlas 4&#215;4"},"content":{"rendered":"<p data-start=\"0\" data-end=\"8\"><strong>FORMAT :<\/strong><\/p>\n<p data-start=\"10\" data-end=\"17\">4&Prime; x 4&Prime;<\/p>\n<p data-start=\"19\" data-end=\"71\">Mat\u00e9riau : calcaire<br data-start=\"38\" data-end=\"41\" \/>Finition : vieilli (tumbled)<\/p>\n<p data-start=\"73\" data-end=\"171\">Dimensions du carreau : 100 x 100 x 20 mm \/ 4&Prime; x 4&Prime; x 0,78&Prime;<br data-start=\"132\" data-end=\"135\" \/>Variation d\u2019\u00e9paisseur : \u00b1 1 \u00e0 3 mm<\/p>\n<p data-start=\"173\" data-end=\"457\"><strong>Veuillez noter :<\/strong> de l\u00e9g\u00e8res variations de couleur, de teinte et de texture de surface sont des caract\u00e9ristiques naturelles de la pierre et doivent \u00eatre attendues. Les images pr\u00e9sent\u00e9es sont repr\u00e9sentatives, mais peuvent ne pas refl\u00e9ter toutes les variations de ces caract\u00e9ristiques.<\/p>\n<p data-start=\"459\" data-end=\"482\" data-is-last-node=\"\" data-is-only-node=\"\">COMMANDE SP\u00c9CIALE<\/p>\n","protected":false},"excerpt":{"rendered":"<section class=\"text-token-text-primary w-full focus:outline-none [--shadow-height:45px] has-data-writing-block:pointer-events-none has-data-writing-block:-mt-(--shadow-height) has-data-writing-block:pt-(--shadow-height) [&amp;:has([data-writing-block])&gt;*]:pointer-events-auto scroll-mt-(--header-height)\" dir=\"auto\" data-turn-id=\"6e7cf2df-4847-45bf-82ac-c89b29080af7\" data-testid=\"conversation-turn-33\" data-scroll-anchor=\"false\" data-turn=\"user\"><\/section>\n<section class=\"text-token-text-primary w-full focus:outline-none [--shadow-height:45px] has-data-writing-block:pointer-events-none has-data-writing-block:-mt-(--shadow-height) has-data-writing-block:pt-(--shadow-height) [&amp;:has([data-writing-block])&gt;*]:pointer-events-auto scroll-mt-[calc(var(--header-height)+min(200px,max(70px,20svh)))]\" dir=\"auto\" data-turn-id=\"request-WEB:c201398c-dfa5-47fe-bf84-a0733e9ed818-16\" data-testid=\"conversation-turn-34\" data-scroll-anchor=\"true\" data-turn=\"assistant\">\n<div class=\"text-base my-auto mx-auto pb-10 [--thread-content-margin:var(--thread-content-margin-xs,calc(var(--spacing)*4))] @w-sm\/main:[--thread-content-margin:var(--thread-content-margin-sm,calc(var(--spacing)*6))] @w-lg\/main:[--thread-content-margin:var(--thread-content-margin-lg,calc(var(--spacing)*16))] px-(--thread-content-margin)\">\n<div class=\"[--thread-content-max-width:40rem] @w-lg\/main:[--thread-content-max-width:48rem] mx-auto max-w-(--thread-content-max-width) flex-1 group\/turn-messages focus-visible:outline-hidden relative flex w-full min-w-0 flex-col agent-turn\">\n<div class=\"flex max-w-full flex-col gap-4 grow\">\n<div class=\"min-h-8 text-message relative flex w-full flex-col items-end gap-2 text-start break-words whitespace-normal outline-none keyboard-focused:focus-ring [.text-message+&amp;]:mt-1\" dir=\"auto\" tabindex=\"0\" data-message-author-role=\"assistant\" data-message-id=\"69a84621-413f-4782-9ae9-a8516ee552a2\" data-message-model-slug=\"gpt-5-3\" data-turn-start-message=\"true\">\n<div class=\"flex w-full flex-col gap-1 empty:hidden\">\n<div class=\"markdown prose dark:prose-invert w-full wrap-break-word dark markdown-new-styling\">\n<p data-start=\"0\" data-end=\"123\" data-is-last-node=\"\" data-is-only-node=\"\">Le calcaire marocain est extrait directement du sol du Maroc et refl\u00e8te les magnifiques tons et textures que l\u2019on y trouve.<\/p>\n<\/div>\n<\/div>\n<\/div>\n<\/div>\n<\/div>\n<\/div>\n<\/section>\n","protected":false},"featured_media":27482,"template":"","meta":[],"product_brand":[],"product_cat":[472,66,147,86],"product_tag":[],"class_list":{"0":"post-27265","1":"product","2":"type-product","3":"status-publish","4":"has-post-thumbnail","6":"product_cat-boutique","7":"product_cat-carreaux","8":"product_cat-nouveautes","9":"product_cat-pierre-naturelle","10":"pa_colors-greige-fr","11":"pa_colors-gris","12":"pa_sizes-4x4-fr","14":"first","15":"instock","16":"shipping-taxable","17":"product-type-simple"},"_links":{"self":[{"href":"https:\/\/artaceramic.com\/fr\/wp-json\/wp\/v2\/product\/27265","targetHints":{"allow":["GET"]}}],"collection":[{"href":"https:\/\/artaceramic.com\/fr\/wp-json\/wp\/v2\/product"}],"about":[{"href":"https:\/\/artaceramic.com\/fr\/wp-json\/wp\/v2\/types\/product"}],"wp:featuredmedia":[{"embeddable":true,"href":"https:\/\/artaceramic.com\/fr\/wp-json\/wp\/v2\/media\/27482"}],"wp:attachment":[{"href":"https:\/\/artaceramic.com\/fr\/wp-json\/wp\/v2\/media?parent=27265"}],"wp:term":[{"taxonomy":"product_brand","embeddable":true,"href":"https:\/\/artaceramic.com\/fr\/wp-json\/wp\/v2\/product_brand?post=27265"},{"taxonomy":"product_cat","embeddable":true,"href":"https:\/\/artaceramic.com\/fr\/wp-json\/wp\/v2\/product_cat?post=27265"},{"taxonomy":"product_tag","embeddable":true,"href":"https:\/\/artaceramic.com\/fr\/wp-json\/wp\/v2\/product_tag?post=27265"}],"curies":[{"name":"wp","href":"https:\/\/api.w.org\/{rel}","templated":true}]}}