{"id":27263,"date":"2026-03-31T12:09:22","date_gmt":"2026-03-31T16:09:22","guid":{"rendered":"https:\/\/artaceramic.com\/?post_type=product&#038;p=27263"},"modified":"2026-04-13T14:17:38","modified_gmt":"2026-04-13T18:17:38","slug":"zellige-clay-4x4","status":"publish","type":"product","link":"https:\/\/artaceramic.com\/fr\/produit\/zellige-clay-4x4\/","title":{"rendered":"Zellige Clay 4&#215;4"},"content":{"rendered":"<h4>FORMAT:<\/h4>\n<p data-start=\"0\" data-end=\"7\">4&Prime; x 4&Prime;<\/p>\n<p data-start=\"9\" data-end=\"83\">Mat\u00e9riau : carreaux en argile faits main<br data-start=\"49\" data-end=\"52\" \/>Finition : c\u00e9ramique \u00e9maill\u00e9e<\/p>\n<p data-start=\"85\" data-end=\"155\">Informations d\u2019emballage :<br data-start=\"111\" data-end=\"114\" \/>1 carton = 10,76 pi\u00b2 \/ 1 m\u00b2 de carreaux<\/p>\n<p data-start=\"157\" data-end=\"180\" data-is-last-node=\"\" data-is-only-node=\"\">** COMMANDE SP\u00c9CIALE **<\/p>\n<h4><\/h4>\n","protected":false},"excerpt":{"rendered":"<p data-start=\"0\" data-end=\"92\">Carreaux de Zellige authentiques faits main, fabriqu\u00e9s au Maroc par des artisans talentueux.<\/p>\n<p data-start=\"94\" data-end=\"404\" data-is-last-node=\"\" data-is-only-node=\"\">Notre Zellige est cr\u00e9\u00e9 selon des techniques traditionnelles transmises de g\u00e9n\u00e9ration en g\u00e9n\u00e9ration, remontant jusqu\u2019au XIIIe si\u00e8cle. R\u00e9alis\u00e9 avec des mat\u00e9riaux de la plus haute qualit\u00e9, chaque carreau raconte une histoire unique. Ces \u0153uvres d\u2019art vivantes apportent caract\u00e8re, impact et \u00e9l\u00e9gance \u00e0 tout espace.<\/p>\n","protected":false},"featured_media":27500,"template":"","meta":[],"product_brand":[],"product_cat":[472,66,147,86],"product_tag":[],"class_list":{"0":"post-27263","1":"product","2":"type-product","3":"status-publish","4":"has-post-thumbnail","6":"product_cat-boutique","7":"product_cat-carreaux","8":"product_cat-nouveautes","9":"product_cat-pierre-naturelle","10":"pa_colors-beige-fr","11":"pa_colors-ivory","12":"pa_sizes-4x4-fr","14":"first","15":"instock","16":"shipping-taxable","17":"product-type-simple"},"_links":{"self":[{"href":"https:\/\/artaceramic.com\/fr\/wp-json\/wp\/v2\/product\/27263","targetHints":{"allow":["GET"]}}],"collection":[{"href":"https:\/\/artaceramic.com\/fr\/wp-json\/wp\/v2\/product"}],"about":[{"href":"https:\/\/artaceramic.com\/fr\/wp-json\/wp\/v2\/types\/product"}],"wp:featuredmedia":[{"embeddable":true,"href":"https:\/\/artaceramic.com\/fr\/wp-json\/wp\/v2\/media\/27500"}],"wp:attachment":[{"href":"https:\/\/artaceramic.com\/fr\/wp-json\/wp\/v2\/media?parent=27263"}],"wp:term":[{"taxonomy":"product_brand","embeddable":true,"href":"https:\/\/artaceramic.com\/fr\/wp-json\/wp\/v2\/product_brand?post=27263"},{"taxonomy":"product_cat","embeddable":true,"href":"https:\/\/artaceramic.com\/fr\/wp-json\/wp\/v2\/product_cat?post=27263"},{"taxonomy":"product_tag","embeddable":true,"href":"https:\/\/artaceramic.com\/fr\/wp-json\/wp\/v2\/product_tag?post=27263"}],"curies":[{"name":"wp","href":"https:\/\/api.w.org\/{rel}","templated":true}]}}