{"id":27257,"date":"2026-03-31T12:14:36","date_gmt":"2026-03-31T16:14:36","guid":{"rendered":"https:\/\/artaceramic.com\/?post_type=product&#038;p=27257"},"modified":"2026-04-13T14:03:45","modified_gmt":"2026-04-13T18:03:45","slug":"zellige-latte-4x4","status":"publish","type":"product","link":"https:\/\/artaceramic.com\/fr\/produit\/zellige-latte-4x4\/","title":{"rendered":"Zellige Latte 4&#215;4"},"content":{"rendered":"<p data-start=\"0\" data-end=\"8\"><strong>FORMAT :<\/strong><\/p>\n<p data-start=\"10\" data-end=\"17\">4&Prime; x 4&Prime;<\/p>\n<p data-start=\"19\" data-end=\"93\">Mat\u00e9riau : carreaux en argile faits main<br data-start=\"59\" data-end=\"62\" \/>Finition : c\u00e9ramique \u00e9maill\u00e9e<\/p>\n<p data-start=\"95\" data-end=\"165\">Informations d\u2019emballage :<br data-start=\"121\" data-end=\"124\" \/>1 carton = 10,76 pi\u00b2 \/ 1 m\u00b2 de carreaux<\/p>\n<p data-start=\"167\" data-end=\"190\" data-is-last-node=\"\" data-is-only-node=\"\">** COMMANDE SP\u00c9CIALE **<\/p>\n<h4><\/h4>\n","protected":false},"excerpt":{"rendered":"<p data-start=\"0\" data-end=\"92\">Carreaux de Zellige authentiques faits main, fabriqu\u00e9s au Maroc par des artisans talentueux.<\/p>\n<p data-start=\"94\" data-end=\"411\" data-is-last-node=\"\" data-is-only-node=\"\">Notre Zellige est r\u00e9alis\u00e9 selon des techniques traditionnelles transmises de g\u00e9n\u00e9ration en g\u00e9n\u00e9ration, remontant jusqu\u2019au XIIIe si\u00e8cle. Con\u00e7u \u00e0 partir de mat\u00e9riaux de la plus haute qualit\u00e9, chaque carreau poss\u00e8de une histoire unique. Ces \u0153uvres d\u2019art vivantes apportent caract\u00e8re, impact et raffinement \u00e0 tout espace.<\/p>\n","protected":false},"featured_media":27493,"template":"","meta":[],"product_brand":[],"product_cat":[472,66,147,86],"product_tag":[],"class_list":{"0":"post-27257","1":"product","2":"type-product","3":"status-publish","4":"has-post-thumbnail","6":"product_cat-boutique","7":"product_cat-carreaux","8":"product_cat-nouveautes","9":"product_cat-pierre-naturelle","10":"pa_colors-beige-fr","11":"pa_colors-greige-fr","12":"pa_colors-ivory","13":"pa_sizes-4x4-fr","15":"first","16":"instock","17":"shipping-taxable","18":"product-type-simple"},"_links":{"self":[{"href":"https:\/\/artaceramic.com\/fr\/wp-json\/wp\/v2\/product\/27257","targetHints":{"allow":["GET"]}}],"collection":[{"href":"https:\/\/artaceramic.com\/fr\/wp-json\/wp\/v2\/product"}],"about":[{"href":"https:\/\/artaceramic.com\/fr\/wp-json\/wp\/v2\/types\/product"}],"wp:featuredmedia":[{"embeddable":true,"href":"https:\/\/artaceramic.com\/fr\/wp-json\/wp\/v2\/media\/27493"}],"wp:attachment":[{"href":"https:\/\/artaceramic.com\/fr\/wp-json\/wp\/v2\/media?parent=27257"}],"wp:term":[{"taxonomy":"product_brand","embeddable":true,"href":"https:\/\/artaceramic.com\/fr\/wp-json\/wp\/v2\/product_brand?post=27257"},{"taxonomy":"product_cat","embeddable":true,"href":"https:\/\/artaceramic.com\/fr\/wp-json\/wp\/v2\/product_cat?post=27257"},{"taxonomy":"product_tag","embeddable":true,"href":"https:\/\/artaceramic.com\/fr\/wp-json\/wp\/v2\/product_tag?post=27257"}],"curies":[{"name":"wp","href":"https:\/\/api.w.org\/{rel}","templated":true}]}}