{"id":23785,"date":"2026-02-09T20:52:56","date_gmt":"2026-02-10T01:52:56","guid":{"rendered":"https:\/\/artaceramic.com\/?post_type=product&#038;p=23785"},"modified":"2026-02-09T20:55:07","modified_gmt":"2026-02-10T01:55:07","slug":"abaco","status":"publish","type":"product","link":"https:\/\/artaceramic.com\/fr\/produit\/abaco\/","title":{"rendered":"Abaco"},"content":{"rendered":"<h4>FORMAT:<\/h4>\n<p>FORMAT:<\/p>\n<p>4 x 4<\/p>\n<p>pc\/boite: 5.20<\/p>\n<p>mcx\/boite: 48<\/p>\n<p>&nbsp;<\/p>\n<p>&nbsp;<\/p>\n<p>&nbsp;<\/p>\n","protected":false},"excerpt":{"rendered":"<p>Inspir\u00e9e par la pr\u00e9cision de l\u2019abaque et par la beaut\u00e9 de la simplicit\u00e9, cette collection transforme chaque carreau en une v\u00e9ritable toile. Ses nuances, allant du blanc lumineux au noir profond, en passant par des tons verts chaleureux, naturels et \u00e9vocateurs, invitent \u00e0 une infinit\u00e9 de combinaisons. \u00c1baco offre des possibilit\u00e9s infinies pour cr\u00e9er des espaces vivants, accueillants et dot\u00e9s d\u2019une personnalit\u00e9 unique.<\/p>\n<p><strong>COULEURS<\/strong><span id=\"color-name\"><\/span><\/p>\n<p><a href=\"https:\/\/artaceramic.com\/wp-content\/uploads\/2026\/02\/Abaco-Blanco-80x80-1.png\"><img decoding=\"async\" class=\"alignnone size-full wp-image-23764\" src=\"https:\/\/artaceramic.com\/wp-content\/uploads\/2026\/02\/Abaco-Blanco-80x80-1.png\" alt=\"Blanco\" width=\"80\" height=\"80\" \/><\/a> <a href=\"https:\/\/artaceramic.com\/wp-content\/uploads\/2026\/02\/abaco-austral-80x80-1.png\"><img decoding=\"async\" class=\"alignnone size-full wp-image-23763\" src=\"https:\/\/artaceramic.com\/wp-content\/uploads\/2026\/02\/abaco-austral-80x80-1.png\" alt=\"Austral\" width=\"80\" height=\"80\" \/><\/a> <a href=\"https:\/\/artaceramic.com\/wp-content\/uploads\/2026\/02\/abaco-cotto-80x80-1.png\"><img decoding=\"async\" class=\"alignnone size-full wp-image-23765\" src=\"https:\/\/artaceramic.com\/wp-content\/uploads\/2026\/02\/abaco-cotto-80x80-1.png\" alt=\"Cotto\" width=\"80\" height=\"80\" \/><\/a> <a href=\"https:\/\/artaceramic.com\/wp-content\/uploads\/2026\/02\/abaco-flora-80x80-1.png\"><img loading=\"lazy\" decoding=\"async\" class=\"alignnone size-full wp-image-23767\" src=\"https:\/\/artaceramic.com\/wp-content\/uploads\/2026\/02\/abaco-flora-80x80-1.png\" alt=\"Flora\" width=\"80\" height=\"80\" \/><\/a> <a href=\"https:\/\/artaceramic.com\/wp-content\/uploads\/2026\/02\/abaco-sand.png\"><img loading=\"lazy\" decoding=\"async\" class=\"alignnone size-full wp-image-23771\" src=\"https:\/\/artaceramic.com\/wp-content\/uploads\/2026\/02\/abaco-sand.png\" alt=\"Sand\" width=\"80\" height=\"80\" \/><\/a> <a href=\"https:\/\/artaceramic.com\/wp-content\/uploads\/2026\/02\/abaco-pewter.png\"><img loading=\"lazy\" decoding=\"async\" class=\"alignnone size-full wp-image-23770\" src=\"https:\/\/artaceramic.com\/wp-content\/uploads\/2026\/02\/abaco-pewter.png\" alt=\"Pewter\" width=\"80\" height=\"80\" \/><\/a> <a href=\"https:\/\/artaceramic.com\/wp-content\/uploads\/2026\/02\/abaco-nero.png\"><img loading=\"lazy\" decoding=\"async\" class=\"alignnone size-full wp-image-23769\" src=\"https:\/\/artaceramic.com\/wp-content\/uploads\/2026\/02\/abaco-nero.png\" alt=\"Nero\" width=\"80\" height=\"80\" \/><\/a> <a href=\"https:\/\/artaceramic.com\/wp-content\/uploads\/2026\/02\/abaco-linen-80x80-1.png\"><img loading=\"lazy\" decoding=\"async\" class=\"alignnone size-full wp-image-23768\" src=\"https:\/\/artaceramic.com\/wp-content\/uploads\/2026\/02\/abaco-linen-80x80-1.png\" alt=\"Linen\" width=\"80\" height=\"80\" \/><\/a><\/p>\n<h6>Blanco\u00a0 \u00a0 \u00a0 \u00a0 \u00a0 \u00a0 \u00a0Austral\u00a0 \u00a0 \u00a0 \u00a0 \u00a0 Cotto\u00a0 \u00a0 \u00a0 \u00a0 \u00a0 \u00a0 \u00a0 Flora\u00a0 \u00a0 \u00a0 \u00a0 \u00a0 \u00a0 \u00a0 Sand\u00a0 \u00a0 \u00a0 \u00a0 \u00a0 \u00a0 \u00a0 Pewter\u00a0 \u00a0 \u00a0 \u00a0 \u00a0 \u00a0 Nero\u00a0 \u00a0 \u00a0 \u00a0 \u00a0 \u00a0 \u00a0 \u00a0Linen<\/h6>\n","protected":false},"featured_media":23766,"template":"","meta":[],"product_brand":[],"product_cat":[66,100,147],"product_tag":[],"class_list":{"0":"post-23785","1":"product","2":"type-product","3":"status-publish","4":"has-post-thumbnail","6":"product_cat-carreaux","7":"product_cat-ceramique-et-porcelaine","8":"product_cat-nouveautes","9":"pa_colors-beige-fr","10":"pa_colors-blanc","11":"pa_colors-bleu","12":"pa_colors-greige-fr","13":"pa_colors-gris","14":"pa_colors-ivoire","15":"pa_colors-noir","16":"pa_colors-orange-fr","17":"pa_colors-taupe-fr","18":"pa_colors-vert","19":"pa_sizes-4x4-fr","20":"pa_thickness-10mm-fr","22":"first","23":"instock","24":"shipping-taxable","25":"product-type-simple"},"_links":{"self":[{"href":"https:\/\/artaceramic.com\/fr\/wp-json\/wp\/v2\/product\/23785","targetHints":{"allow":["GET"]}}],"collection":[{"href":"https:\/\/artaceramic.com\/fr\/wp-json\/wp\/v2\/product"}],"about":[{"href":"https:\/\/artaceramic.com\/fr\/wp-json\/wp\/v2\/types\/product"}],"wp:featuredmedia":[{"embeddable":true,"href":"https:\/\/artaceramic.com\/fr\/wp-json\/wp\/v2\/media\/23766"}],"wp:attachment":[{"href":"https:\/\/artaceramic.com\/fr\/wp-json\/wp\/v2\/media?parent=23785"}],"wp:term":[{"taxonomy":"product_brand","embeddable":true,"href":"https:\/\/artaceramic.com\/fr\/wp-json\/wp\/v2\/product_brand?post=23785"},{"taxonomy":"product_cat","embeddable":true,"href":"https:\/\/artaceramic.com\/fr\/wp-json\/wp\/v2\/product_cat?post=23785"},{"taxonomy":"product_tag","embeddable":true,"href":"https:\/\/artaceramic.com\/fr\/wp-json\/wp\/v2\/product_tag?post=23785"}],"curies":[{"name":"wp","href":"https:\/\/api.w.org\/{rel}","templated":true}]}}