{"id":22965,"date":"2025-02-21T14:08:40","date_gmt":"2025-02-21T19:08:40","guid":{"rendered":"https:\/\/artaceramic.com\/?post_type=product&#038;p=22965"},"modified":"2026-02-04T11:32:33","modified_gmt":"2026-02-04T16:32:33","slug":"nouveau-biotech","status":"publish","type":"product","link":"https:\/\/artaceramic.com\/fr\/produit\/nouveau-biotech\/","title":{"rendered":"Biotech"},"content":{"rendered":"<h4>FORMATS DISPONIBLES<\/h4>\n<p>FORMAT: 24X24<\/p>\n<p>MCX\/BO\u00ceTE: 3.00<\/p>\n<p>PC\/BO\u00ceTE: 11.65<\/p>\n<p>FORMAT: 24X48<\/p>\n<p>MCX\/BO\u00ceTE: 2.00<\/p>\n<p>PC\/BO\u00ceTE: 15.55<\/p>\n","protected":false},"excerpt":{"rendered":"<p>Les caract\u00e9ristiques distinctives de Biotech sont ses surfaces et ses formats pleine masse, dont les propri\u00e9t\u00e9s mat\u00e9rielles \u00e9voquent les pierres qui les ont inspir\u00e9s. Ces produits sont fabriqu\u00e9s \u00e0 partir de mati\u00e8res premi\u00e8res certifi\u00e9es et de nouveaux syst\u00e8mes d\u00e9coratifs r\u00e9duisant la consommation d\u2019eau, d\u2019\u00e9nergie et les \u00e9missions.<\/p>\n<h4>COULEURS DISPONIBLES<\/h4>\n<p><span id=\"color-name\"><\/span><br \/>\n<img decoding=\"async\" class=\"alignnone wp-image-22916\" style=\"cursor: pointer;\" src=\"https:\/\/artaceramic.com\/wp-content\/uploads\/2025\/02\/Crema-Stone.jpg\" alt=\"Crema Stone\" width=\"80\" height=\"80\" srcset=\"https:\/\/artaceramic.com\/wp-content\/uploads\/2025\/02\/Crema-Stone.jpg 995w, https:\/\/artaceramic.com\/wp-content\/uploads\/2025\/02\/Crema-Stone-768x765.jpg 768w, https:\/\/artaceramic.com\/wp-content\/uploads\/2025\/02\/Crema-Stone-100x100.jpg 100w\" sizes=\"(max-width: 80px) 100vw, 80px\" \/> <img decoding=\"async\" class=\"alignnone wp-image-22918\" style=\"cursor: pointer;\" src=\"https:\/\/artaceramic.com\/wp-content\/uploads\/2025\/02\/Lapis-Greige.jpg\" alt=\"Lapis Greige\" width=\"80\" height=\"80\" srcset=\"https:\/\/artaceramic.com\/wp-content\/uploads\/2025\/02\/Lapis-Greige.jpg 994w, https:\/\/artaceramic.com\/wp-content\/uploads\/2025\/02\/Lapis-Greige-768x768.jpg 768w, https:\/\/artaceramic.com\/wp-content\/uploads\/2025\/02\/Lapis-Greige-100x100.jpg 100w\" sizes=\"(max-width: 80px) 100vw, 80px\" \/> <img decoding=\"async\" class=\"alignnone wp-image-22920\" style=\"cursor: pointer;\" src=\"https:\/\/artaceramic.com\/wp-content\/uploads\/2025\/02\/Soapstone-1024x1024.jpg\" alt=\"Soapstone\" width=\"80\" height=\"80\" srcset=\"https:\/\/artaceramic.com\/wp-content\/uploads\/2025\/02\/Soapstone-1024x1024.jpg 1024w, https:\/\/artaceramic.com\/wp-content\/uploads\/2025\/02\/Soapstone-768x768.jpg 768w, https:\/\/artaceramic.com\/wp-content\/uploads\/2025\/02\/Soapstone-100x100.jpg 100w, https:\/\/artaceramic.com\/wp-content\/uploads\/2025\/02\/Soapstone.jpg 1069w\" sizes=\"(max-width: 80px) 100vw, 80px\" \/><\/p>\n","protected":false},"featured_media":22956,"template":"","meta":[],"product_brand":[],"product_cat":[66,100],"product_tag":[],"class_list":{"0":"post-22965","1":"product","2":"type-product","3":"status-publish","4":"has-post-thumbnail","6":"product_cat-carreaux","7":"product_cat-ceramique-et-porcelaine","8":"pa_colors-beige-fr","9":"pa_colors-gris","10":"pa_colors-noir","11":"pa_sizes-24x24-fr","12":"pa_sizes-24x48-fr","14":"first","15":"instock","16":"shipping-taxable","17":"product-type-simple"},"_links":{"self":[{"href":"https:\/\/artaceramic.com\/fr\/wp-json\/wp\/v2\/product\/22965","targetHints":{"allow":["GET"]}}],"collection":[{"href":"https:\/\/artaceramic.com\/fr\/wp-json\/wp\/v2\/product"}],"about":[{"href":"https:\/\/artaceramic.com\/fr\/wp-json\/wp\/v2\/types\/product"}],"wp:featuredmedia":[{"embeddable":true,"href":"https:\/\/artaceramic.com\/fr\/wp-json\/wp\/v2\/media\/22956"}],"wp:attachment":[{"href":"https:\/\/artaceramic.com\/fr\/wp-json\/wp\/v2\/media?parent=22965"}],"wp:term":[{"taxonomy":"product_brand","embeddable":true,"href":"https:\/\/artaceramic.com\/fr\/wp-json\/wp\/v2\/product_brand?post=22965"},{"taxonomy":"product_cat","embeddable":true,"href":"https:\/\/artaceramic.com\/fr\/wp-json\/wp\/v2\/product_cat?post=22965"},{"taxonomy":"product_tag","embeddable":true,"href":"https:\/\/artaceramic.com\/fr\/wp-json\/wp\/v2\/product_tag?post=22965"}],"curies":[{"name":"wp","href":"https:\/\/api.w.org\/{rel}","templated":true}]}}