{"id":22513,"date":"2024-12-06T14:27:06","date_gmt":"2024-12-06T19:27:06","guid":{"rendered":"https:\/\/artaceramic.com\/?post_type=product&#038;p=22513"},"modified":"2026-02-04T12:00:13","modified_gmt":"2026-02-04T17:00:13","slug":"bientot-touche","status":"publish","type":"product","link":"https:\/\/artaceramic.com\/fr\/produit\/bientot-touche\/","title":{"rendered":"Touch\u00e9"},"content":{"rendered":"<h4><strong>COMMANDE SP\u00c9CIALE<\/strong><\/h4>\n<p>FORMAT: 24X48<\/p>\n<p>PC\/BO\u00ceTE: 15.55<\/p>\n<p>MCX\/BO\u00ceTE: 2.00<\/p>\n<p>&nbsp;<\/p>\n","protected":false},"excerpt":{"rendered":"<p>Exclusif avec une allure f\u00e9minine, d\u00e9licat et romantique, laissant place \u00e0 un luxe discret, avec une esth\u00e9tique riche en r\u00e9f\u00e9rences \u00e0 la spontan\u00e9it\u00e9 et \u00e0 la naturalit\u00e9.<\/p>\n<h4>COULEURS DISPONIBLES<\/h4>\n<p><span id=\"color-name\"><\/span><br \/>\n<img decoding=\"async\" class=\"alignnone size-full wp-image-22497\" style=\"cursor: pointer;\" src=\"https:\/\/artaceramic.com\/wp-content\/uploads\/2024\/12\/Touche-Rubis-Plisse.png\" alt=\"Rubis Plisse\" width=\"80\" height=\"80\" \/> <img decoding=\"async\" class=\"alignnone size-medium wp-image-22499\" style=\"cursor: pointer;\" src=\"https:\/\/artaceramic.com\/wp-content\/uploads\/2024\/12\/Touche-Rubis.png\" alt=\"Rubis\" width=\"80\" height=\"80\" \/><\/p>\n","protected":false},"featured_media":22507,"template":"","meta":[],"product_brand":[],"product_cat":[66,100],"product_tag":[],"class_list":{"0":"post-22513","1":"product","2":"type-product","3":"status-publish","4":"has-post-thumbnail","6":"product_cat-carreaux","7":"product_cat-ceramique-et-porcelaine","8":"pa_colors-blanc","9":"pa_colors-multicolore","10":"pa_colors-rouge","11":"pa_sizes-24x48-fr","12":"pa_thickness-8-5mm-fr","14":"first","15":"instock","16":"shipping-taxable","17":"product-type-simple"},"_links":{"self":[{"href":"https:\/\/artaceramic.com\/fr\/wp-json\/wp\/v2\/product\/22513","targetHints":{"allow":["GET"]}}],"collection":[{"href":"https:\/\/artaceramic.com\/fr\/wp-json\/wp\/v2\/product"}],"about":[{"href":"https:\/\/artaceramic.com\/fr\/wp-json\/wp\/v2\/types\/product"}],"wp:featuredmedia":[{"embeddable":true,"href":"https:\/\/artaceramic.com\/fr\/wp-json\/wp\/v2\/media\/22507"}],"wp:attachment":[{"href":"https:\/\/artaceramic.com\/fr\/wp-json\/wp\/v2\/media?parent=22513"}],"wp:term":[{"taxonomy":"product_brand","embeddable":true,"href":"https:\/\/artaceramic.com\/fr\/wp-json\/wp\/v2\/product_brand?post=22513"},{"taxonomy":"product_cat","embeddable":true,"href":"https:\/\/artaceramic.com\/fr\/wp-json\/wp\/v2\/product_cat?post=22513"},{"taxonomy":"product_tag","embeddable":true,"href":"https:\/\/artaceramic.com\/fr\/wp-json\/wp\/v2\/product_tag?post=22513"}],"curies":[{"name":"wp","href":"https:\/\/api.w.org\/{rel}","templated":true}]}}