{"id":22494,"date":"2024-12-06T14:00:16","date_gmt":"2024-12-06T19:00:16","guid":{"rendered":"https:\/\/artaceramic.com\/?post_type=product&#038;p=22494"},"modified":"2026-02-04T12:01:24","modified_gmt":"2026-02-04T17:01:24","slug":"nouveau-shibusa","status":"publish","type":"product","link":"https:\/\/artaceramic.com\/fr\/produit\/nouveau-shibusa\/","title":{"rendered":"Shibusa"},"content":{"rendered":"<h4>FORMATS DISPONIBLES<\/h4>\n<p>FORMAT: 24X24<br \/>\nPC\/BO\u00ceTE: 11.65<br \/>\nMCX\/BO\u00ceTE: 3<\/p>\n<p>&nbsp;<\/p>\n","protected":false},"excerpt":{"rendered":"<p>Un bois con\u00e7u pour le design et la planification, qui insuffle un sentiment de raffinement sophistiqu\u00e9. Les propositions d\u00e9coratives suivent une ambiance marqu\u00e9e par des id\u00e9ogrammes l\u00e9gers qui r\u00e9\u00e9crivent la surface du bois. La d\u00e9coration \u00e0 effet carr\u00e9, quant \u00e0 elle, reprend le th\u00e8me de l\u2019\u00e9quilibre.<\/p>\n<h4>COULEURS DISPONIBLES<\/h4>\n<p><span id=\"color-name\"><\/span><br \/>\n<img decoding=\"async\" class=\"alignnone wp-image-22462\" style=\"cursor: pointer;\" src=\"https:\/\/artaceramic.com\/wp-content\/uploads\/2024\/12\/shibusa-swatch-bianco.webp\" alt=\"Bianco\" width=\"80\" height=\"80\" srcset=\"https:\/\/artaceramic.com\/wp-content\/uploads\/2024\/12\/shibusa-swatch-bianco.webp 350w, https:\/\/artaceramic.com\/wp-content\/uploads\/2024\/12\/shibusa-swatch-bianco-100x100.webp 100w\" sizes=\"(max-width: 80px) 100vw, 80px\" \/> <img decoding=\"async\" class=\"alignnone wp-image-22464\" style=\"cursor: pointer;\" src=\"https:\/\/artaceramic.com\/wp-content\/uploads\/2024\/12\/shibusa-swatch-bianco-intarsio.webp\" alt=\"Intarsio Bianco\" width=\"80\" height=\"80\" srcset=\"https:\/\/artaceramic.com\/wp-content\/uploads\/2024\/12\/shibusa-swatch-bianco-intarsio.webp 350w, https:\/\/artaceramic.com\/wp-content\/uploads\/2024\/12\/shibusa-swatch-bianco-intarsio-100x100.webp 100w\" sizes=\"(max-width: 80px) 100vw, 80px\" \/> <img decoding=\"async\" class=\"alignnone wp-image-22466\" style=\"cursor: pointer;\" src=\"https:\/\/artaceramic.com\/wp-content\/uploads\/2024\/12\/shibusa-swatch-crema.webp\" alt=\"Crema\" width=\"80\" height=\"80\" srcset=\"https:\/\/artaceramic.com\/wp-content\/uploads\/2024\/12\/shibusa-swatch-crema.webp 350w, https:\/\/artaceramic.com\/wp-content\/uploads\/2024\/12\/shibusa-swatch-crema-100x100.webp 100w\" sizes=\"(max-width: 80px) 100vw, 80px\" \/> <img loading=\"lazy\" decoding=\"async\" class=\"alignnone wp-image-22468\" style=\"cursor: pointer;\" src=\"https:\/\/artaceramic.com\/wp-content\/uploads\/2024\/12\/shibusa-swatch-crema-intarsio.webp\" alt=\"Intarsio Crema\" width=\"80\" height=\"80\" srcset=\"https:\/\/artaceramic.com\/wp-content\/uploads\/2024\/12\/shibusa-swatch-crema-intarsio.webp 350w, https:\/\/artaceramic.com\/wp-content\/uploads\/2024\/12\/shibusa-swatch-crema-intarsio-100x100.webp 100w\" sizes=\"(max-width: 80px) 100vw, 80px\" \/> <img loading=\"lazy\" decoding=\"async\" class=\"alignnone wp-image-22470\" style=\"cursor: pointer;\" src=\"https:\/\/artaceramic.com\/wp-content\/uploads\/2024\/12\/shibusa-swatch-wenge.webp\" alt=\"Wenge\" width=\"80\" height=\"80\" srcset=\"https:\/\/artaceramic.com\/wp-content\/uploads\/2024\/12\/shibusa-swatch-wenge.webp 350w, https:\/\/artaceramic.com\/wp-content\/uploads\/2024\/12\/shibusa-swatch-wenge-100x100.webp 100w\" sizes=\"(max-width: 80px) 100vw, 80px\" \/> <img loading=\"lazy\" decoding=\"async\" class=\"alignnone wp-image-22472\" style=\"cursor: pointer;\" src=\"https:\/\/artaceramic.com\/wp-content\/uploads\/2024\/12\/shibusa-swatch-wenge-intarsio.webp\" alt=\"Intarsio Wenge\" width=\"80\" height=\"80\" srcset=\"https:\/\/artaceramic.com\/wp-content\/uploads\/2024\/12\/shibusa-swatch-wenge-intarsio.webp 350w, https:\/\/artaceramic.com\/wp-content\/uploads\/2024\/12\/shibusa-swatch-wenge-intarsio-100x100.webp 100w\" sizes=\"(max-width: 80px) 100vw, 80px\" \/><\/p>\n","protected":false},"featured_media":22474,"template":"","meta":[],"product_brand":[],"product_cat":[66,100],"product_tag":[],"class_list":{"0":"post-22494","1":"product","2":"type-product","3":"status-publish","4":"has-post-thumbnail","6":"product_cat-carreaux","7":"product_cat-ceramique-et-porcelaine","8":"pa_colors-beige-fr","9":"pa_colors-brun","10":"pa_colors-gris","11":"pa_sizes-24x24-fr","12":"pa_thickness-8-5mm-fr","14":"first","15":"instock","16":"shipping-taxable","17":"product-type-simple"},"_links":{"self":[{"href":"https:\/\/artaceramic.com\/fr\/wp-json\/wp\/v2\/product\/22494","targetHints":{"allow":["GET"]}}],"collection":[{"href":"https:\/\/artaceramic.com\/fr\/wp-json\/wp\/v2\/product"}],"about":[{"href":"https:\/\/artaceramic.com\/fr\/wp-json\/wp\/v2\/types\/product"}],"wp:featuredmedia":[{"embeddable":true,"href":"https:\/\/artaceramic.com\/fr\/wp-json\/wp\/v2\/media\/22474"}],"wp:attachment":[{"href":"https:\/\/artaceramic.com\/fr\/wp-json\/wp\/v2\/media?parent=22494"}],"wp:term":[{"taxonomy":"product_brand","embeddable":true,"href":"https:\/\/artaceramic.com\/fr\/wp-json\/wp\/v2\/product_brand?post=22494"},{"taxonomy":"product_cat","embeddable":true,"href":"https:\/\/artaceramic.com\/fr\/wp-json\/wp\/v2\/product_cat?post=22494"},{"taxonomy":"product_tag","embeddable":true,"href":"https:\/\/artaceramic.com\/fr\/wp-json\/wp\/v2\/product_tag?post=22494"}],"curies":[{"name":"wp","href":"https:\/\/api.w.org\/{rel}","templated":true}]}}