{"id":22460,"date":"2024-12-06T13:44:13","date_gmt":"2024-12-06T18:44:13","guid":{"rendered":"https:\/\/artaceramic.com\/?post_type=product&#038;p=22460"},"modified":"2026-02-04T12:02:29","modified_gmt":"2026-02-04T17:02:29","slug":"nouveau-ton","status":"publish","type":"product","link":"https:\/\/artaceramic.com\/fr\/produit\/nouveau-ton\/","title":{"rendered":"Ton"},"content":{"rendered":"<h4><strong>COMMANDE SP\u00c9CIALE<\/strong><\/h4>\n<p>FORMAT: 12&#215;12<\/p>\n<p>PC\/BO\u00ceTE: 8.72<\/p>\n<p>MCX\/BO\u00ceTE: 9<\/p>\n<p>&nbsp;<\/p>\n<p>\u00c9PAISSEUR1 5 MM<\/p>\n","protected":false},"excerpt":{"rendered":"<p>Salles de bal, r\u00e9sidences ottomanes aux sols brillants, clubs exclusifs de gentlemen \u00e0 Londres. <strong>Ton<\/strong> est un carr\u00e9 en bois compos\u00e9 d\u2019incrustations de ch\u00eane. Il se distingue par ses teintes chaudes et lumineuses, qui mettent en valeur le grain naturel du bois et son essence. Un module g\u00e9om\u00e9trique, avec de nombreuses configurations de pose, comme des \u00e9chos d\u2019une haute soci\u00e9t\u00e9 distingu\u00e9e par les r\u00e8gles de <strong>Ton<\/strong>.<\/p>\n<h4>COULEURS DISPONIBLES<\/h4>\n<p><span id=\"color-name\"><\/span><br \/>\n<img decoding=\"async\" class=\"wp-image-22316\" style=\"cursor: pointer;\" src=\"https:\/\/artaceramic.com\/wp-content\/uploads\/2024\/11\/Ton-30x30-1-1024x1024.jpg\" alt=\"Ton\" width=\"80\" height=\"80\" srcset=\"https:\/\/artaceramic.com\/wp-content\/uploads\/2024\/11\/Ton-30x30-1-1024x1024.jpg 1024w, https:\/\/artaceramic.com\/wp-content\/uploads\/2024\/11\/Ton-30x30-1-768x768.jpg 768w, https:\/\/artaceramic.com\/wp-content\/uploads\/2024\/11\/Ton-30x30-1-100x100.jpg 100w, https:\/\/artaceramic.com\/wp-content\/uploads\/2024\/11\/Ton-30x30-1.jpg 1181w\" sizes=\"(max-width: 80px) 100vw, 80px\" \/><\/p>\n","protected":false},"featured_media":22320,"template":"","meta":[],"product_brand":[],"product_cat":[66,100],"product_tag":[],"class_list":{"0":"post-22460","1":"product","2":"type-product","3":"status-publish","4":"has-post-thumbnail","6":"product_cat-carreaux","7":"product_cat-ceramique-et-porcelaine","8":"pa_colors-brun","9":"pa_sizes-12x12","11":"first","12":"instock","13":"shipping-taxable","14":"product-type-simple"},"_links":{"self":[{"href":"https:\/\/artaceramic.com\/fr\/wp-json\/wp\/v2\/product\/22460","targetHints":{"allow":["GET"]}}],"collection":[{"href":"https:\/\/artaceramic.com\/fr\/wp-json\/wp\/v2\/product"}],"about":[{"href":"https:\/\/artaceramic.com\/fr\/wp-json\/wp\/v2\/types\/product"}],"wp:featuredmedia":[{"embeddable":true,"href":"https:\/\/artaceramic.com\/fr\/wp-json\/wp\/v2\/media\/22320"}],"wp:attachment":[{"href":"https:\/\/artaceramic.com\/fr\/wp-json\/wp\/v2\/media?parent=22460"}],"wp:term":[{"taxonomy":"product_brand","embeddable":true,"href":"https:\/\/artaceramic.com\/fr\/wp-json\/wp\/v2\/product_brand?post=22460"},{"taxonomy":"product_cat","embeddable":true,"href":"https:\/\/artaceramic.com\/fr\/wp-json\/wp\/v2\/product_cat?post=22460"},{"taxonomy":"product_tag","embeddable":true,"href":"https:\/\/artaceramic.com\/fr\/wp-json\/wp\/v2\/product_tag?post=22460"}],"curies":[{"name":"wp","href":"https:\/\/api.w.org\/{rel}","templated":true}]}}