{"id":22459,"date":"2024-12-06T13:36:05","date_gmt":"2024-12-06T18:36:05","guid":{"rendered":"https:\/\/artaceramic.com\/?post_type=product&#038;p=22459"},"modified":"2026-02-04T12:33:01","modified_gmt":"2026-02-04T17:33:01","slug":"nouveau-triomphe","status":"publish","type":"product","link":"https:\/\/artaceramic.com\/fr\/produit\/nouveau-triomphe\/","title":{"rendered":"Triomphe"},"content":{"rendered":"<h4><strong>COMMANDE SP\u00c9CIALE<\/strong><\/h4>\n<p>FORMATS DISPONIBLES<\/p>\n<p>&nbsp;<\/p>\n<p>FORMAT: 24&#215;48<\/p>\n<p>PC\/BO\u00ceTE: 15.5<\/p>\n<p>MCX\/BO\u00ceTE: 2<\/p>\n<p>&nbsp;<\/p>\n<p>FORMAT: 48&#215;110<\/p>\n<p>PC\/BO\u00ceTE: 36.15<\/p>\n<p>MCX\/BO\u00ceTE: 1<\/p>\n<p>&nbsp;<\/p>\n<p>\u00c9PAISSEUR 6 MM<\/p>\n","protected":false},"excerpt":{"rendered":"<p><strong>Triomphe<\/strong> utilise des poudres de m\u00e9taux pr\u00e9cieux ; la pr\u00e9sence de petites agglom\u00e9rations d\u2019\u00e9mail est une caract\u00e9ristique intrins\u00e8que du produit. Des dalles en gr\u00e8s c\u00e9rame disponibles dans les trois couleurs symbolisant la victoire : Or, Argent et Bronze, enrichies par les caract\u00e9ristiques des plus fines \u00e9toffes de soie. Un effet iris\u00e9, appel\u00e9 <strong>Moir\u00e9<\/strong>, obtenu gr\u00e2ce \u00e0 une coloration tridimensionnelle innovante \u00e0 froid, permet de cr\u00e9er des jeux de lumi\u00e8re et d\u2019ombre avec une profondeur visuelle extraordinaire. <strong>Triomphe<\/strong>, la richesse visuelle et tactile des m\u00e9taux pr\u00e9cieux.<\/p>\n<h4>COULEURS DISPONIBLES<\/h4>\n<p><span id=\"color-name\"><\/span><br \/>\n<img decoding=\"async\" class=\"alignnone size-full wp-image-22327\" style=\"cursor: pointer;\" src=\"https:\/\/artaceramic.com\/wp-content\/uploads\/2024\/11\/Silver.png\" alt=\"Silver\" width=\"80\" height=\"80\" \/> <img decoding=\"async\" class=\"alignnone size-full wp-image-22329\" style=\"cursor: pointer;\" src=\"https:\/\/artaceramic.com\/wp-content\/uploads\/2024\/11\/Gold.png\" alt=\"Gold\" width=\"80\" height=\"80\" \/> <img decoding=\"async\" class=\"alignnone size-full wp-image-22331\" style=\"cursor: pointer;\" src=\"https:\/\/artaceramic.com\/wp-content\/uploads\/2024\/11\/Bronze.png\" alt=\"Bronze\" width=\"80\" height=\"80\" \/><\/p>\n","protected":false},"featured_media":22339,"template":"","meta":[],"product_brand":[],"product_cat":[66,80,100],"product_tag":[],"class_list":{"0":"post-22459","1":"product","2":"type-product","3":"status-publish","4":"has-post-thumbnail","6":"product_cat-carreaux","7":"product_cat-carreaux-muraux","8":"product_cat-ceramique-et-porcelaine","9":"pa_colors-gris","10":"pa_colors-jaune","11":"pa_colors-metallique","12":"pa_colors-rose","13":"pa_sizes-24x48-fr","14":"pa_sizes-48x110-fr","15":"pa_thickness-6mm-fr","17":"first","18":"instock","19":"shipping-taxable","20":"product-type-simple"},"_links":{"self":[{"href":"https:\/\/artaceramic.com\/fr\/wp-json\/wp\/v2\/product\/22459","targetHints":{"allow":["GET"]}}],"collection":[{"href":"https:\/\/artaceramic.com\/fr\/wp-json\/wp\/v2\/product"}],"about":[{"href":"https:\/\/artaceramic.com\/fr\/wp-json\/wp\/v2\/types\/product"}],"wp:featuredmedia":[{"embeddable":true,"href":"https:\/\/artaceramic.com\/fr\/wp-json\/wp\/v2\/media\/22339"}],"wp:attachment":[{"href":"https:\/\/artaceramic.com\/fr\/wp-json\/wp\/v2\/media?parent=22459"}],"wp:term":[{"taxonomy":"product_brand","embeddable":true,"href":"https:\/\/artaceramic.com\/fr\/wp-json\/wp\/v2\/product_brand?post=22459"},{"taxonomy":"product_cat","embeddable":true,"href":"https:\/\/artaceramic.com\/fr\/wp-json\/wp\/v2\/product_cat?post=22459"},{"taxonomy":"product_tag","embeddable":true,"href":"https:\/\/artaceramic.com\/fr\/wp-json\/wp\/v2\/product_tag?post=22459"}],"curies":[{"name":"wp","href":"https:\/\/api.w.org\/{rel}","templated":true}]}}