{"id":22456,"date":"2024-12-06T12:47:08","date_gmt":"2024-12-06T17:47:08","guid":{"rendered":"https:\/\/artaceramic.com\/?post_type=product&#038;p=22456"},"modified":"2026-02-04T12:34:05","modified_gmt":"2026-02-04T17:34:05","slug":"nouveau-rad","status":"publish","type":"product","link":"https:\/\/artaceramic.com\/fr\/produit\/nouveau-rad\/","title":{"rendered":"Rad"},"content":{"rendered":"<h4><strong>COMMANDE SP\u00c9CIALE<\/strong><\/h4>\n<h4>FORMATS DISPONIBLES<\/h4>\n<p>FORMAT: 24&#215;48<br \/>\nPC\/BO\u00ceTE: 15.5<br \/>\nMCX\/BO\u00ceTE: 2<\/p>\n<p>&nbsp;<\/p>\n<p>FORMAT: 48&#215;110<br \/>\nPC\/BO\u00ceTE: 36.15<br \/>\nMCX\/BO\u00ceTE: 1<\/p>\n<p>\u00c9PAISSEUR 6 MM<\/p>\n","protected":false},"excerpt":{"rendered":"<p>Les moulures des voitures des ann\u00e9es 70, les pi\u00e8ces de mobilier des appartements bourgeois de style mid-century, un peu d\u00e9mod\u00e9es comme certains cognacs vieillis dans des bouteilles en cristal. Rad, le bois madr\u00e9 r\u00e9interpr\u00e9t\u00e9 \u00e0 travers des dalles en gr\u00e8s c\u00e9rame \u00e9maill\u00e9 ultra-brillant et profond, gr\u00e2ce \u00e0 un laquage particulier. Trois propositions de couleurs : Light, Mid et Dark.<\/p>\n<h4>COULEURS DISPONIBLES<\/h4>\n<p><span id=\"color-name\"><\/span><br \/>\n<img decoding=\"async\" class=\"alignnone size-full wp-image-22293\" style=\"cursor: pointer;\" src=\"https:\/\/artaceramic.com\/wp-content\/uploads\/2024\/11\/Rad-Light.png\" alt=\"Light\" width=\"80\" height=\"80\" \/> <img decoding=\"async\" class=\"alignnone size-full wp-image-22295\" style=\"cursor: pointer;\" src=\"https:\/\/artaceramic.com\/wp-content\/uploads\/2024\/11\/Rad-Mid.png\" alt=\"Mid\" width=\"80\" height=\"80\" \/> <img decoding=\"async\" class=\"alignnone size-full wp-image-22297\" style=\"cursor: pointer;\" src=\"https:\/\/artaceramic.com\/wp-content\/uploads\/2024\/11\/Rad-Dark.png\" alt=\"Dark\" width=\"80\" height=\"80\" \/><\/p>\n","protected":false},"featured_media":22311,"template":"","meta":[],"product_brand":[],"product_cat":[66,80,100],"product_tag":[],"class_list":{"0":"post-22456","1":"product","2":"type-product","3":"status-publish","4":"has-post-thumbnail","6":"product_cat-carreaux","7":"product_cat-carreaux-muraux","8":"product_cat-ceramique-et-porcelaine","9":"pa_colors-beige-fr","10":"pa_colors-brun","11":"pa_sizes-24x48-fr","12":"pa_sizes-48x110-fr","13":"pa_thickness-6mm-fr","15":"first","16":"instock","17":"shipping-taxable","18":"product-type-simple"},"_links":{"self":[{"href":"https:\/\/artaceramic.com\/fr\/wp-json\/wp\/v2\/product\/22456","targetHints":{"allow":["GET"]}}],"collection":[{"href":"https:\/\/artaceramic.com\/fr\/wp-json\/wp\/v2\/product"}],"about":[{"href":"https:\/\/artaceramic.com\/fr\/wp-json\/wp\/v2\/types\/product"}],"wp:featuredmedia":[{"embeddable":true,"href":"https:\/\/artaceramic.com\/fr\/wp-json\/wp\/v2\/media\/22311"}],"wp:attachment":[{"href":"https:\/\/artaceramic.com\/fr\/wp-json\/wp\/v2\/media?parent=22456"}],"wp:term":[{"taxonomy":"product_brand","embeddable":true,"href":"https:\/\/artaceramic.com\/fr\/wp-json\/wp\/v2\/product_brand?post=22456"},{"taxonomy":"product_cat","embeddable":true,"href":"https:\/\/artaceramic.com\/fr\/wp-json\/wp\/v2\/product_cat?post=22456"},{"taxonomy":"product_tag","embeddable":true,"href":"https:\/\/artaceramic.com\/fr\/wp-json\/wp\/v2\/product_tag?post=22456"}],"curies":[{"name":"wp","href":"https:\/\/api.w.org\/{rel}","templated":true}]}}