{"id":22289,"date":"2024-11-13T14:22:11","date_gmt":"2024-11-13T19:22:11","guid":{"rendered":"https:\/\/artaceramic.com\/?post_type=product&#038;p=22289"},"modified":"2026-02-04T12:09:24","modified_gmt":"2026-02-04T17:09:24","slug":"bientot-geometric","status":"publish","type":"product","link":"https:\/\/artaceramic.com\/fr\/produit\/bientot-geometric\/","title":{"rendered":"Geometric"},"content":{"rendered":"<h4>FORMAT DISPONIBLES<\/h4>\n<p>FORMAT: 16X48<br \/>\nSQ\/BO\u00ceTE: 15.55<br \/>\nPCS\/BO\u00ceTE: 3<\/p>\n<h4>MUR SEULEMENT<\/h4>\n<p>&nbsp;<\/p>\n","protected":false},"excerpt":{"rendered":"<pre id=\"tw-target-text\" class=\"tw-data-text tw-text-large tw-ta\" dir=\"ltr\" data-placeholder=\"Translation\" aria-label=\"Translated text: La s\u00e9rie de carreaux muraux g\u00e9om\u00e9triques transforme les espaces avec ses motifs g\u00e9om\u00e9triques contemporains et sa texture lisse en bois naturel. Il est disponible dans un format rectifi\u00e9 16X48 qui assure une pose pr\u00e9cise et une finition impeccable. Les motifs g\u00e9om\u00e9triques sont disponibles en quatre couleurs de finition mate : amande, \u00e9rable, ch\u00eane et blanc. La palette de couleurs neutres rappelle les bois les plus populaires et permet des combinaisons cr\u00e9atives ainsi qu'une int\u00e9gration harmonieuse avec d'autres \u00e9l\u00e9ments d\u00e9coratifs.\" data-ved=\"2ahUKEwjbk57shNqJAxXMEVkFHfdfGrcQ3ewLegQIChAU\"><\/pre>\n<h4>COULEURS DISPONIBLES<\/h4>\n<p><span id=\"color-name\"><\/span><br \/>\n<img decoding=\"async\" class=\"alignnone size-full wp-image-22262\" style=\"cursor: pointer;\" src=\"https:\/\/artaceramic.com\/wp-content\/uploads\/2024\/11\/geometric-almond.png\" alt=\"Almond\" width=\"80\" height=\"80\" \/> <img decoding=\"async\" class=\"alignnone size-medium wp-image-22264\" style=\"cursor: pointer;\" src=\"https:\/\/artaceramic.com\/wp-content\/uploads\/2024\/11\/geometric-maple.png\" alt=\"Maple\" width=\"80\" height=\"80\" \/> <img decoding=\"async\" class=\"alignnone size-medium wp-image-22266\" style=\"cursor: pointer;\" src=\"https:\/\/artaceramic.com\/wp-content\/uploads\/2024\/11\/Geometric-Oak.png\" alt=\"Oak\" width=\"80\" height=\"80\" \/> <img loading=\"lazy\" decoding=\"async\" class=\"alignnone size-medium wp-image-22268\" style=\"cursor: pointer;\" src=\"https:\/\/artaceramic.com\/wp-content\/uploads\/2024\/11\/Geometric-White.png\" alt=\"White\" width=\"80\" height=\"80\" \/><\/p>\n","protected":false},"featured_media":22284,"template":"","meta":[],"product_brand":[],"product_cat":[66,100],"product_tag":[],"class_list":{"0":"post-22289","1":"product","2":"type-product","3":"status-publish","4":"has-post-thumbnail","6":"product_cat-carreaux","7":"product_cat-ceramique-et-porcelaine","8":"pa_colors-beige-fr","9":"pa_colors-blanc","10":"pa_colors-brun","11":"pa_colors-gris","12":"pa_colors-ivoire","13":"pa_sizes-16x48-fr","15":"first","16":"instock","17":"shipping-taxable","18":"product-type-simple"},"_links":{"self":[{"href":"https:\/\/artaceramic.com\/fr\/wp-json\/wp\/v2\/product\/22289","targetHints":{"allow":["GET"]}}],"collection":[{"href":"https:\/\/artaceramic.com\/fr\/wp-json\/wp\/v2\/product"}],"about":[{"href":"https:\/\/artaceramic.com\/fr\/wp-json\/wp\/v2\/types\/product"}],"wp:featuredmedia":[{"embeddable":true,"href":"https:\/\/artaceramic.com\/fr\/wp-json\/wp\/v2\/media\/22284"}],"wp:attachment":[{"href":"https:\/\/artaceramic.com\/fr\/wp-json\/wp\/v2\/media?parent=22289"}],"wp:term":[{"taxonomy":"product_brand","embeddable":true,"href":"https:\/\/artaceramic.com\/fr\/wp-json\/wp\/v2\/product_brand?post=22289"},{"taxonomy":"product_cat","embeddable":true,"href":"https:\/\/artaceramic.com\/fr\/wp-json\/wp\/v2\/product_cat?post=22289"},{"taxonomy":"product_tag","embeddable":true,"href":"https:\/\/artaceramic.com\/fr\/wp-json\/wp\/v2\/product_tag?post=22289"}],"curies":[{"name":"wp","href":"https:\/\/api.w.org\/{rel}","templated":true}]}}