{"id":22258,"date":"2024-11-13T13:42:02","date_gmt":"2024-11-13T18:42:02","guid":{"rendered":"https:\/\/artaceramic.com\/?post_type=product&#038;p=22258"},"modified":"2026-02-04T12:10:02","modified_gmt":"2026-02-04T17:10:02","slug":"bientot-cronos","status":"publish","type":"product","link":"https:\/\/artaceramic.com\/fr\/produit\/bientot-cronos\/","title":{"rendered":"Cronos"},"content":{"rendered":"<h4>FORMATS DISPONIBLES<\/h4>\n<p>FORMAT: 24X24<br \/>\nPC\/BO\u00ceTE: 15.55<br \/>\nMCX\/BO\u00ceTE: 4<\/p>\n<p>FORMAT: 24X28<br \/>\nPC\/BO\u00ceTE: 15.55<br \/>\nMCX\/BO\u00ceTE: 2<\/p>\n<p>FORMAT: 16X48 ( WALL TILE)<br \/>\nPC\/BO\u00ceTE: 15.55<br \/>\nMCX\/BO\u00ceTE: 43<\/p>\n<p>&nbsp;<\/p>\n<p>&nbsp;<\/p>\n","protected":false},"excerpt":{"rendered":"<p>La chaleur de la pierre naturelle prend forme avec <strong>Cronos<\/strong>, une s\u00e9rie en porcelaine sp\u00e9cialement con\u00e7ue pour r\u00e9pondre aux exigences des projets architecturaux et de design d&rsquo;int\u00e9rieur \u00e0 grande \u00e9chelle.<\/p>\n<p>Inspir\u00e9 par la majest\u00e9 et l&rsquo;intemporalit\u00e9 de la pierre, <strong>Cronos<\/strong> allie esth\u00e9tique et fonctionnalit\u00e9 pour cr\u00e9er des espaces qui incarnent solidit\u00e9 et \u00e9l\u00e9gance.<\/p>\n<h4>COULEURS DISPONIBLES<\/h4>\n<p><span id=\"color-name\"><\/span><br \/>\n<img decoding=\"async\" class=\"alignnone size-full wp-image-22199\" style=\"cursor: pointer;\" src=\"https:\/\/artaceramic.com\/wp-content\/uploads\/2024\/11\/Cronos-Cream.png\" alt=\"Ivory\" width=\"80\" height=\"80\" \/> <img decoding=\"async\" class=\"alignnone size-full wp-image-22201\" style=\"cursor: pointer;\" src=\"https:\/\/artaceramic.com\/wp-content\/uploads\/2024\/11\/cronos-cream2.png\" alt=\"Cream\" width=\"80\" height=\"80\" \/> <img decoding=\"async\" class=\"alignnone size-full wp-image-22205\" style=\"cursor: pointer;\" src=\"https:\/\/artaceramic.com\/wp-content\/uploads\/2024\/11\/Cronos-Pearl.png\" alt=\"Pearl\" width=\"80\" height=\"80\" \/> <img loading=\"lazy\" decoding=\"async\" class=\"alignnone size-full wp-image-22207\" style=\"cursor: pointer;\" src=\"https:\/\/artaceramic.com\/wp-content\/uploads\/2024\/11\/Cronos-Ivory-Peak.png\" alt=\"Ivory Peak\" width=\"80\" height=\"80\" \/> <img loading=\"lazy\" decoding=\"async\" class=\"alignnone size-full wp-image-22209\" style=\"cursor: pointer;\" src=\"https:\/\/artaceramic.com\/wp-content\/uploads\/2024\/11\/cronos-cream-peak.png\" alt=\"Cream Peak\" width=\"80\" height=\"80\" \/> <img loading=\"lazy\" decoding=\"async\" class=\"alignnone size-full wp-image-22211\" style=\"cursor: pointer;\" src=\"https:\/\/artaceramic.com\/wp-content\/uploads\/2024\/11\/cronos-pearl-peak.png\" alt=\"Pearl Peak\" width=\"80\" height=\"80\" \/> <img loading=\"lazy\" decoding=\"async\" class=\"alignnone size-full wp-image-22213\" style=\"cursor: pointer;\" src=\"https:\/\/artaceramic.com\/wp-content\/uploads\/2024\/11\/Laja-Ivory.png\" alt=\"Ivory Laja\" width=\"80\" height=\"80\" \/> <img loading=\"lazy\" decoding=\"async\" class=\"alignnone size-full wp-image-22215\" style=\"cursor: pointer;\" src=\"https:\/\/artaceramic.com\/wp-content\/uploads\/2024\/11\/laja-cream.png\" alt=\"Cream Laja\" width=\"80\" height=\"80\" \/> <img loading=\"lazy\" decoding=\"async\" class=\"alignnone size-full wp-image-22217\" style=\"cursor: pointer;\" src=\"https:\/\/artaceramic.com\/wp-content\/uploads\/2024\/11\/Laja-Pearl.png\" alt=\"Pearl Laja\" width=\"80\" height=\"80\" \/><\/p>\n","protected":false},"featured_media":22229,"template":"","meta":[],"product_brand":[],"product_cat":[66,100],"product_tag":[],"class_list":{"0":"post-22258","1":"product","2":"type-product","3":"status-publish","4":"has-post-thumbnail","6":"product_cat-carreaux","7":"product_cat-ceramique-et-porcelaine","8":"pa_colors-beige-fr","9":"pa_colors-blanc","10":"pa_colors-gris","11":"pa_sizes-16x48-fr","12":"pa_sizes-16x48","13":"pa_sizes-24x24-fr","14":"pa_sizes-24x24","15":"pa_sizes-24x48","16":"pa_sizes-24x48-fr","18":"first","19":"instock","20":"shipping-taxable","21":"product-type-simple"},"_links":{"self":[{"href":"https:\/\/artaceramic.com\/fr\/wp-json\/wp\/v2\/product\/22258","targetHints":{"allow":["GET"]}}],"collection":[{"href":"https:\/\/artaceramic.com\/fr\/wp-json\/wp\/v2\/product"}],"about":[{"href":"https:\/\/artaceramic.com\/fr\/wp-json\/wp\/v2\/types\/product"}],"wp:featuredmedia":[{"embeddable":true,"href":"https:\/\/artaceramic.com\/fr\/wp-json\/wp\/v2\/media\/22229"}],"wp:attachment":[{"href":"https:\/\/artaceramic.com\/fr\/wp-json\/wp\/v2\/media?parent=22258"}],"wp:term":[{"taxonomy":"product_brand","embeddable":true,"href":"https:\/\/artaceramic.com\/fr\/wp-json\/wp\/v2\/product_brand?post=22258"},{"taxonomy":"product_cat","embeddable":true,"href":"https:\/\/artaceramic.com\/fr\/wp-json\/wp\/v2\/product_cat?post=22258"},{"taxonomy":"product_tag","embeddable":true,"href":"https:\/\/artaceramic.com\/fr\/wp-json\/wp\/v2\/product_tag?post=22258"}],"curies":[{"name":"wp","href":"https:\/\/api.w.org\/{rel}","templated":true}]}}