{"id":22177,"date":"2024-11-12T15:30:13","date_gmt":"2024-11-12T20:30:13","guid":{"rendered":"https:\/\/artaceramic.com\/?post_type=product&#038;p=22177"},"modified":"2026-02-04T12:10:59","modified_gmt":"2026-02-04T17:10:59","slug":"nouveau-bits","status":"publish","type":"product","link":"https:\/\/artaceramic.com\/fr\/produit\/nouveau-bits\/","title":{"rendered":"Bits"},"content":{"rendered":"<h4>FORMATS DISPONIBLES<\/h4>\n<p>FORMAT: 1.5 x 4.6<\/p>\n<p>PC\/BO\u00ceTE: 5.26<\/p>\n<p>MCX\/BO\u00ceTE: 110<\/p>\n<p>&nbsp;<\/p>\n<p>FORMAT: 4.6 x 4.5<\/p>\n<p>PC\/BO\u00ceTE: 5.26<\/p>\n<p>MCX\/BO\u00ceTE: 37<\/p>\n","protected":false},"excerpt":{"rendered":"<p>La c\u00e9ramique devient une toile de cr\u00e9ativit\u00e9 sans limites. Inspir\u00e9e par l\u2019unit\u00e9 minimale de construction, chaque pi\u00e8ce est un fragment pr\u00eat \u00e0 fa\u00e7onner votre espace.<br \/>\nDes couleurs vibrantes et des finitions polyvalentes s\u2019unissent pour que vous puissiez devenir l\u2019architecte de votre environnement.<br \/>\nD\u00e9couvrez la beaut\u00e9 dans la simplicit\u00e9, cr\u00e9ez votre chef-d&rsquo;\u0153uvre avec Bits<\/p>\n<h4>COULEURS DISPONIBLES<\/h4>\n<p><span id=\"color-name\"><\/span><br \/>\n<img decoding=\"async\" class=\"alignnone wp-image-22118\" style=\"cursor: pointer;\" src=\"https:\/\/artaceramic.com\/wp-content\/uploads\/2024\/11\/133023_SQUARE-TUNDRA-MATT-1.jpg\" alt=\"Tundra\" width=\"80\" height=\"80\" srcset=\"https:\/\/artaceramic.com\/wp-content\/uploads\/2024\/11\/133023_SQUARE-TUNDRA-MATT-1.jpg 567w, https:\/\/artaceramic.com\/wp-content\/uploads\/2024\/11\/133023_SQUARE-TUNDRA-MATT-1-100x100.jpg 100w\" sizes=\"(max-width: 80px) 100vw, 80px\" \/> <img decoding=\"async\" class=\"alignnone wp-image-22112\" style=\"cursor: pointer;\" src=\"https:\/\/artaceramic.com\/wp-content\/uploads\/2024\/11\/133029_SQUARE-CIDER-MATT.jpg\" alt=\"Cider\" width=\"80\" height=\"80\" srcset=\"https:\/\/artaceramic.com\/wp-content\/uploads\/2024\/11\/133029_SQUARE-CIDER-MATT.jpg 567w, https:\/\/artaceramic.com\/wp-content\/uploads\/2024\/11\/133029_SQUARE-CIDER-MATT-100x100.jpg 100w\" sizes=\"(max-width: 80px) 100vw, 80px\" \/> <img decoding=\"async\" class=\"alignnone wp-image-22116\" style=\"cursor: pointer;\" src=\"https:\/\/artaceramic.com\/wp-content\/uploads\/2024\/11\/133031_SQUARE-CELADON-MATT.jpg\" alt=\"Celadon\" width=\"80\" height=\"80\" srcset=\"https:\/\/artaceramic.com\/wp-content\/uploads\/2024\/11\/133031_SQUARE-CELADON-MATT.jpg 567w, https:\/\/artaceramic.com\/wp-content\/uploads\/2024\/11\/133031_SQUARE-CELADON-MATT-100x100.jpg 100w\" sizes=\"(max-width: 80px) 100vw, 80px\" \/> <img loading=\"lazy\" decoding=\"async\" class=\"alignnone wp-image-22114\" style=\"cursor: pointer;\" src=\"https:\/\/artaceramic.com\/wp-content\/uploads\/2024\/11\/133030_SQUARE-SCUBA-BLUE-MATT.jpg\" alt=\"Scuba\" width=\"80\" height=\"80\" srcset=\"https:\/\/artaceramic.com\/wp-content\/uploads\/2024\/11\/133030_SQUARE-SCUBA-BLUE-MATT.jpg 567w, https:\/\/artaceramic.com\/wp-content\/uploads\/2024\/11\/133030_SQUARE-SCUBA-BLUE-MATT-100x100.jpg 100w\" sizes=\"(max-width: 80px) 100vw, 80px\" \/> <img loading=\"lazy\" decoding=\"async\" class=\"alignnone wp-image-22102\" style=\"cursor: pointer;\" src=\"https:\/\/artaceramic.com\/wp-content\/uploads\/2024\/11\/133024_SQUARE-CHESTNUT-MATT-.jpg\" alt=\"Chestnut\" width=\"80\" height=\"80\" srcset=\"https:\/\/artaceramic.com\/wp-content\/uploads\/2024\/11\/133024_SQUARE-CHESTNUT-MATT-.jpg 567w, https:\/\/artaceramic.com\/wp-content\/uploads\/2024\/11\/133024_SQUARE-CHESTNUT-MATT--100x100.jpg 100w\" sizes=\"(max-width: 80px) 100vw, 80px\" \/> <img loading=\"lazy\" decoding=\"async\" class=\"alignnone wp-image-22104\" style=\"cursor: pointer;\" src=\"https:\/\/artaceramic.com\/wp-content\/uploads\/2024\/11\/133025_SQUARE-STEEL-BLUE-MATT.jpg\" alt=\"Steel Blue\" width=\"80\" height=\"80\" srcset=\"https:\/\/artaceramic.com\/wp-content\/uploads\/2024\/11\/133025_SQUARE-STEEL-BLUE-MATT.jpg 567w, https:\/\/artaceramic.com\/wp-content\/uploads\/2024\/11\/133025_SQUARE-STEEL-BLUE-MATT-100x100.jpg 100w\" sizes=\"(max-width: 80px) 100vw, 80px\" \/> <img loading=\"lazy\" decoding=\"async\" class=\"alignnone wp-image-22106\" style=\"cursor: pointer;\" src=\"https:\/\/artaceramic.com\/wp-content\/uploads\/2024\/11\/133026_SQUARE-KALE-MATT.jpg\" alt=\"Kale\" width=\"80\" height=\"80\" srcset=\"https:\/\/artaceramic.com\/wp-content\/uploads\/2024\/11\/133026_SQUARE-KALE-MATT.jpg 567w, https:\/\/artaceramic.com\/wp-content\/uploads\/2024\/11\/133026_SQUARE-KALE-MATT-100x100.jpg 100w\" sizes=\"(max-width: 80px) 100vw, 80px\" \/> <img loading=\"lazy\" decoding=\"async\" class=\"alignnone wp-image-22110\" style=\"cursor: pointer;\" src=\"https:\/\/artaceramic.com\/wp-content\/uploads\/2024\/11\/133028_SQUARE-CLOUD-MATT.jpg\" alt=\"Cloud\" width=\"80\" height=\"80\" srcset=\"https:\/\/artaceramic.com\/wp-content\/uploads\/2024\/11\/133028_SQUARE-CLOUD-MATT.jpg 567w, https:\/\/artaceramic.com\/wp-content\/uploads\/2024\/11\/133028_SQUARE-CLOUD-MATT-100x100.jpg 100w\" sizes=\"(max-width: 80px) 100vw, 80px\" \/> <img loading=\"lazy\" decoding=\"async\" class=\"alignnone wp-image-22108\" style=\"cursor: pointer;\" src=\"https:\/\/artaceramic.com\/wp-content\/uploads\/2024\/11\/133027_SQUARE-STORM-MATT.jpg\" alt=\"Storm\" width=\"80\" height=\"80\" srcset=\"https:\/\/artaceramic.com\/wp-content\/uploads\/2024\/11\/133027_SQUARE-STORM-MATT.jpg 567w, https:\/\/artaceramic.com\/wp-content\/uploads\/2024\/11\/133027_SQUARE-STORM-MATT-100x100.jpg 100w\" sizes=\"(max-width: 80px) 100vw, 80px\" \/><\/p>\n","protected":false},"featured_media":22169,"template":"","meta":[],"product_brand":[],"product_cat":[66,100],"product_tag":[],"class_list":{"0":"post-22177","1":"product","2":"type-product","3":"status-publish","4":"has-post-thumbnail","6":"product_cat-carreaux","7":"product_cat-ceramique-et-porcelaine","8":"pa_colors-bleu","9":"pa_colors-gris","10":"pa_colors-ivoire","11":"pa_colors-noir","12":"pa_colors-orange-fr","13":"pa_colors-rose","14":"pa_colors-vert","15":"pa_sizes-1x4-fr","16":"pa_sizes-4x4-fr","18":"first","19":"instock","20":"shipping-taxable","21":"product-type-simple"},"_links":{"self":[{"href":"https:\/\/artaceramic.com\/fr\/wp-json\/wp\/v2\/product\/22177","targetHints":{"allow":["GET"]}}],"collection":[{"href":"https:\/\/artaceramic.com\/fr\/wp-json\/wp\/v2\/product"}],"about":[{"href":"https:\/\/artaceramic.com\/fr\/wp-json\/wp\/v2\/types\/product"}],"wp:featuredmedia":[{"embeddable":true,"href":"https:\/\/artaceramic.com\/fr\/wp-json\/wp\/v2\/media\/22169"}],"wp:attachment":[{"href":"https:\/\/artaceramic.com\/fr\/wp-json\/wp\/v2\/media?parent=22177"}],"wp:term":[{"taxonomy":"product_brand","embeddable":true,"href":"https:\/\/artaceramic.com\/fr\/wp-json\/wp\/v2\/product_brand?post=22177"},{"taxonomy":"product_cat","embeddable":true,"href":"https:\/\/artaceramic.com\/fr\/wp-json\/wp\/v2\/product_cat?post=22177"},{"taxonomy":"product_tag","embeddable":true,"href":"https:\/\/artaceramic.com\/fr\/wp-json\/wp\/v2\/product_tag?post=22177"}],"curies":[{"name":"wp","href":"https:\/\/api.w.org\/{rel}","templated":true}]}}