{"id":22006,"date":"2024-10-23T14:04:49","date_gmt":"2024-10-23T18:04:49","guid":{"rendered":"https:\/\/artaceramic.com\/?post_type=product&#038;p=22006"},"modified":"2026-02-04T12:16:21","modified_gmt":"2026-02-04T17:16:21","slug":"nouveau-graffiti","status":"publish","type":"product","link":"https:\/\/artaceramic.com\/fr\/produit\/nouveau-graffiti\/","title":{"rendered":"Graffiti"},"content":{"rendered":"<h4>FORMATS DISPONIBLES<\/h4>\n<p>FORMAT: 2X18<\/p>\n<p>PC\/BOX: 7.45<\/p>\n<p>MCX\/BOX: 32.00<\/p>\n","protected":false},"excerpt":{"rendered":"<p>Des espaces con\u00e7us et r\u00e9interpr\u00e9t\u00e9s \u00e0 travers la couleur, et un m\u00e9lange d&rsquo;artisanat et de technologie. Graffiti \u00e9largit la famille Brick Generation avec de nouveaux formats de 4,8&#215;45 cm et dix teintes \u00e0 effet mat. Un riche r\u00e9pertoire de couleurs textur\u00e9es, au format brique, pour choisir son propre rev\u00eatement et concevoir des espaces modernes. Les compositions horizontales, verticales et en chevrons rendent cette s\u00e9rie encore plus polyvalente, offrant non seulement de la couleur, mais aussi des jeux g\u00e9om\u00e9triques et optiques pour des projets harmonieux.<\/p>\n<h4>COULEURS DISPONIBLES<\/h4>\n<p><span id=\"color-name\"><\/span><br \/>\n<img decoding=\"async\" class=\"alignnone wp-image-22000\" style=\"cursor: pointer;\" src=\"https:\/\/artaceramic.com\/wp-content\/uploads\/2024\/10\/PANNELLO_WHITE_HD-1024x762.jpg\" alt=\"White\" width=\"80\" height=\"60\" srcset=\"https:\/\/artaceramic.com\/wp-content\/uploads\/2024\/10\/PANNELLO_WHITE_HD-1024x762.jpg 1024w, https:\/\/artaceramic.com\/wp-content\/uploads\/2024\/10\/PANNELLO_WHITE_HD-768x572.jpg 768w, https:\/\/artaceramic.com\/wp-content\/uploads\/2024\/10\/PANNELLO_WHITE_HD-1536x1143.jpg 1536w, https:\/\/artaceramic.com\/wp-content\/uploads\/2024\/10\/PANNELLO_WHITE_HD-2048x1524.jpg 2048w\" sizes=\"(max-width: 80px) 100vw, 80px\" \/> <img decoding=\"async\" class=\"alignnone wp-image-21994\" style=\"cursor: pointer;\" src=\"https:\/\/artaceramic.com\/wp-content\/uploads\/2024\/10\/PANNELLO_IVORY_HD-1024x762.jpg\" alt=\"Ivory\" width=\"80\" height=\"60\" srcset=\"https:\/\/artaceramic.com\/wp-content\/uploads\/2024\/10\/PANNELLO_IVORY_HD-1024x762.jpg 1024w, https:\/\/artaceramic.com\/wp-content\/uploads\/2024\/10\/PANNELLO_IVORY_HD-768x572.jpg 768w, https:\/\/artaceramic.com\/wp-content\/uploads\/2024\/10\/PANNELLO_IVORY_HD-1536x1143.jpg 1536w, https:\/\/artaceramic.com\/wp-content\/uploads\/2024\/10\/PANNELLO_IVORY_HD-2048x1524.jpg 2048w\" sizes=\"(max-width: 80px) 100vw, 80px\" \/> <img decoding=\"async\" class=\"alignnone wp-image-21986\" style=\"cursor: pointer;\" src=\"https:\/\/artaceramic.com\/wp-content\/uploads\/2024\/10\/PANNELLO_BEIGE_HD-1024x762.jpg\" alt=\"Beige\" width=\"80\" height=\"60\" srcset=\"https:\/\/artaceramic.com\/wp-content\/uploads\/2024\/10\/PANNELLO_BEIGE_HD-1024x762.jpg 1024w, https:\/\/artaceramic.com\/wp-content\/uploads\/2024\/10\/PANNELLO_BEIGE_HD-768x572.jpg 768w, https:\/\/artaceramic.com\/wp-content\/uploads\/2024\/10\/PANNELLO_BEIGE_HD-1536x1143.jpg 1536w, https:\/\/artaceramic.com\/wp-content\/uploads\/2024\/10\/PANNELLO_BEIGE_HD-2048x1524.jpg 2048w\" sizes=\"(max-width: 80px) 100vw, 80px\" \/> <img loading=\"lazy\" decoding=\"async\" class=\"alignnone wp-image-21980\" style=\"cursor: pointer;\" src=\"https:\/\/artaceramic.com\/wp-content\/uploads\/2024\/10\/PANNELLO_ACQUAMARINA_HD-1024x762.jpg\" alt=\"Acquamarine\" width=\"80\" height=\"60\" srcset=\"https:\/\/artaceramic.com\/wp-content\/uploads\/2024\/10\/PANNELLO_ACQUAMARINA_HD-1024x762.jpg 1024w, https:\/\/artaceramic.com\/wp-content\/uploads\/2024\/10\/PANNELLO_ACQUAMARINA_HD-768x572.jpg 768w, https:\/\/artaceramic.com\/wp-content\/uploads\/2024\/10\/PANNELLO_ACQUAMARINA_HD-1536x1143.jpg 1536w, https:\/\/artaceramic.com\/wp-content\/uploads\/2024\/10\/PANNELLO_ACQUAMARINA_HD-2048x1524.jpg 2048w\" sizes=\"(max-width: 80px) 100vw, 80px\" \/> <img loading=\"lazy\" decoding=\"async\" class=\"alignnone wp-image-21992\" style=\"cursor: pointer;\" src=\"https:\/\/artaceramic.com\/wp-content\/uploads\/2024\/10\/PANNELLO_GREEN_HD-1024x762.jpg\" alt=\"Green\" width=\"80\" height=\"60\" srcset=\"https:\/\/artaceramic.com\/wp-content\/uploads\/2024\/10\/PANNELLO_GREEN_HD-1024x762.jpg 1024w, https:\/\/artaceramic.com\/wp-content\/uploads\/2024\/10\/PANNELLO_GREEN_HD-768x572.jpg 768w, https:\/\/artaceramic.com\/wp-content\/uploads\/2024\/10\/PANNELLO_GREEN_HD-1536x1143.jpg 1536w, https:\/\/artaceramic.com\/wp-content\/uploads\/2024\/10\/PANNELLO_GREEN_HD-2048x1524.jpg 2048w\" sizes=\"(max-width: 80px) 100vw, 80px\" \/> <img loading=\"lazy\" decoding=\"async\" class=\"alignnone wp-image-21998\" style=\"cursor: pointer;\" src=\"https:\/\/artaceramic.com\/wp-content\/uploads\/2024\/10\/PANNELLO_SKY_HD-1024x762.jpg\" alt=\"Sky\" width=\"80\" height=\"60\" srcset=\"https:\/\/artaceramic.com\/wp-content\/uploads\/2024\/10\/PANNELLO_SKY_HD-1024x762.jpg 1024w, https:\/\/artaceramic.com\/wp-content\/uploads\/2024\/10\/PANNELLO_SKY_HD-768x572.jpg 768w, https:\/\/artaceramic.com\/wp-content\/uploads\/2024\/10\/PANNELLO_SKY_HD-1536x1143.jpg 1536w, https:\/\/artaceramic.com\/wp-content\/uploads\/2024\/10\/PANNELLO_SKY_HD-2048x1524.jpg 2048w\" sizes=\"(max-width: 80px) 100vw, 80px\" \/> <img loading=\"lazy\" decoding=\"async\" class=\"alignnone wp-image-21990\" style=\"cursor: pointer;\" src=\"https:\/\/artaceramic.com\/wp-content\/uploads\/2024\/10\/PANNELLO_BLUE_HD-1024x762.jpg\" alt=\"Blue\" width=\"80\" height=\"60\" srcset=\"https:\/\/artaceramic.com\/wp-content\/uploads\/2024\/10\/PANNELLO_BLUE_HD-1024x762.jpg 1024w, https:\/\/artaceramic.com\/wp-content\/uploads\/2024\/10\/PANNELLO_BLUE_HD-768x572.jpg 768w, https:\/\/artaceramic.com\/wp-content\/uploads\/2024\/10\/PANNELLO_BLUE_HD-1536x1143.jpg 1536w, https:\/\/artaceramic.com\/wp-content\/uploads\/2024\/10\/PANNELLO_BLUE_HD-2048x1524.jpg 2048w\" sizes=\"(max-width: 80px) 100vw, 80px\" \/> <img loading=\"lazy\" decoding=\"async\" class=\"alignnone wp-image-21996\" style=\"cursor: pointer;\" src=\"https:\/\/artaceramic.com\/wp-content\/uploads\/2024\/10\/PANNELLO_LIGHTGREY_HD-1024x762.jpg\" alt=\"Light Grey\" width=\"80\" height=\"60\" srcset=\"https:\/\/artaceramic.com\/wp-content\/uploads\/2024\/10\/PANNELLO_LIGHTGREY_HD-1024x762.jpg 1024w, https:\/\/artaceramic.com\/wp-content\/uploads\/2024\/10\/PANNELLO_LIGHTGREY_HD-768x572.jpg 768w, https:\/\/artaceramic.com\/wp-content\/uploads\/2024\/10\/PANNELLO_LIGHTGREY_HD-1536x1143.jpg 1536w, https:\/\/artaceramic.com\/wp-content\/uploads\/2024\/10\/PANNELLO_LIGHTGREY_HD-2048x1524.jpg 2048w\" sizes=\"(max-width: 80px) 100vw, 80px\" \/> <img loading=\"lazy\" decoding=\"async\" class=\"alignnone wp-image-21988\" style=\"cursor: pointer;\" src=\"https:\/\/artaceramic.com\/wp-content\/uploads\/2024\/10\/PANNELLO_BLACK_HD-1024x762.jpg\" alt=\"Charcoal\" width=\"80\" height=\"60\" srcset=\"https:\/\/artaceramic.com\/wp-content\/uploads\/2024\/10\/PANNELLO_BLACK_HD-1024x762.jpg 1024w, https:\/\/artaceramic.com\/wp-content\/uploads\/2024\/10\/PANNELLO_BLACK_HD-768x572.jpg 768w, https:\/\/artaceramic.com\/wp-content\/uploads\/2024\/10\/PANNELLO_BLACK_HD-1536x1143.jpg 1536w, https:\/\/artaceramic.com\/wp-content\/uploads\/2024\/10\/PANNELLO_BLACK_HD-2048x1524.jpg 2048w\" sizes=\"(max-width: 80px) 100vw, 80px\" \/> <img loading=\"lazy\" decoding=\"async\" class=\"alignnone wp-image-22004\" style=\"cursor: pointer;\" src=\"https:\/\/artaceramic.com\/wp-content\/uploads\/2024\/10\/PANNNELLO_RED_HD-1-1024x762.jpg\" alt=\"Red\" width=\"80\" height=\"60\" srcset=\"https:\/\/artaceramic.com\/wp-content\/uploads\/2024\/10\/PANNNELLO_RED_HD-1-1024x762.jpg 1024w, https:\/\/artaceramic.com\/wp-content\/uploads\/2024\/10\/PANNNELLO_RED_HD-1-768x572.jpg 768w, https:\/\/artaceramic.com\/wp-content\/uploads\/2024\/10\/PANNNELLO_RED_HD-1-1536x1143.jpg 1536w, https:\/\/artaceramic.com\/wp-content\/uploads\/2024\/10\/PANNNELLO_RED_HD-1-2048x1524.jpg 2048w\" sizes=\"(max-width: 80px) 100vw, 80px\" \/><\/p>\n","protected":false},"featured_media":21962,"template":"","meta":[],"product_brand":[],"product_cat":[66,100],"product_tag":[],"class_list":{"0":"post-22006","1":"product","2":"type-product","3":"status-publish","4":"has-post-thumbnail","6":"product_cat-carreaux","7":"product_cat-ceramique-et-porcelaine","8":"pa_colors-beige-fr","9":"pa_colors-blanc","10":"pa_colors-bleu","11":"pa_colors-noir","12":"pa_colors-orange-fr","13":"pa_colors-rouge","14":"pa_colors-vert","15":"pa_sizes-2x18-fr","16":"pa_thickness-9-5mm","18":"first","19":"instock","20":"shipping-taxable","21":"product-type-simple"},"_links":{"self":[{"href":"https:\/\/artaceramic.com\/fr\/wp-json\/wp\/v2\/product\/22006","targetHints":{"allow":["GET"]}}],"collection":[{"href":"https:\/\/artaceramic.com\/fr\/wp-json\/wp\/v2\/product"}],"about":[{"href":"https:\/\/artaceramic.com\/fr\/wp-json\/wp\/v2\/types\/product"}],"wp:featuredmedia":[{"embeddable":true,"href":"https:\/\/artaceramic.com\/fr\/wp-json\/wp\/v2\/media\/21962"}],"wp:attachment":[{"href":"https:\/\/artaceramic.com\/fr\/wp-json\/wp\/v2\/media?parent=22006"}],"wp:term":[{"taxonomy":"product_brand","embeddable":true,"href":"https:\/\/artaceramic.com\/fr\/wp-json\/wp\/v2\/product_brand?post=22006"},{"taxonomy":"product_cat","embeddable":true,"href":"https:\/\/artaceramic.com\/fr\/wp-json\/wp\/v2\/product_cat?post=22006"},{"taxonomy":"product_tag","embeddable":true,"href":"https:\/\/artaceramic.com\/fr\/wp-json\/wp\/v2\/product_tag?post=22006"}],"curies":[{"name":"wp","href":"https:\/\/api.w.org\/{rel}","templated":true}]}}