{"id":21955,"date":"2024-10-23T13:36:33","date_gmt":"2024-10-23T17:36:33","guid":{"rendered":"https:\/\/artaceramic.com\/?post_type=product&#038;p=21955"},"modified":"2026-02-04T12:34:37","modified_gmt":"2026-02-04T17:34:37","slug":"nouveau-kit-kat-mid-century","status":"publish","type":"product","link":"https:\/\/artaceramic.com\/fr\/produit\/nouveau-kit-kat-mid-century\/","title":{"rendered":"Kit Kat Mid Century"},"content":{"rendered":"<h4>FORMATS DISPONISBLE<\/h4>\n<p>FORMAT: 12 X 12<\/p>\n<p>PC\/BOX: 18.00<\/p>\n<p>MCX\/BOX: 18.00<\/p>\n","protected":false},"excerpt":{"rendered":"<p>Quand l&rsquo;\u00e9l\u00e9gance r\u00e9tro rencontre des teintes modernes et satur\u00e9es.<\/p>\n<p>D\u00e9couvrez notre collection soigneusement s\u00e9lectionn\u00e9e de designs intemporels, inspir\u00e9s par l&rsquo;esth\u00e9tique du milieu du si\u00e8cle dernier et enrichis de couleurs vibrantes et audacieuses. Parfaits pour transformer vos int\u00e9rieurs avec une touche chic et contemporaine.<\/p>\n<h4>COULEURS DISPONIBLES<\/h4>\n<p><span id=\"color-name\"><\/span><br \/>\n<img decoding=\"async\" class=\"alignnone wp-image-21949\" style=\"cursor: pointer;\" src=\"https:\/\/artaceramic.com\/wp-content\/uploads\/2024\/10\/KKM-WHT-1024x1024.jpg\" alt=\"White\" width=\"80\" height=\"80\" srcset=\"https:\/\/artaceramic.com\/wp-content\/uploads\/2024\/10\/KKM-WHT-1024x1024.jpg 1024w, https:\/\/artaceramic.com\/wp-content\/uploads\/2024\/10\/KKM-WHT-768x768.jpg 768w, https:\/\/artaceramic.com\/wp-content\/uploads\/2024\/10\/KKM-WHT-1536x1536.jpg 1536w, https:\/\/artaceramic.com\/wp-content\/uploads\/2024\/10\/KKM-WHT-2048x2048.jpg 2048w, https:\/\/artaceramic.com\/wp-content\/uploads\/2024\/10\/KKM-WHT-100x100.jpg 100w\" sizes=\"(max-width: 80px) 100vw, 80px\" \/> <img decoding=\"async\" class=\"alignnone wp-image-21945\" style=\"cursor: pointer;\" src=\"https:\/\/artaceramic.com\/wp-content\/uploads\/2024\/10\/KKM-TER-1024x1024.jpg\" alt=\"Terracotta\" width=\"80\" height=\"80\" srcset=\"https:\/\/artaceramic.com\/wp-content\/uploads\/2024\/10\/KKM-TER-1024x1024.jpg 1024w, https:\/\/artaceramic.com\/wp-content\/uploads\/2024\/10\/KKM-TER-768x768.jpg 768w, https:\/\/artaceramic.com\/wp-content\/uploads\/2024\/10\/KKM-TER-1536x1536.jpg 1536w, https:\/\/artaceramic.com\/wp-content\/uploads\/2024\/10\/KKM-TER-2048x2048.jpg 2048w, https:\/\/artaceramic.com\/wp-content\/uploads\/2024\/10\/KKM-TER-100x100.jpg 100w\" sizes=\"(max-width: 80px) 100vw, 80px\" \/> <img decoding=\"async\" class=\"alignnone wp-image-21943\" style=\"cursor: pointer;\" src=\"https:\/\/artaceramic.com\/wp-content\/uploads\/2024\/10\/KKM-SAG-1024x1024.jpg\" alt=\"Sage\" width=\"80\" height=\"80\" srcset=\"https:\/\/artaceramic.com\/wp-content\/uploads\/2024\/10\/KKM-SAG-1024x1024.jpg 1024w, https:\/\/artaceramic.com\/wp-content\/uploads\/2024\/10\/KKM-SAG-768x768.jpg 768w, https:\/\/artaceramic.com\/wp-content\/uploads\/2024\/10\/KKM-SAG-1536x1536.jpg 1536w, https:\/\/artaceramic.com\/wp-content\/uploads\/2024\/10\/KKM-SAG-2048x2048.jpg 2048w, https:\/\/artaceramic.com\/wp-content\/uploads\/2024\/10\/KKM-SAG-100x100.jpg 100w\" sizes=\"(max-width: 80px) 100vw, 80px\" \/> <img loading=\"lazy\" decoding=\"async\" class=\"alignnone wp-image-21951\" style=\"cursor: pointer;\" src=\"https:\/\/artaceramic.com\/wp-content\/uploads\/2024\/10\/KKM-BLK-1024x1024.jpg\" alt=\"Black\" width=\"80\" height=\"80\" srcset=\"https:\/\/artaceramic.com\/wp-content\/uploads\/2024\/10\/KKM-BLK-1024x1024.jpg 1024w, https:\/\/artaceramic.com\/wp-content\/uploads\/2024\/10\/KKM-BLK-768x768.jpg 768w, https:\/\/artaceramic.com\/wp-content\/uploads\/2024\/10\/KKM-BLK-1536x1536.jpg 1536w, https:\/\/artaceramic.com\/wp-content\/uploads\/2024\/10\/KKM-BLK-2048x2048.jpg 2048w, https:\/\/artaceramic.com\/wp-content\/uploads\/2024\/10\/KKM-BLK-100x100.jpg 100w\" sizes=\"(max-width: 80px) 100vw, 80px\" \/><\/p>\n","protected":false},"featured_media":21947,"template":"","meta":[],"product_brand":[],"product_cat":[66,80,100],"product_tag":[],"class_list":{"0":"post-21955","1":"product","2":"type-product","3":"status-publish","4":"has-post-thumbnail","6":"product_cat-carreaux","7":"product_cat-carreaux-muraux","8":"product_cat-ceramique-et-porcelaine","9":"pa_colors-blanc","10":"pa_colors-noir","11":"pa_colors-orange-fr","12":"pa_colors-vert","13":"pa_sizes-12x12","14":"pa_sizes-mosaique","16":"first","17":"instock","18":"shipping-taxable","19":"product-type-simple"},"_links":{"self":[{"href":"https:\/\/artaceramic.com\/fr\/wp-json\/wp\/v2\/product\/21955","targetHints":{"allow":["GET"]}}],"collection":[{"href":"https:\/\/artaceramic.com\/fr\/wp-json\/wp\/v2\/product"}],"about":[{"href":"https:\/\/artaceramic.com\/fr\/wp-json\/wp\/v2\/types\/product"}],"wp:featuredmedia":[{"embeddable":true,"href":"https:\/\/artaceramic.com\/fr\/wp-json\/wp\/v2\/media\/21947"}],"wp:attachment":[{"href":"https:\/\/artaceramic.com\/fr\/wp-json\/wp\/v2\/media?parent=21955"}],"wp:term":[{"taxonomy":"product_brand","embeddable":true,"href":"https:\/\/artaceramic.com\/fr\/wp-json\/wp\/v2\/product_brand?post=21955"},{"taxonomy":"product_cat","embeddable":true,"href":"https:\/\/artaceramic.com\/fr\/wp-json\/wp\/v2\/product_cat?post=21955"},{"taxonomy":"product_tag","embeddable":true,"href":"https:\/\/artaceramic.com\/fr\/wp-json\/wp\/v2\/product_tag?post=21955"}],"curies":[{"name":"wp","href":"https:\/\/api.w.org\/{rel}","templated":true}]}}