{"id":21940,"date":"2024-10-23T13:11:17","date_gmt":"2024-10-23T17:11:17","guid":{"rendered":"https:\/\/artaceramic.com\/?post_type=product&#038;p=21940"},"modified":"2026-02-04T12:18:06","modified_gmt":"2026-02-04T17:18:06","slug":"nouveau-argile","status":"publish","type":"product","link":"https:\/\/artaceramic.com\/fr\/produit\/nouveau-argile\/","title":{"rendered":"Argile"},"content":{"rendered":"<p><strong>FORMATS DISPONIBLE<br \/>\n<\/strong><br \/>\nFORMAT: 7&#215;7<\/p>\n<ul>\n<li>PC\/BOX: 5.6<\/li>\n<li>MCX\/BOX: 16<\/li>\n<\/ul>\n<p>&nbsp;<\/p>\n","protected":false},"excerpt":{"rendered":"<p>Argileis est une collection inspir\u00e9e par les c\u00e9ramiques les plus traditionnelles, issues de l&rsquo;argile, de l&rsquo;eau et du feu. Une mati\u00e8re premi\u00e8re vivante d&rsquo;une beaut\u00e9 intemporelle..<\/p>\n<h4>COULEURS DISPONIBLES<\/h4>\n<p><span id=\"color-name\"><\/span><br \/>\n<img decoding=\"async\" class=\"alignnone wp-image-21932\" style=\"cursor: pointer;\" src=\"https:\/\/artaceramic.com\/wp-content\/uploads\/2024\/10\/Argile-CROSS-COTTO.jpg\" alt=\"Cross Cotto\" width=\"80\" height=\"80\" srcset=\"https:\/\/artaceramic.com\/wp-content\/uploads\/2024\/10\/Argile-CROSS-COTTO.jpg 877w, https:\/\/artaceramic.com\/wp-content\/uploads\/2024\/10\/Argile-CROSS-COTTO-768x769.jpg 768w, https:\/\/artaceramic.com\/wp-content\/uploads\/2024\/10\/Argile-CROSS-COTTO-100x100.jpg 100w\" sizes=\"(max-width: 80px) 100vw, 80px\" \/>\u00a0 <img decoding=\"async\" class=\"alignnone wp-image-21936\" style=\"cursor: pointer;\" src=\"https:\/\/artaceramic.com\/wp-content\/uploads\/2024\/10\/Argile-CROSS-BIANCO.jpg\" alt=\"Cross Bianco\" width=\"80\" height=\"80\" srcset=\"https:\/\/artaceramic.com\/wp-content\/uploads\/2024\/10\/Argile-CROSS-BIANCO.jpg 866w, https:\/\/artaceramic.com\/wp-content\/uploads\/2024\/10\/Argile-CROSS-BIANCO-768x769.jpg 768w, https:\/\/artaceramic.com\/wp-content\/uploads\/2024\/10\/Argile-CROSS-BIANCO-100x100.jpg 100w\" sizes=\"(max-width: 80px) 100vw, 80px\" \/> <img decoding=\"async\" class=\"alignnone wp-image-21934\" style=\"cursor: pointer;\" src=\"https:\/\/artaceramic.com\/wp-content\/uploads\/2024\/10\/Argile-Estrella-Star-Bianco.jpg\" alt=\"Star Bianco\" width=\"80\" height=\"80\" srcset=\"https:\/\/artaceramic.com\/wp-content\/uploads\/2024\/10\/Argile-Estrella-Star-Bianco.jpg 881w, https:\/\/artaceramic.com\/wp-content\/uploads\/2024\/10\/Argile-Estrella-Star-Bianco-768x765.jpg 768w, https:\/\/artaceramic.com\/wp-content\/uploads\/2024\/10\/Argile-Estrella-Star-Bianco-100x100.jpg 100w\" sizes=\"(max-width: 80px) 100vw, 80px\" \/><\/p>\n","protected":false},"featured_media":21938,"template":"","meta":[],"product_brand":[],"product_cat":[66,100],"product_tag":[],"class_list":{"0":"post-21940","1":"product","2":"type-product","3":"status-publish","4":"has-post-thumbnail","6":"product_cat-carreaux","7":"product_cat-ceramique-et-porcelaine","8":"pa_colors-blanc","9":"pa_colors-orange-fr","10":"pa_sizes-7x7","11":"pa_sizes-7x7-fr","13":"first","14":"instock","15":"shipping-taxable","16":"product-type-simple"},"_links":{"self":[{"href":"https:\/\/artaceramic.com\/fr\/wp-json\/wp\/v2\/product\/21940","targetHints":{"allow":["GET"]}}],"collection":[{"href":"https:\/\/artaceramic.com\/fr\/wp-json\/wp\/v2\/product"}],"about":[{"href":"https:\/\/artaceramic.com\/fr\/wp-json\/wp\/v2\/types\/product"}],"wp:featuredmedia":[{"embeddable":true,"href":"https:\/\/artaceramic.com\/fr\/wp-json\/wp\/v2\/media\/21938"}],"wp:attachment":[{"href":"https:\/\/artaceramic.com\/fr\/wp-json\/wp\/v2\/media?parent=21940"}],"wp:term":[{"taxonomy":"product_brand","embeddable":true,"href":"https:\/\/artaceramic.com\/fr\/wp-json\/wp\/v2\/product_brand?post=21940"},{"taxonomy":"product_cat","embeddable":true,"href":"https:\/\/artaceramic.com\/fr\/wp-json\/wp\/v2\/product_cat?post=21940"},{"taxonomy":"product_tag","embeddable":true,"href":"https:\/\/artaceramic.com\/fr\/wp-json\/wp\/v2\/product_tag?post=21940"}],"curies":[{"name":"wp","href":"https:\/\/api.w.org\/{rel}","templated":true}]}}