{"id":21895,"date":"2024-08-22T15:28:52","date_gmt":"2024-08-22T19:28:52","guid":{"rendered":"https:\/\/artaceramic.com\/?post_type=product&#038;p=21895"},"modified":"2026-02-04T12:35:04","modified_gmt":"2026-02-04T17:35:04","slug":"nouveau-haiku","status":"publish","type":"product","link":"https:\/\/artaceramic.com\/fr\/produit\/nouveau-haiku\/","title":{"rendered":"Haiku"},"content":{"rendered":"<h4><strong>COMMANDE SP\u00c9CIALE<\/strong><\/h4>\n","protected":false},"excerpt":{"rendered":"<p>Haiku est la collection con\u00e7ue par Studio Pepe, compos\u00e9e de trois formes qui se combinent pour cr\u00e9er diff\u00e9rents motifs. Le chiffre trois revient dans l&rsquo;inspiration tir\u00e9e du travail de Carlo Scarpa et du rythme tridimensionnel de son architecture en b\u00e9ton, ainsi que dans la tridimensionnalit\u00e9 de chaque pi\u00e8ce, qui, en jouant avec la lumi\u00e8re, cr\u00e9e continuellement de nouvelles surfaces. D&rsquo;o\u00f9 le nom Haiku, qui \u00e9voque une forme po\u00e9tique de la litt\u00e9rature japonaise capable d&rsquo;enfermer un univers de sens en seulement trois lignes<\/p>\n","protected":false},"featured_media":21893,"template":"","meta":[],"product_brand":[],"product_cat":[66,80,100],"product_tag":[],"class_list":{"0":"post-21895","1":"product","2":"type-product","3":"status-publish","4":"has-post-thumbnail","6":"product_cat-carreaux","7":"product_cat-carreaux-muraux","8":"product_cat-ceramique-et-porcelaine","9":"pa_colors-beige-fr","10":"pa_colors-blanc","11":"pa_colors-bleu","12":"pa_colors-metallique","13":"pa_colors-multicolore","14":"pa_colors-orange-fr","15":"pa_colors-rose","16":"pa_colors-rouge","17":"pa_colors-vert","18":"pa_colors-violet","19":"pa_sizes-mosaique","20":"pa_thickness-10mm-fr","22":"first","23":"instock","24":"shipping-taxable","25":"product-type-simple"},"_links":{"self":[{"href":"https:\/\/artaceramic.com\/fr\/wp-json\/wp\/v2\/product\/21895","targetHints":{"allow":["GET"]}}],"collection":[{"href":"https:\/\/artaceramic.com\/fr\/wp-json\/wp\/v2\/product"}],"about":[{"href":"https:\/\/artaceramic.com\/fr\/wp-json\/wp\/v2\/types\/product"}],"wp:featuredmedia":[{"embeddable":true,"href":"https:\/\/artaceramic.com\/fr\/wp-json\/wp\/v2\/media\/21893"}],"wp:attachment":[{"href":"https:\/\/artaceramic.com\/fr\/wp-json\/wp\/v2\/media?parent=21895"}],"wp:term":[{"taxonomy":"product_brand","embeddable":true,"href":"https:\/\/artaceramic.com\/fr\/wp-json\/wp\/v2\/product_brand?post=21895"},{"taxonomy":"product_cat","embeddable":true,"href":"https:\/\/artaceramic.com\/fr\/wp-json\/wp\/v2\/product_cat?post=21895"},{"taxonomy":"product_tag","embeddable":true,"href":"https:\/\/artaceramic.com\/fr\/wp-json\/wp\/v2\/product_tag?post=21895"}],"curies":[{"name":"wp","href":"https:\/\/api.w.org\/{rel}","templated":true}]}}