{"id":21882,"date":"2024-08-22T15:18:55","date_gmt":"2024-08-22T19:18:55","guid":{"rendered":"https:\/\/artaceramic.com\/?post_type=product&#038;p=21882"},"modified":"2026-02-04T12:35:31","modified_gmt":"2026-02-04T17:35:31","slug":"nouveau-salome","status":"publish","type":"product","link":"https:\/\/artaceramic.com\/fr\/produit\/nouveau-salome\/","title":{"rendered":"Salome"},"content":{"rendered":"<p><strong>COMMANDE SP\u00c9CIALE<\/strong><\/p>\n<p>&nbsp;<\/p>\n<p>&nbsp;<\/p>\n","protected":false},"excerpt":{"rendered":"<p>Salom\u00e8 est une c\u00e9l\u00e9bration de la ligne serpentine, la courbe de l&rsquo;\u00e9l\u00e9gance, une ode \u00e0 La Figura Serpentinata en c\u00e9ramique. Apportant une sensualit\u00e9 exotique et luxuriante \u00e0 la surface de n&rsquo;importe quel mur et \u00e0 l&rsquo;atmosph\u00e8re d&rsquo;une pi\u00e8ce, les carreaux Salom\u00e8 changent de mani\u00e8re spectaculaire lorsque vous vous d\u00e9placez autour d&rsquo;eux, avec leurs surfaces courbes et voluptueuses qui scintillent et captent la lumi\u00e8re, leur forme tridimensionnelle changeant selon l&rsquo;angle de vue<\/p>\n","protected":false},"featured_media":21875,"template":"","meta":[],"product_brand":[],"product_cat":[66,80,100],"product_tag":[],"class_list":{"0":"post-21882","1":"product","2":"type-product","3":"status-publish","4":"has-post-thumbnail","6":"product_cat-carreaux","7":"product_cat-carreaux-muraux","8":"product_cat-ceramique-et-porcelaine","9":"pa_colors-beige-fr","10":"pa_colors-blanc","11":"pa_colors-bleu","12":"pa_colors-ivoire","13":"pa_colors-jaune","14":"pa_colors-metallique","15":"pa_colors-multicolore","16":"pa_colors-noir","17":"pa_colors-orange-fr","18":"pa_colors-rose","19":"pa_colors-rouge","20":"pa_colors-vert","21":"pa_colors-violet","22":"pa_sizes-2x8-fr","23":"pa_thickness-18mm-fr","25":"first","26":"instock","27":"shipping-taxable","28":"product-type-simple"},"_links":{"self":[{"href":"https:\/\/artaceramic.com\/fr\/wp-json\/wp\/v2\/product\/21882","targetHints":{"allow":["GET"]}}],"collection":[{"href":"https:\/\/artaceramic.com\/fr\/wp-json\/wp\/v2\/product"}],"about":[{"href":"https:\/\/artaceramic.com\/fr\/wp-json\/wp\/v2\/types\/product"}],"wp:featuredmedia":[{"embeddable":true,"href":"https:\/\/artaceramic.com\/fr\/wp-json\/wp\/v2\/media\/21875"}],"wp:attachment":[{"href":"https:\/\/artaceramic.com\/fr\/wp-json\/wp\/v2\/media?parent=21882"}],"wp:term":[{"taxonomy":"product_brand","embeddable":true,"href":"https:\/\/artaceramic.com\/fr\/wp-json\/wp\/v2\/product_brand?post=21882"},{"taxonomy":"product_cat","embeddable":true,"href":"https:\/\/artaceramic.com\/fr\/wp-json\/wp\/v2\/product_cat?post=21882"},{"taxonomy":"product_tag","embeddable":true,"href":"https:\/\/artaceramic.com\/fr\/wp-json\/wp\/v2\/product_tag?post=21882"}],"curies":[{"name":"wp","href":"https:\/\/api.w.org\/{rel}","templated":true}]}}