{"id":21879,"date":"2024-08-22T15:04:43","date_gmt":"2024-08-22T19:04:43","guid":{"rendered":"https:\/\/artaceramic.com\/?post_type=product&#038;p=21879"},"modified":"2026-02-04T21:44:36","modified_gmt":"2026-02-05T02:44:36","slug":"nouveau-murano","status":"publish","type":"product","link":"https:\/\/artaceramic.com\/fr\/produit\/nouveau-murano\/","title":{"rendered":"Murano"},"content":{"rendered":"<p><strong>COMMANDE SP\u00c9CIALE<\/strong><\/p>\n<h4>FORMAT DISPONIBLES<\/h4>\n<p>FORMAT: 4X4<\/p>\n<p>PC\/BO\u00ceTE: 5.60SF\/BOX<\/p>\n<p>MCX\/BO\u00ceTE: 50\/BOX<\/p>\n","protected":false},"excerpt":{"rendered":"<p>Le charme du verre et de la c\u00e9ramique se fondent dans la nouvelle collection Murano en terre cuite \u00e9maill\u00e9e, o\u00f9 l&rsquo;art et la mat\u00e9rialit\u00e9 du verre color\u00e9 sont revisit\u00e9s dans une cl\u00e9 contemporaine. La palette de couleurs \u00e9voque les tons de la nature qui prennent vie dans les formats.<\/p>\n<h4>COULEURS DISPONIBLES: <span id=\"color-name\"><\/span><br \/>\n<img decoding=\"async\" class=\"alignnone wp-image-21844\" src=\"https:\/\/artaceramic.com\/wp-content\/uploads\/2024\/08\/Bianco-Antico-1024x1024-1.jpg\" alt=\"\" width=\"80\" height=\"80\" srcset=\"https:\/\/artaceramic.com\/wp-content\/uploads\/2024\/08\/Bianco-Antico-1024x1024-1.jpg 1024w, https:\/\/artaceramic.com\/wp-content\/uploads\/2024\/08\/Bianco-Antico-1024x1024-1-768x768.jpg 768w, https:\/\/artaceramic.com\/wp-content\/uploads\/2024\/08\/Bianco-Antico-1024x1024-1-100x100.jpg 100w\" sizes=\"(max-width: 80px) 100vw, 80px\" \/>\u00a0<img decoding=\"async\" class=\"alignnone wp-image-21850\" src=\"https:\/\/artaceramic.com\/wp-content\/uploads\/2024\/08\/Giallo-Zaffiro-1024x1024-1.jpg\" alt=\"\" width=\"80\" height=\"80\" srcset=\"https:\/\/artaceramic.com\/wp-content\/uploads\/2024\/08\/Giallo-Zaffiro-1024x1024-1.jpg 1024w, https:\/\/artaceramic.com\/wp-content\/uploads\/2024\/08\/Giallo-Zaffiro-1024x1024-1-768x768.jpg 768w, https:\/\/artaceramic.com\/wp-content\/uploads\/2024\/08\/Giallo-Zaffiro-1024x1024-1-100x100.jpg 100w\" sizes=\"(max-width: 80px) 100vw, 80px\" \/> <img decoding=\"async\" class=\"alignnone wp-image-21860\" src=\"https:\/\/artaceramic.com\/wp-content\/uploads\/2024\/08\/Paprika-1024x1024-1.jpg\" alt=\"\" width=\"80\" height=\"80\" srcset=\"https:\/\/artaceramic.com\/wp-content\/uploads\/2024\/08\/Paprika-1024x1024-1.jpg 1024w, https:\/\/artaceramic.com\/wp-content\/uploads\/2024\/08\/Paprika-1024x1024-1-768x768.jpg 768w, https:\/\/artaceramic.com\/wp-content\/uploads\/2024\/08\/Paprika-1024x1024-1-100x100.jpg 100w\" sizes=\"(max-width: 80px) 100vw, 80px\" \/> <img loading=\"lazy\" decoding=\"async\" class=\"alignnone wp-image-21862\" src=\"https:\/\/artaceramic.com\/wp-content\/uploads\/2024\/08\/Rosso-Veneziano-1024x1024-1.jpg\" alt=\"\" width=\"80\" height=\"80\" srcset=\"https:\/\/artaceramic.com\/wp-content\/uploads\/2024\/08\/Rosso-Veneziano-1024x1024-1.jpg 1024w, https:\/\/artaceramic.com\/wp-content\/uploads\/2024\/08\/Rosso-Veneziano-1024x1024-1-768x768.jpg 768w, https:\/\/artaceramic.com\/wp-content\/uploads\/2024\/08\/Rosso-Veneziano-1024x1024-1-100x100.jpg 100w\" sizes=\"(max-width: 80px) 100vw, 80px\" \/> <img loading=\"lazy\" decoding=\"async\" class=\"alignnone wp-image-21864\" src=\"https:\/\/artaceramic.com\/wp-content\/uploads\/2024\/08\/Verde-San-Marco-1024x1024-1.jpg\" alt=\"\" width=\"80\" height=\"80\" srcset=\"https:\/\/artaceramic.com\/wp-content\/uploads\/2024\/08\/Verde-San-Marco-1024x1024-1.jpg 1024w, https:\/\/artaceramic.com\/wp-content\/uploads\/2024\/08\/Verde-San-Marco-1024x1024-1-768x768.jpg 768w, https:\/\/artaceramic.com\/wp-content\/uploads\/2024\/08\/Verde-San-Marco-1024x1024-1-100x100.jpg 100w\" sizes=\"(max-width: 80px) 100vw, 80px\" \/> <img loading=\"lazy\" decoding=\"async\" class=\"alignnone wp-image-21848\" src=\"https:\/\/artaceramic.com\/wp-content\/uploads\/2024\/08\/Cotto-Cerato-1024x1024-1.jpg\" alt=\"\" width=\"80\" height=\"80\" srcset=\"https:\/\/artaceramic.com\/wp-content\/uploads\/2024\/08\/Cotto-Cerato-1024x1024-1.jpg 1024w, https:\/\/artaceramic.com\/wp-content\/uploads\/2024\/08\/Cotto-Cerato-1024x1024-1-768x768.jpg 768w, https:\/\/artaceramic.com\/wp-content\/uploads\/2024\/08\/Cotto-Cerato-1024x1024-1-100x100.jpg 100w\" sizes=\"(max-width: 80px) 100vw, 80px\" \/> <img loading=\"lazy\" decoding=\"async\" class=\"alignnone wp-image-21846\" src=\"https:\/\/artaceramic.com\/wp-content\/uploads\/2024\/08\/Canna-1024x1024-1.jpg\" alt=\"\" width=\"80\" height=\"80\" srcset=\"https:\/\/artaceramic.com\/wp-content\/uploads\/2024\/08\/Canna-1024x1024-1.jpg 1024w, https:\/\/artaceramic.com\/wp-content\/uploads\/2024\/08\/Canna-1024x1024-1-768x768.jpg 768w, https:\/\/artaceramic.com\/wp-content\/uploads\/2024\/08\/Canna-1024x1024-1-100x100.jpg 100w\" sizes=\"(max-width: 80px) 100vw, 80px\" \/><\/h4>\n","protected":false},"featured_media":23641,"template":"","meta":[],"product_brand":[],"product_cat":[66,80,86],"product_tag":[],"class_list":{"0":"post-21879","1":"product","2":"type-product","3":"status-publish","4":"has-post-thumbnail","6":"product_cat-carreaux","7":"product_cat-carreaux-muraux","8":"product_cat-pierre-naturelle","9":"pa_colors-blanc","10":"pa_colors-jaune","11":"pa_colors-orange-fr","12":"pa_colors-rouge","13":"pa_colors-vert","14":"pa_sizes-4x4-fr","16":"first","17":"instock","18":"shipping-taxable","19":"product-type-simple"},"_links":{"self":[{"href":"https:\/\/artaceramic.com\/fr\/wp-json\/wp\/v2\/product\/21879","targetHints":{"allow":["GET"]}}],"collection":[{"href":"https:\/\/artaceramic.com\/fr\/wp-json\/wp\/v2\/product"}],"about":[{"href":"https:\/\/artaceramic.com\/fr\/wp-json\/wp\/v2\/types\/product"}],"wp:featuredmedia":[{"embeddable":true,"href":"https:\/\/artaceramic.com\/fr\/wp-json\/wp\/v2\/media\/23641"}],"wp:attachment":[{"href":"https:\/\/artaceramic.com\/fr\/wp-json\/wp\/v2\/media?parent=21879"}],"wp:term":[{"taxonomy":"product_brand","embeddable":true,"href":"https:\/\/artaceramic.com\/fr\/wp-json\/wp\/v2\/product_brand?post=21879"},{"taxonomy":"product_cat","embeddable":true,"href":"https:\/\/artaceramic.com\/fr\/wp-json\/wp\/v2\/product_cat?post=21879"},{"taxonomy":"product_tag","embeddable":true,"href":"https:\/\/artaceramic.com\/fr\/wp-json\/wp\/v2\/product_tag?post=21879"}],"curies":[{"name":"wp","href":"https:\/\/api.w.org\/{rel}","templated":true}]}}