{"id":21840,"date":"2024-06-27T15:24:42","date_gmt":"2024-06-27T19:24:42","guid":{"rendered":"https:\/\/artaceramic.com\/?post_type=product&#038;p=21840"},"modified":"2026-02-04T12:37:03","modified_gmt":"2026-02-04T17:37:03","slug":"new-lapis","status":"publish","type":"product","link":"https:\/\/artaceramic.com\/fr\/produit\/new-lapis\/","title":{"rendered":"Lapis"},"content":{"rendered":"<p>COMMANDE SP\u00c9CIALE<\/p>\n<p>&nbsp;<\/p>\n<p>FORMAT: 8X12<\/p>\n<p>PC\/BO\u00ceTE: 5.17<\/p>\n<p>MCX\/BO\u00ceTE: 8.00<\/p>\n","protected":false},"excerpt":{"rendered":"<p id=\"tw-target-text\" class=\"tw-data-text tw-text-large tw-ta\" dir=\"ltr\" data-placeholder=\"Translation\" aria-label=\"Translated text\" data-ved=\"2ahUKEwi8prn4wfyGAxXdFlkFHU0AB1oQ3ewLegQICBAU\"><span class=\"Y2IQFc\" lang=\"fr\">LAPIS est une collection de carreaux muraux en terre cuite \u00e9maill\u00e9e qui caract\u00e9rise fortement l&rsquo;espace dans lequel il se trouve. Sa section form\u00e9e de 6 demi-cercles donne \u00e0 la surface nervur\u00e9e particuli\u00e8re un aspect tridimensionnel et cr\u00e9e des vibrations d&rsquo;ombre et de lumi\u00e8re dans tout l&rsquo;espace environnant. LAPIS, disponible en 27 couleurs et surfaces diff\u00e9rentes, mesure 20\u00d730\u00d72 cm \u2013 8\u201d\u00d712\u201d\u00d70,8\u201d, il n&rsquo;a pas besoin d&rsquo;\u00eatre jointoi\u00e9 ni expliqu\u00e9\u2026 Imaginez simplement couvrir votre mur avec beaucoup de crayons de couleur !<\/span><\/p>\n<p>&nbsp;<\/p>\n<h4>AVAILABLE COLOURS<\/h4>\n<p><span id=\"color-name\"><\/span><br \/>\n<img decoding=\"async\" class=\"alignnone size-full wp-image-21830\" style=\"cursor: pointer;\" src=\"https:\/\/artaceramic.com\/wp-content\/uploads\/2024\/06\/Cotto-Cerato.png\" alt=\"Cotto Cerato\" width=\"80\" height=\"80\" \/> <img decoding=\"async\" class=\"alignnone size-medium wp-image-21832\" style=\"cursor: pointer;\" src=\"https:\/\/artaceramic.com\/wp-content\/uploads\/2024\/06\/Rena-Limpido.png\" alt=\"Rena Limpido\" width=\"80\" height=\"80\" \/> <img decoding=\"async\" class=\"alignnone size-medium wp-image-21834\" style=\"cursor: pointer;\" src=\"https:\/\/artaceramic.com\/wp-content\/uploads\/2024\/06\/Rena-Intenso.png\" alt=\"Rena Intenso\" width=\"80\" height=\"80\" \/> <img loading=\"lazy\" decoding=\"async\" class=\"alignnone size-medium wp-image-21836\" style=\"cursor: pointer;\" src=\"https:\/\/artaceramic.com\/wp-content\/uploads\/2024\/06\/Verde-Oliva.png\" alt=\"Verde Oliva\" width=\"80\" height=\"80\" \/> <img loading=\"lazy\" decoding=\"async\" class=\"alignnone size-medium wp-image-21838\" style=\"cursor: pointer;\" src=\"https:\/\/artaceramic.com\/wp-content\/uploads\/2024\/06\/Bleu-Notte.png\" alt=\"Bleu Notte\" width=\"80\" height=\"80\" \/><\/p>\n<p>&nbsp;<\/p>\n","protected":false},"featured_media":23718,"template":"","meta":[],"product_brand":[],"product_cat":[66,80,86],"product_tag":[],"class_list":{"0":"post-21840","1":"product","2":"type-product","3":"status-publish","4":"has-post-thumbnail","6":"product_cat-carreaux","7":"product_cat-carreaux-muraux","8":"product_cat-pierre-naturelle","9":"pa_colors-bleu","10":"pa_colors-orange-fr","11":"pa_colors-rose","12":"pa_colors-rouge","13":"pa_colors-vert","14":"pa_sizes-8x12-fr","16":"first","17":"instock","18":"shipping-taxable","19":"product-type-simple"},"_links":{"self":[{"href":"https:\/\/artaceramic.com\/fr\/wp-json\/wp\/v2\/product\/21840","targetHints":{"allow":["GET"]}}],"collection":[{"href":"https:\/\/artaceramic.com\/fr\/wp-json\/wp\/v2\/product"}],"about":[{"href":"https:\/\/artaceramic.com\/fr\/wp-json\/wp\/v2\/types\/product"}],"wp:featuredmedia":[{"embeddable":true,"href":"https:\/\/artaceramic.com\/fr\/wp-json\/wp\/v2\/media\/23718"}],"wp:attachment":[{"href":"https:\/\/artaceramic.com\/fr\/wp-json\/wp\/v2\/media?parent=21840"}],"wp:term":[{"taxonomy":"product_brand","embeddable":true,"href":"https:\/\/artaceramic.com\/fr\/wp-json\/wp\/v2\/product_brand?post=21840"},{"taxonomy":"product_cat","embeddable":true,"href":"https:\/\/artaceramic.com\/fr\/wp-json\/wp\/v2\/product_cat?post=21840"},{"taxonomy":"product_tag","embeddable":true,"href":"https:\/\/artaceramic.com\/fr\/wp-json\/wp\/v2\/product_tag?post=21840"}],"curies":[{"name":"wp","href":"https:\/\/api.w.org\/{rel}","templated":true}]}}