{"id":21792,"date":"2024-06-07T11:57:48","date_gmt":"2024-06-07T15:57:48","guid":{"rendered":"https:\/\/artaceramic.com\/?post_type=product&#038;p=21792"},"modified":"2026-02-04T12:55:31","modified_gmt":"2026-02-04T17:55:31","slug":"nouveau-grande-marble-look","status":"publish","type":"product","link":"https:\/\/artaceramic.com\/fr\/produit\/nouveau-grande-marble-look\/","title":{"rendered":"Grande Marble Look"},"content":{"rendered":"<p id=\"tw-target-text\" class=\"tw-data-text tw-text-large tw-ta\" dir=\"ltr\" data-placeholder=\"Translation\" aria-label=\"Translated text\" data-ved=\"2ahUKEwj39vTS5smGAxX5FFkFHf0lLfcQ3ewLegQIBhAU\"><strong><span class=\"Y2IQFc\" lang=\"fr\">COMMANDE SP\u00c9CIALE<\/span><\/strong><\/p>\n<p>FORMATS DISPONIBLE<\/p>\n<p>FORMAT: 48X48<\/p>\n<p>PC\/BO\u00ceTE: 31.10<\/p>\n<p>MCX\/BO\u00ceTE: 2.00<\/p>\n<p>&nbsp;<\/p>\n<p>FORMAT: 48X110<\/p>\n<p>PC\/MCX: 36.67<\/p>\n<p>&nbsp;<\/p>\n<p>FORMAT: 62X126<\/p>\n<p>PC\/MCX: 54.25<\/p>\n","protected":false},"excerpt":{"rendered":"<p>\u00c0 l&rsquo;\u00e8re de la digitalisation de la nature, les veines et les nuances des marbres les plus nobles et rares sont plus d\u00e9finies et plus \u00ab durables \u00bb que celles de l&rsquo;original. Du vald\u00f4tain Verde Aver au toscan Calacatta Vena Vecchia, du Grigio Carnico \u00e0 l&rsquo;exotique Sahara Noir, des nouvelles inspirations s&rsquo;ajoutent aux marbres classiques de la collection Marble Look, aupr\u00e8s d&rsquo;in\u00e9dites interpr\u00e9tations du terrazzos \u00e0 la v\u00e9nitienne.<\/p>\n<h4>COULEURS DISPONIBLES<\/h4>\n<p><span id=\"color-name\"><\/span><br \/>\n<img decoding=\"async\" class=\"alignnone wp-image-21770\" src=\"https:\/\/artaceramic.com\/wp-content\/uploads\/2024\/06\/Marazzi_Grande_Marble_Look_MEMW-WEB-1024x1024.jpg\" alt=\"Bianco Arni\" width=\"80\" height=\"80\" srcset=\"https:\/\/artaceramic.com\/wp-content\/uploads\/2024\/06\/Marazzi_Grande_Marble_Look_MEMW-WEB-1024x1024.jpg 1024w, https:\/\/artaceramic.com\/wp-content\/uploads\/2024\/06\/Marazzi_Grande_Marble_Look_MEMW-WEB-768x768.jpg 768w, https:\/\/artaceramic.com\/wp-content\/uploads\/2024\/06\/Marazzi_Grande_Marble_Look_MEMW-WEB-1536x1536.jpg 1536w, https:\/\/artaceramic.com\/wp-content\/uploads\/2024\/06\/Marazzi_Grande_Marble_Look_MEMW-WEB-100x100.jpg 100w, https:\/\/artaceramic.com\/wp-content\/uploads\/2024\/06\/Marazzi_Grande_Marble_Look_MEMW-WEB.jpg 1920w\" sizes=\"(max-width: 80px) 100vw, 80px\" \/> <img decoding=\"async\" class=\"alignnone wp-image-21772\" src=\"https:\/\/artaceramic.com\/wp-content\/uploads\/2024\/06\/Marazzi_Grande_Marble_Look_MEN0-WEB-1024x1024.jpg\" alt=\"Fior Di Pesco\" width=\"80\" height=\"80\" srcset=\"https:\/\/artaceramic.com\/wp-content\/uploads\/2024\/06\/Marazzi_Grande_Marble_Look_MEN0-WEB-1024x1024.jpg 1024w, https:\/\/artaceramic.com\/wp-content\/uploads\/2024\/06\/Marazzi_Grande_Marble_Look_MEN0-WEB-768x768.jpg 768w, https:\/\/artaceramic.com\/wp-content\/uploads\/2024\/06\/Marazzi_Grande_Marble_Look_MEN0-WEB-1536x1536.jpg 1536w, https:\/\/artaceramic.com\/wp-content\/uploads\/2024\/06\/Marazzi_Grande_Marble_Look_MEN0-WEB-100x100.jpg 100w, https:\/\/artaceramic.com\/wp-content\/uploads\/2024\/06\/Marazzi_Grande_Marble_Look_MEN0-WEB.jpg 1920w\" sizes=\"(max-width: 80px) 100vw, 80px\" \/><\/p>\n","protected":false},"featured_media":21783,"template":"","meta":[],"product_brand":[],"product_cat":[66,100],"product_tag":[],"class_list":{"0":"post-21792","1":"product","2":"type-product","3":"status-publish","4":"has-post-thumbnail","6":"product_cat-carreaux","7":"product_cat-ceramique-et-porcelaine","8":"pa_colors-blanc","9":"pa_colors-gris","10":"pa_sizes-48x110-fr","11":"pa_sizes-48x48-fr","12":"pa_sizes-62x126-fr","14":"first","15":"instock","16":"shipping-taxable","17":"product-type-simple"},"_links":{"self":[{"href":"https:\/\/artaceramic.com\/fr\/wp-json\/wp\/v2\/product\/21792","targetHints":{"allow":["GET"]}}],"collection":[{"href":"https:\/\/artaceramic.com\/fr\/wp-json\/wp\/v2\/product"}],"about":[{"href":"https:\/\/artaceramic.com\/fr\/wp-json\/wp\/v2\/types\/product"}],"wp:featuredmedia":[{"embeddable":true,"href":"https:\/\/artaceramic.com\/fr\/wp-json\/wp\/v2\/media\/21783"}],"wp:attachment":[{"href":"https:\/\/artaceramic.com\/fr\/wp-json\/wp\/v2\/media?parent=21792"}],"wp:term":[{"taxonomy":"product_brand","embeddable":true,"href":"https:\/\/artaceramic.com\/fr\/wp-json\/wp\/v2\/product_brand?post=21792"},{"taxonomy":"product_cat","embeddable":true,"href":"https:\/\/artaceramic.com\/fr\/wp-json\/wp\/v2\/product_cat?post=21792"},{"taxonomy":"product_tag","embeddable":true,"href":"https:\/\/artaceramic.com\/fr\/wp-json\/wp\/v2\/product_tag?post=21792"}],"curies":[{"name":"wp","href":"https:\/\/api.w.org\/{rel}","templated":true}]}}