{"id":21712,"date":"2024-06-05T14:35:49","date_gmt":"2024-06-05T18:35:49","guid":{"rendered":"https:\/\/artaceramic.com\/?post_type=product&#038;p=21712"},"modified":"2026-02-04T12:40:07","modified_gmt":"2026-02-04T17:40:07","slug":"new-breccia","status":"publish","type":"product","link":"https:\/\/artaceramic.com\/fr\/produit\/new-breccia\/","title":{"rendered":"Breccia"},"content":{"rendered":"<p><strong>COMMANDE SP\u00c9CIALE<\/strong><\/p>\n<p>FORMATS DISPONIBLES<\/p>\n<p>FORMAT: 24X48<\/p>\n<p>PC\/BO\u00ceTE: 15.55<\/p>\n<p>MCX\/BO\u00ceTE: 2.00<\/p>\n<p>&nbsp;<\/p>\n<p>FORMAT: 48X48<\/p>\n<p>PC\/BO\u00ceTE: 15.55<\/p>\n<p>MCX\/BO\u00ceTE: 1.00<\/p>\n<p>&nbsp;<\/p>\n<p>FORMAT: 60X120<\/p>\n<p>PC\/BO\u00ceTE: 60.00<\/p>\n<p>MCX\/CRATE: 1.00<\/p>\n<p>&nbsp;<\/p>\n<p>FORMAT: 48X110<\/p>\n<p>PC\/BOX: 36.66<\/p>\n<p>MCX\/CRATE: 1.00<\/p>\n","protected":false},"excerpt":{"rendered":"<p id=\"tw-target-text\" class=\"tw-data-text tw-text-large tw-ta\" dir=\"ltr\" data-placeholder=\"Traduction\" aria-label=\"Texte traduit\" data-ved=\"2ahUKEwiJm5W8kMWGAxVQMlkFHcqRG9cQ3ewLegQICBAU\"><span class=\"Y2IQFc\" lang=\"fr\">Breccia incarne la beaut\u00e9 et l&rsquo;histoire de la pierre homonyme de Capraia. Venue d&rsquo;Italie, cette collection se d\u00e9marque par son aspect rustique, bien que color\u00e9, doux mais profond. Pendant des si\u00e8cles, il a \u00e9t\u00e9 utilis\u00e9 dans la construction et la d\u00e9coration de b\u00e2timents et de monuments comme la Torre Velasca de Milan, et aujourd&rsquo;hui il s&rsquo;invite dans vos espaces pour leur donner un nouveau sens. Son fond blanc entrem\u00eal\u00e9 de zones rouge\u00e2tres et de veines violettes et verd\u00e2tres nous transporte \u00e0 l&rsquo;\u00e9poque romaine, \u00e9voquant la majest\u00e9 d&rsquo;antan.<\/span><\/p>\n<h4>COULEURS DISPONIBLES<\/h4>\n<p><span id=\"color-name\"><\/span><br \/>\n<img decoding=\"async\" class=\"alignnone size-full wp-image-21709\" style=\"cursor: pointer;\" src=\"https:\/\/artaceramic.com\/wp-content\/uploads\/2024\/06\/Virdi.png\" alt=\"Virdi\" width=\"80\" height=\"80\" \/> <img decoding=\"async\" class=\"alignnone size-full wp-image-21707\" style=\"cursor: pointer;\" src=\"https:\/\/artaceramic.com\/wp-content\/uploads\/2024\/06\/Viola.png\" alt=\"Viola\" width=\"80\" height=\"80\" \/><\/p>\n","protected":false},"featured_media":21704,"template":"","meta":[],"product_brand":[],"product_cat":[66,100],"product_tag":[],"class_list":{"0":"post-21712","1":"product","2":"type-product","3":"status-publish","4":"has-post-thumbnail","6":"product_cat-carreaux","7":"product_cat-ceramique-et-porcelaine","8":"pa_colors-rouge","9":"pa_colors-vert","10":"pa_sizes-24x48-fr","11":"pa_sizes-48x110-fr","12":"pa_sizes-48x48-fr","13":"pa_sizes-60x120-fr","15":"first","16":"instock","17":"shipping-taxable","18":"product-type-simple"},"_links":{"self":[{"href":"https:\/\/artaceramic.com\/fr\/wp-json\/wp\/v2\/product\/21712","targetHints":{"allow":["GET"]}}],"collection":[{"href":"https:\/\/artaceramic.com\/fr\/wp-json\/wp\/v2\/product"}],"about":[{"href":"https:\/\/artaceramic.com\/fr\/wp-json\/wp\/v2\/types\/product"}],"wp:featuredmedia":[{"embeddable":true,"href":"https:\/\/artaceramic.com\/fr\/wp-json\/wp\/v2\/media\/21704"}],"wp:attachment":[{"href":"https:\/\/artaceramic.com\/fr\/wp-json\/wp\/v2\/media?parent=21712"}],"wp:term":[{"taxonomy":"product_brand","embeddable":true,"href":"https:\/\/artaceramic.com\/fr\/wp-json\/wp\/v2\/product_brand?post=21712"},{"taxonomy":"product_cat","embeddable":true,"href":"https:\/\/artaceramic.com\/fr\/wp-json\/wp\/v2\/product_cat?post=21712"},{"taxonomy":"product_tag","embeddable":true,"href":"https:\/\/artaceramic.com\/fr\/wp-json\/wp\/v2\/product_tag?post=21712"}],"curies":[{"name":"wp","href":"https:\/\/api.w.org\/{rel}","templated":true}]}}