{"id":21667,"date":"2024-06-04T15:27:18","date_gmt":"2024-06-04T19:27:18","guid":{"rendered":"https:\/\/artaceramic.com\/?post_type=product&#038;p=21667"},"modified":"2026-02-04T12:45:45","modified_gmt":"2026-02-04T17:45:45","slug":"new-kappa-2","status":"publish","type":"product","link":"https:\/\/artaceramic.com\/fr\/produit\/new-kappa-2\/","title":{"rendered":"Kappa"},"content":{"rendered":"<p>COMMANDE SP\u00c9CIALE<\/p>\n<p>FORMAT: 2X8<\/p>\n<p>PC\/BO\u00ceTE: 5.38<\/p>\n<p>MCX\/BO\u00ceTE: 50.00<\/p>\n","protected":false},"excerpt":{"rendered":"<p id=\"tw-target-text\" class=\"tw-data-text tw-text-large tw-ta\" dir=\"ltr\" data-placeholder=\"Traduction\" aria-label=\"Texte traduit\" data-ved=\"2ahUKEwjT4eur3sKGAxVPEVkFHVxOBawQ3ewLegQIBRAU\"><span class=\"Y2IQFc\" lang=\"fr\">Kappa est une collection de carrelage mural compos\u00e9e de 12 couleurs vives et unies. Sa surface est caract\u00e9ris\u00e9e par les irr\u00e9gularit\u00e9s uniques des produits artisanaux. \u00c0 cette s\u00e9rie se joint un \u00e9l\u00e9ment tridimensionnel : Raw qui rappelle les carreaux typiques des fa\u00e7ades ext\u00e9rieures des b\u00e2timents des ann\u00e9es 70 r\u00e9interpr\u00e9t\u00e9s avec une surface granul\u00e9e blanche opaque comme le pl\u00e2tre des fermes des Pouilles. La possibilit\u00e9 de diff\u00e9rentes combinaisons est infinie. Des fonds monochromes aux couleurs multiples pour cr\u00e9er des motifs uniques. Nous avons toujours cru au pouvoir de la couleur et \u00e0 la force qu\u2019elle transmet \u00e0 l\u2019espace de vie. Kappa est une \u00e9nergie pure.<\/span><\/p>\n<h4 dir=\"ltr\" data-placeholder=\"Traduction\" aria-label=\"Texte traduit\" data-ved=\"2ahUKEwjT4eur3sKGAxVPEVkFHVxOBawQ3ewLegQIBRAU\">COULEURS DISPONIBLES<\/h4>\n<p><span id=\"color-name\"><\/span><br \/>\n<img decoding=\"async\" class=\"alignnone size-full wp-image-21669\" onclick=\"displayColor('Mustard');\" style=\"cursor: pointer;\" src=\"https:\/\/artaceramic.com\/wp-content\/uploads\/2024\/06\/Mustard.png\" alt=\"Mustard\" width=\"80\" height=\"80\" \/> <img decoding=\"async\" class=\"alignnone size-full wp-image-21671\" onclick=\"displayColor('Tangerine');\" style=\"cursor: pointer;\" src=\"https:\/\/artaceramic.com\/wp-content\/uploads\/2024\/06\/Tangerine.png\" alt=\"Tangerine\" width=\"80\" height=\"80\" \/> <img decoding=\"async\" class=\"alignnone wp-image-21673 size-full\" onclick=\"displayColor('Nude');\" style=\"cursor: pointer;\" src=\"https:\/\/artaceramic.com\/wp-content\/uploads\/2024\/06\/Nude.png\" alt=\"Nude\" width=\"80\" height=\"80\" \/> <img loading=\"lazy\" decoding=\"async\" class=\"alignnone wp-image-21675 size-full\" onclick=\"displayColor('Lobster');\" style=\"cursor: pointer;\" src=\"https:\/\/artaceramic.com\/wp-content\/uploads\/2024\/06\/Lobster.png\" alt=\"Lobster\" width=\"80\" height=\"80\" \/> <img loading=\"lazy\" decoding=\"async\" class=\"alignnone wp-image-21677 size-full\" onclick=\"displayColor('Bordeaux');\" style=\"cursor: pointer;\" src=\"https:\/\/artaceramic.com\/wp-content\/uploads\/2024\/06\/Bordeaux.png\" alt=\"Bordeaux\" width=\"80\" height=\"80\" \/> <img loading=\"lazy\" decoding=\"async\" class=\"alignnone wp-image-21679 size-full\" onclick=\"displayColor('Cacao');\" style=\"cursor: pointer;\" src=\"https:\/\/artaceramic.com\/wp-content\/uploads\/2024\/06\/Cacao.png\" alt=\"Cacao\" width=\"80\" height=\"80\" \/><\/p>\n<p><img loading=\"lazy\" decoding=\"async\" class=\"alignnone wp-image-21681 size-full\" onclick=\"displayColor('Green');\" style=\"cursor: pointer;\" src=\"https:\/\/artaceramic.com\/wp-content\/uploads\/2024\/06\/Green.png\" alt=\"Green\" width=\"80\" height=\"80\" \/> <img loading=\"lazy\" decoding=\"async\" class=\"alignnone wp-image-21683 size-full\" onclick=\"displayColor('Mint');\" style=\"cursor: pointer;\" src=\"https:\/\/artaceramic.com\/wp-content\/uploads\/2024\/06\/Mint.png\" alt=\"Mint\" width=\"80\" height=\"80\" \/> <img loading=\"lazy\" decoding=\"async\" class=\"alignnone size-full wp-image-21685\" onclick=\"displayColor('Tuareg');\" src=\"https:\/\/artaceramic.com\/wp-content\/uploads\/2024\/06\/Tuareg.png\" alt=\"\" width=\"80\" height=\"80\" \/> <img loading=\"lazy\" decoding=\"async\" class=\"alignnone wp-image-21687 size-full\" style=\"cursor: pointer;\" onclick=\"displayColor('Ocean');\" src=\"https:\/\/artaceramic.com\/wp-content\/uploads\/2024\/06\/Ocean.png\" alt=\"Tuareg\" width=\"80\" height=\"80\" \/> <img loading=\"lazy\" decoding=\"async\" class=\"alignnone wp-image-21689 size-full\" onclick=\"displayColor('Musk');\" style=\"cursor: pointer;\" src=\"https:\/\/artaceramic.com\/wp-content\/uploads\/2024\/06\/Musk.png\" alt=\"Musk\" width=\"80\" height=\"80\" \/> <img loading=\"lazy\" decoding=\"async\" class=\"alignnone wp-image-21691 size-full\" onclick=\"displayColor('White');\" style=\"cursor: pointer;\" src=\"https:\/\/artaceramic.com\/wp-content\/uploads\/2024\/06\/White.png\" alt=\"White\" width=\"80\" height=\"80\" \/><\/p>\n<p><img loading=\"lazy\" decoding=\"async\" class=\"alignnone wp-image-21693 size-full\" onclick=\"displayColor('Raw');\" style=\"cursor: pointer;\" src=\"https:\/\/artaceramic.com\/wp-content\/uploads\/2024\/06\/Raw.png\" alt=\"Raw\" width=\"80\" height=\"80\" \/><\/p>\n","protected":false},"featured_media":21666,"template":"","meta":[],"product_brand":[],"product_cat":[66,80,100],"product_tag":[],"class_list":{"0":"post-21667","1":"product","2":"type-product","3":"status-publish","4":"has-post-thumbnail","6":"product_cat-carreaux","7":"product_cat-carreaux-muraux","8":"product_cat-ceramique-et-porcelaine","9":"pa_colors-blanc","10":"pa_colors-bleu","11":"pa_colors-jaune","12":"pa_colors-noir","13":"pa_colors-orange-fr","14":"pa_colors-rose","15":"pa_colors-rouge","16":"pa_colors-vert","17":"pa_sizes-2x8-fr","19":"first","20":"instock","21":"shipping-taxable","22":"product-type-simple"},"_links":{"self":[{"href":"https:\/\/artaceramic.com\/fr\/wp-json\/wp\/v2\/product\/21667","targetHints":{"allow":["GET"]}}],"collection":[{"href":"https:\/\/artaceramic.com\/fr\/wp-json\/wp\/v2\/product"}],"about":[{"href":"https:\/\/artaceramic.com\/fr\/wp-json\/wp\/v2\/types\/product"}],"wp:featuredmedia":[{"embeddable":true,"href":"https:\/\/artaceramic.com\/fr\/wp-json\/wp\/v2\/media\/21666"}],"wp:attachment":[{"href":"https:\/\/artaceramic.com\/fr\/wp-json\/wp\/v2\/media?parent=21667"}],"wp:term":[{"taxonomy":"product_brand","embeddable":true,"href":"https:\/\/artaceramic.com\/fr\/wp-json\/wp\/v2\/product_brand?post=21667"},{"taxonomy":"product_cat","embeddable":true,"href":"https:\/\/artaceramic.com\/fr\/wp-json\/wp\/v2\/product_cat?post=21667"},{"taxonomy":"product_tag","embeddable":true,"href":"https:\/\/artaceramic.com\/fr\/wp-json\/wp\/v2\/product_tag?post=21667"}],"curies":[{"name":"wp","href":"https:\/\/api.w.org\/{rel}","templated":true}]}}