{"id":21107,"date":"2024-04-27T14:01:45","date_gmt":"2024-04-27T18:01:45","guid":{"rendered":"https:\/\/artaceramic.com\/?post_type=product&#038;p=21107"},"modified":"2026-02-04T13:05:46","modified_gmt":"2026-02-04T18:05:46","slug":"nouveau-riveria","status":"publish","type":"product","link":"https:\/\/artaceramic.com\/fr\/produit\/nouveau-riveria\/","title":{"rendered":"Riviera"},"content":{"rendered":"<p>COMMANDE SP\u00c9CIALE<\/p>\n<p>FORMAT: 2X6<br \/>\nPC\/BO\u00ceTE: 6.29<br \/>\nMCX\/BO\u00ceTE: 78.00<\/p>\n","protected":false},"excerpt":{"rendered":"<p id=\"tw-target-text\" class=\"tw-data-text tw-text-large tw-ta\" dir=\"ltr\" data-placeholder=\"Traduction\" aria-label=\"Texte traduit\" data-ved=\"2ahUKEwjc4Niu_-KFAxUrFlkFHYC-C-gQ3ewLegQIDhAU\"><span class=\"Y2IQFc\" lang=\"fr\">Offrez-vous un kal\u00e9idoscope de teintes ludiques avec RIVERIA ! Chaque carreau regorge de couleurs vives, suscitant une sensation de plaisir et de fantaisie dans n&rsquo;importe quel espace. Plongez dans un monde o\u00f9 chaque \u00e9tape est une c\u00e9l\u00e9bration d&rsquo;un design joyeux et de possibilit\u00e9s infinies.<\/span><\/p>\n<h4>AVAILABLE COLOURS<\/h4>\n<p><span id=\"color-name\"><\/span><br \/>\n<img decoding=\"async\" class=\"alignnone size-full wp-image-21097\" onclick=\"displayColor('White');\" style=\"cursor: pointer;\" src=\"https:\/\/artaceramic.com\/wp-content\/uploads\/2024\/04\/White-4.png\" alt=\"White\" width=\"80\" height=\"80\" \/> <img decoding=\"async\" class=\"alignnone size-medium wp-image-21099\" onclick=\"displayColor('Beige');\" style=\"cursor: pointer;\" src=\"https:\/\/artaceramic.com\/wp-content\/uploads\/2024\/04\/Beige.png\" alt=\"Beige\" width=\"80\" height=\"80\" \/> <img decoding=\"async\" class=\"alignnone size-medium wp-image-21101\" onclick=\"displayColor('Lobster');\" style=\"cursor: pointer;\" src=\"https:\/\/artaceramic.com\/wp-content\/uploads\/2024\/04\/Lobster.png\" alt=\"Lobster\" width=\"80\" height=\"80\" \/> <img loading=\"lazy\" decoding=\"async\" class=\"alignnone size-medium wp-image-21103\" onclick=\"displayColor('Azur');\" style=\"cursor: pointer;\" src=\"https:\/\/artaceramic.com\/wp-content\/uploads\/2024\/04\/Azure.png\" alt=\"Azur\" width=\"80\" height=\"80\" \/> <img loading=\"lazy\" decoding=\"async\" class=\"alignnone size-medium wp-image-21105\" onclick=\"displayColor('Pineta');\" style=\"cursor: pointer;\" src=\"https:\/\/artaceramic.com\/wp-content\/uploads\/2024\/04\/Pineta.png\" alt=\"Pineta\" width=\"80\" height=\"80\" \/><\/p>\n","protected":false},"featured_media":21082,"template":"","meta":[],"product_brand":[],"product_cat":[66,100],"product_tag":[],"class_list":{"0":"post-21107","1":"product","2":"type-product","3":"status-publish","4":"has-post-thumbnail","6":"product_cat-carreaux","7":"product_cat-ceramique-et-porcelaine","8":"pa_colors-beige-fr","9":"pa_colors-blanc","10":"pa_colors-bleu","11":"pa_colors-orange-fr","12":"pa_colors-vert","13":"pa_sizes-2x6-fr","15":"first","16":"instock","17":"shipping-taxable","18":"product-type-simple"},"_links":{"self":[{"href":"https:\/\/artaceramic.com\/fr\/wp-json\/wp\/v2\/product\/21107","targetHints":{"allow":["GET"]}}],"collection":[{"href":"https:\/\/artaceramic.com\/fr\/wp-json\/wp\/v2\/product"}],"about":[{"href":"https:\/\/artaceramic.com\/fr\/wp-json\/wp\/v2\/types\/product"}],"wp:featuredmedia":[{"embeddable":true,"href":"https:\/\/artaceramic.com\/fr\/wp-json\/wp\/v2\/media\/21082"}],"wp:attachment":[{"href":"https:\/\/artaceramic.com\/fr\/wp-json\/wp\/v2\/media?parent=21107"}],"wp:term":[{"taxonomy":"product_brand","embeddable":true,"href":"https:\/\/artaceramic.com\/fr\/wp-json\/wp\/v2\/product_brand?post=21107"},{"taxonomy":"product_cat","embeddable":true,"href":"https:\/\/artaceramic.com\/fr\/wp-json\/wp\/v2\/product_cat?post=21107"},{"taxonomy":"product_tag","embeddable":true,"href":"https:\/\/artaceramic.com\/fr\/wp-json\/wp\/v2\/product_tag?post=21107"}],"curies":[{"name":"wp","href":"https:\/\/api.w.org\/{rel}","templated":true}]}}