{"id":21073,"date":"2024-04-27T13:38:12","date_gmt":"2024-04-27T17:38:12","guid":{"rendered":"https:\/\/artaceramic.com\/?post_type=product&#038;p=21073"},"modified":"2026-02-04T13:08:27","modified_gmt":"2026-02-04T18:08:27","slug":"nouveau-two","status":"publish","type":"product","link":"https:\/\/artaceramic.com\/fr\/produit\/nouveau-two\/","title":{"rendered":"Two"},"content":{"rendered":"<p>COMMANDE SP\u00c9CIALE<\/p>\n<p>FORMAT: 48X48<br \/>\nPC\/BO\u00ceTE: 15.50<br \/>\nMCX\/BO\u00ceTE: 1.00<\/p>\n","protected":false},"excerpt":{"rendered":"<p id=\"tw-target-text\" class=\"tw-data-text tw-text-large tw-ta\" dir=\"ltr\" data-placeholder=\"Traduction\" aria-label=\"Texte traduit\" data-ved=\"2ahUKEwj9-5zx-OKFAxUGE1kFHYxmCJcQ3ewLegQIARAU\"><span class=\"Y2IQFc\" lang=\"fr\">Inspir\u00e9s par le pavage romain, nous avons cr\u00e9\u00e9 TWO, le nouvel ajout \u00e0 notre famille grandissante de tailles jumbo apr\u00e8s ONE. Cette mosa\u00efque romaine r\u00e9interpr\u00e9t\u00e9e dans un ton pop et flamboyant, se d\u00e9cline en format maxi 120&#215;120 cm, 6 mm d&rsquo;\u00e9paisseur et en six d\u00e9cors diff\u00e9rents. La technologie raffin\u00e9e et am\u00e9lior\u00e9e de coloration \u00e0 froid garantit un rendu des couleurs in\u00e9gal\u00e9 et une haute r\u00e9sistance aux rayures, faisant de la collection une solution parfaitement adapt\u00e9e m\u00eame aux sols \u00e0 faible trafic. Audacieux et \u00e9l\u00e9gant, nostalgiquement classique, TWO n&rsquo;est pas pour tout le monde, c&rsquo;est TWO cool pour vous !<\/span><\/p>\n<h4>COULEURS DISPONIBLES<\/h4>\n<p><span id=\"color-name\"><\/span><br \/>\n<img decoding=\"async\" class=\"alignnone wp-image-21061\" onclick=\"displayColor('01');\" style=\"cursor: pointer;\" src=\"https:\/\/artaceramic.com\/wp-content\/uploads\/2024\/04\/Two-01-120x120-1-1024x1024.jpg\" alt=\"01\" width=\"80\" height=\"80\" srcset=\"https:\/\/artaceramic.com\/wp-content\/uploads\/2024\/04\/Two-01-120x120-1-1024x1024.jpg 1024w, https:\/\/artaceramic.com\/wp-content\/uploads\/2024\/04\/Two-01-120x120-1-768x768.jpg 768w, https:\/\/artaceramic.com\/wp-content\/uploads\/2024\/04\/Two-01-120x120-1-1536x1536.jpg 1536w, https:\/\/artaceramic.com\/wp-content\/uploads\/2024\/04\/Two-01-120x120-1-2048x2048.jpg 2048w, https:\/\/artaceramic.com\/wp-content\/uploads\/2024\/04\/Two-01-120x120-1-100x100.jpg 100w\" sizes=\"(max-width: 80px) 100vw, 80px\" \/> <img decoding=\"async\" class=\"alignnone wp-image-21063\" onclick=\"displayColor('02');\" style=\"cursor: pointer;\" src=\"https:\/\/artaceramic.com\/wp-content\/uploads\/2024\/04\/Two-02-120x120-1-1024x1024.jpg\" alt=\"02\" width=\"80\" height=\"80\" srcset=\"https:\/\/artaceramic.com\/wp-content\/uploads\/2024\/04\/Two-02-120x120-1-1024x1024.jpg 1024w, https:\/\/artaceramic.com\/wp-content\/uploads\/2024\/04\/Two-02-120x120-1-768x768.jpg 768w, https:\/\/artaceramic.com\/wp-content\/uploads\/2024\/04\/Two-02-120x120-1-1536x1536.jpg 1536w, https:\/\/artaceramic.com\/wp-content\/uploads\/2024\/04\/Two-02-120x120-1-2048x2048.jpg 2048w, https:\/\/artaceramic.com\/wp-content\/uploads\/2024\/04\/Two-02-120x120-1-100x100.jpg 100w\" sizes=\"(max-width: 80px) 100vw, 80px\" \/> <img decoding=\"async\" class=\"alignnone wp-image-21065\" onclick=\"displayColor('03');\" style=\"cursor: pointer;\" src=\"https:\/\/artaceramic.com\/wp-content\/uploads\/2024\/04\/Two-03-120x120-1-1024x1024.jpg\" alt=\"03\" width=\"80\" height=\"80\" srcset=\"https:\/\/artaceramic.com\/wp-content\/uploads\/2024\/04\/Two-03-120x120-1-1024x1024.jpg 1024w, https:\/\/artaceramic.com\/wp-content\/uploads\/2024\/04\/Two-03-120x120-1-768x768.jpg 768w, https:\/\/artaceramic.com\/wp-content\/uploads\/2024\/04\/Two-03-120x120-1-1536x1536.jpg 1536w, https:\/\/artaceramic.com\/wp-content\/uploads\/2024\/04\/Two-03-120x120-1-2048x2048.jpg 2048w, https:\/\/artaceramic.com\/wp-content\/uploads\/2024\/04\/Two-03-120x120-1-100x100.jpg 100w\" sizes=\"(max-width: 80px) 100vw, 80px\" \/> <img loading=\"lazy\" decoding=\"async\" class=\"alignnone wp-image-21067\" onclick=\"displayColor('04');\" style=\"cursor: pointer;\" src=\"https:\/\/artaceramic.com\/wp-content\/uploads\/2024\/04\/Two-04-120x120-1-1024x1024.jpg\" alt=\"04\" width=\"80\" height=\"80\" srcset=\"https:\/\/artaceramic.com\/wp-content\/uploads\/2024\/04\/Two-04-120x120-1-1024x1024.jpg 1024w, https:\/\/artaceramic.com\/wp-content\/uploads\/2024\/04\/Two-04-120x120-1-768x768.jpg 768w, https:\/\/artaceramic.com\/wp-content\/uploads\/2024\/04\/Two-04-120x120-1-1536x1536.jpg 1536w, https:\/\/artaceramic.com\/wp-content\/uploads\/2024\/04\/Two-04-120x120-1-2048x2048.jpg 2048w, https:\/\/artaceramic.com\/wp-content\/uploads\/2024\/04\/Two-04-120x120-1-100x100.jpg 100w\" sizes=\"(max-width: 80px) 100vw, 80px\" \/> <img loading=\"lazy\" decoding=\"async\" class=\"alignnone wp-image-21069\" onclick=\"displayColor('05');\" style=\"cursor: pointer;\" src=\"https:\/\/artaceramic.com\/wp-content\/uploads\/2024\/04\/Two-05-120x120-1-1024x1024.jpg\" alt=\"05\" width=\"80\" height=\"80\" srcset=\"https:\/\/artaceramic.com\/wp-content\/uploads\/2024\/04\/Two-05-120x120-1-1024x1024.jpg 1024w, https:\/\/artaceramic.com\/wp-content\/uploads\/2024\/04\/Two-05-120x120-1-768x768.jpg 768w, https:\/\/artaceramic.com\/wp-content\/uploads\/2024\/04\/Two-05-120x120-1-1536x1536.jpg 1536w, https:\/\/artaceramic.com\/wp-content\/uploads\/2024\/04\/Two-05-120x120-1-2048x2048.jpg 2048w, https:\/\/artaceramic.com\/wp-content\/uploads\/2024\/04\/Two-05-120x120-1-100x100.jpg 100w\" sizes=\"(max-width: 80px) 100vw, 80px\" \/> <img loading=\"lazy\" decoding=\"async\" class=\"alignnone wp-image-21071\" onclick=\"displayColor('06');\" style=\"cursor: pointer;\" src=\"https:\/\/artaceramic.com\/wp-content\/uploads\/2024\/04\/Two-06-120x120-1-1024x1024.jpg\" alt=\"06\" width=\"80\" height=\"80\" srcset=\"https:\/\/artaceramic.com\/wp-content\/uploads\/2024\/04\/Two-06-120x120-1-1024x1024.jpg 1024w, https:\/\/artaceramic.com\/wp-content\/uploads\/2024\/04\/Two-06-120x120-1-768x768.jpg 768w, https:\/\/artaceramic.com\/wp-content\/uploads\/2024\/04\/Two-06-120x120-1-1536x1536.jpg 1536w, https:\/\/artaceramic.com\/wp-content\/uploads\/2024\/04\/Two-06-120x120-1-2048x2048.jpg 2048w, https:\/\/artaceramic.com\/wp-content\/uploads\/2024\/04\/Two-06-120x120-1-100x100.jpg 100w\" sizes=\"(max-width: 80px) 100vw, 80px\" \/><\/p>\n<p>&nbsp;<\/p>\n","protected":false},"featured_media":21048,"template":"","meta":[],"product_brand":[],"product_cat":[66,100],"product_tag":[],"class_list":{"0":"post-21073","1":"product","2":"type-product","3":"status-publish","4":"has-post-thumbnail","6":"product_cat-carreaux","7":"product_cat-ceramique-et-porcelaine","8":"pa_colors-blanc","9":"pa_colors-bleu","10":"pa_colors-ivoire","11":"pa_colors-noir","12":"pa_colors-rose","13":"pa_sizes-48x48-fr","15":"first","16":"instock","17":"shipping-taxable","18":"product-type-simple"},"_links":{"self":[{"href":"https:\/\/artaceramic.com\/fr\/wp-json\/wp\/v2\/product\/21073","targetHints":{"allow":["GET"]}}],"collection":[{"href":"https:\/\/artaceramic.com\/fr\/wp-json\/wp\/v2\/product"}],"about":[{"href":"https:\/\/artaceramic.com\/fr\/wp-json\/wp\/v2\/types\/product"}],"wp:featuredmedia":[{"embeddable":true,"href":"https:\/\/artaceramic.com\/fr\/wp-json\/wp\/v2\/media\/21048"}],"wp:attachment":[{"href":"https:\/\/artaceramic.com\/fr\/wp-json\/wp\/v2\/media?parent=21073"}],"wp:term":[{"taxonomy":"product_brand","embeddable":true,"href":"https:\/\/artaceramic.com\/fr\/wp-json\/wp\/v2\/product_brand?post=21073"},{"taxonomy":"product_cat","embeddable":true,"href":"https:\/\/artaceramic.com\/fr\/wp-json\/wp\/v2\/product_cat?post=21073"},{"taxonomy":"product_tag","embeddable":true,"href":"https:\/\/artaceramic.com\/fr\/wp-json\/wp\/v2\/product_tag?post=21073"}],"curies":[{"name":"wp","href":"https:\/\/api.w.org\/{rel}","templated":true}]}}