{"id":21043,"date":"2024-04-27T13:10:07","date_gmt":"2024-04-27T17:10:07","guid":{"rendered":"https:\/\/artaceramic.com\/?post_type=product&#038;p=21043"},"modified":"2026-02-04T13:09:15","modified_gmt":"2026-02-04T18:09:15","slug":"nouveau-sensi-fantasy","status":"publish","type":"product","link":"https:\/\/artaceramic.com\/fr\/produit\/nouveau-sensi-fantasy\/","title":{"rendered":"Sensi Fantasy"},"content":{"rendered":"<p>FORMATS DISPONIBLES<\/p>\n<p>FORMAT: 24&#215;48<\/p>\n<p>PC\/BO\u00ceTE: 15.55<\/p>\n<p>MCX\/BO\u00ceTE: 2.00<\/p>\n","protected":false},"excerpt":{"rendered":"<p>Motifs, d\u00e9corations et design sont les ma\u00eetres mots de Sensi Fantasy, la collection qui r\u00e9invente le monde du carrelage effet marbre avec une \u00e9tonnante originalit\u00e9. Une vari\u00e9t\u00e9 de styles et d&rsquo;inspirations sont disponibles pour cr\u00e9er des surfaces aux effets tridimensionnels qui se distinguent par leur attrait visuel et tactile.<\/p>\n<h4>COULEURS DISPONIBLES<\/h4>\n<p><span id=\"color-name\"><\/span><br \/>\n<img decoding=\"async\" class=\"alignnone size-full wp-image-21037\" onclick=\"displayColor('Abacus');\" style=\"cursor: pointer;\" src=\"https:\/\/artaceramic.com\/wp-content\/uploads\/2024\/04\/ABACUS.png\" alt=\"Abacus\" width=\"80\" height=\"80\" \/> <img decoding=\"async\" class=\"alignnone size-medium wp-image-21039\" onclick=\"displayColor('Flower');\" style=\"cursor: pointer;\" src=\"https:\/\/artaceramic.com\/wp-content\/uploads\/2024\/04\/FLOWER.png\" alt=\"Flower\" width=\"80\" height=\"80\" \/> <img decoding=\"async\" class=\"alignnone size-medium wp-image-21041\" onclick=\"displayColor('Tips');\" style=\"cursor: pointer;\" src=\"https:\/\/artaceramic.com\/wp-content\/uploads\/2024\/04\/TIPS.png\" alt=\"Tips\" width=\"80\" height=\"80\" \/><\/p>\n","protected":false},"featured_media":21014,"template":"","meta":[],"product_brand":[],"product_cat":[66,100],"product_tag":[],"class_list":{"0":"post-21043","1":"product","2":"type-product","3":"status-publish","4":"has-post-thumbnail","6":"product_cat-carreaux","7":"product_cat-ceramique-et-porcelaine","8":"pa_colors-blanc","9":"pa_colors-bleu","10":"pa_colors-gris","11":"pa_colors-noir","12":"pa_colors-vert","13":"pa_sizes-24x48-fr","15":"first","16":"instock","17":"shipping-taxable","18":"product-type-simple"},"_links":{"self":[{"href":"https:\/\/artaceramic.com\/fr\/wp-json\/wp\/v2\/product\/21043","targetHints":{"allow":["GET"]}}],"collection":[{"href":"https:\/\/artaceramic.com\/fr\/wp-json\/wp\/v2\/product"}],"about":[{"href":"https:\/\/artaceramic.com\/fr\/wp-json\/wp\/v2\/types\/product"}],"wp:featuredmedia":[{"embeddable":true,"href":"https:\/\/artaceramic.com\/fr\/wp-json\/wp\/v2\/media\/21014"}],"wp:attachment":[{"href":"https:\/\/artaceramic.com\/fr\/wp-json\/wp\/v2\/media?parent=21043"}],"wp:term":[{"taxonomy":"product_brand","embeddable":true,"href":"https:\/\/artaceramic.com\/fr\/wp-json\/wp\/v2\/product_brand?post=21043"},{"taxonomy":"product_cat","embeddable":true,"href":"https:\/\/artaceramic.com\/fr\/wp-json\/wp\/v2\/product_cat?post=21043"},{"taxonomy":"product_tag","embeddable":true,"href":"https:\/\/artaceramic.com\/fr\/wp-json\/wp\/v2\/product_tag?post=21043"}],"curies":[{"name":"wp","href":"https:\/\/api.w.org\/{rel}","templated":true}]}}