{"id":20707,"date":"2024-04-12T12:58:02","date_gmt":"2024-04-12T16:58:02","guid":{"rendered":"https:\/\/artaceramic.com\/?post_type=product&#038;p=20707"},"modified":"2026-02-04T13:12:10","modified_gmt":"2026-02-04T18:12:10","slug":"new-isola","status":"publish","type":"product","link":"https:\/\/artaceramic.com\/fr\/produit\/new-isola\/","title":{"rendered":"Isola"},"content":{"rendered":"<h4>FORMATS DISPONIBLES<\/h4>\n<p>FORMAT: 12X36<\/p>\n<p>MCX\/BO\u00ceTE: 4.00<\/p>\n<p>PC\/BO\u00ceTE: 11.65<\/p>\n","protected":false},"excerpt":{"rendered":"<p id=\"tw-target-text\" class=\"tw-data-text tw-text-large tw-ta\" dir=\"ltr\" data-placeholder=\"Traduction\" aria-label=\"Texte traduit\" data-ved=\"2ahUKEwiOrPDRl72FAxXzEVkFHXVGCB4Q3ewLegQIDBAU\"><span class=\"Y2IQFc\" lang=\"fr\">D\u00e9couvrez Isola, une fusion de savoir-faire et d&rsquo;\u00e9l\u00e9gance de la nature. Cr\u00e9\u00e9 avec le souci du d\u00e9tail, chaque carreau incarne le charme organique et met en valeur des couleurs naturelles dans des tons sereins de beige, blanc et ciment.<\/span><\/p>\n<p>&nbsp;<\/p>\n<h4>COULEURS DISPONIBLES<\/h4>\n<p><span id=\"color-name\"><\/span><br \/>\n<img decoding=\"async\" class=\"alignnone size-full wp-image-20700\" onclick=\"displayColor('Art Blanco');\" style=\"cursor: pointer;\" src=\"https:\/\/artaceramic.com\/wp-content\/uploads\/2024\/04\/Art-Blanco.png\" alt=\"Art Blanco\" width=\"80\" height=\"80\" \/> <img decoding=\"async\" class=\"alignnone size-full wp-image-20702\" onclick=\"displayColor('Art Beige');\" style=\"cursor: pointer;\" src=\"https:\/\/artaceramic.com\/wp-content\/uploads\/2024\/04\/Art-Beige.png\" alt=\"Beige\" width=\"80\" height=\"80\" \/> <img decoding=\"async\" class=\"alignnone size-full wp-image-20704\" onclick=\"displayColor('Art Gris');\" style=\"cursor: pointer;\" src=\"https:\/\/artaceramic.com\/wp-content\/uploads\/2024\/04\/Art-Grey.png\" alt=\"Art Gris\" width=\"80\" height=\"80\" \/><\/p>\n","protected":false},"featured_media":20687,"template":"","meta":[],"product_brand":[],"product_cat":[66,80,100],"product_tag":[],"class_list":{"0":"post-20707","1":"product","2":"type-product","3":"status-publish","4":"has-post-thumbnail","6":"product_cat-carreaux","7":"product_cat-carreaux-muraux","8":"product_cat-ceramique-et-porcelaine","9":"pa_colors-beige-fr","10":"pa_colors-blanc","11":"pa_colors-gris","12":"pa_sizes-12x36-fr","14":"first","15":"instock","16":"shipping-taxable","17":"product-type-simple"},"_links":{"self":[{"href":"https:\/\/artaceramic.com\/fr\/wp-json\/wp\/v2\/product\/20707","targetHints":{"allow":["GET"]}}],"collection":[{"href":"https:\/\/artaceramic.com\/fr\/wp-json\/wp\/v2\/product"}],"about":[{"href":"https:\/\/artaceramic.com\/fr\/wp-json\/wp\/v2\/types\/product"}],"wp:featuredmedia":[{"embeddable":true,"href":"https:\/\/artaceramic.com\/fr\/wp-json\/wp\/v2\/media\/20687"}],"wp:attachment":[{"href":"https:\/\/artaceramic.com\/fr\/wp-json\/wp\/v2\/media?parent=20707"}],"wp:term":[{"taxonomy":"product_brand","embeddable":true,"href":"https:\/\/artaceramic.com\/fr\/wp-json\/wp\/v2\/product_brand?post=20707"},{"taxonomy":"product_cat","embeddable":true,"href":"https:\/\/artaceramic.com\/fr\/wp-json\/wp\/v2\/product_cat?post=20707"},{"taxonomy":"product_tag","embeddable":true,"href":"https:\/\/artaceramic.com\/fr\/wp-json\/wp\/v2\/product_tag?post=20707"}],"curies":[{"name":"wp","href":"https:\/\/api.w.org\/{rel}","templated":true}]}}