{"id":20611,"date":"2024-03-11T15:16:10","date_gmt":"2024-03-11T19:16:10","guid":{"rendered":"https:\/\/artaceramic.com\/?post_type=product&#038;p=20611"},"modified":"2026-02-04T13:14:17","modified_gmt":"2026-02-04T18:14:17","slug":"new-soldeu","status":"publish","type":"product","link":"https:\/\/artaceramic.com\/fr\/produit\/new-soldeu\/","title":{"rendered":"Soldeu"},"content":{"rendered":"<p>DISPONIBLE<\/p>\n<p>FORMAT: 3 X 12<\/p>\n<p>MCX\/BO\u00ceTE: 25.00<\/p>\n<p>PC\/BO\u00ceTE: 6.05<\/p>\n","protected":false},"excerpt":{"rendered":"<p>Les d\u00e9tails ne sont pas les d\u00e9tails, ils font le design. Soldeu est une int\u00e9ressante combinaison de couleurs cr\u00e9ant un merveillex \u00e9l\u00e9ment de design pour les murs.<\/p>\n<h4><strong>COULEURS DISPONIBLES<\/strong><\/h4>\n<p><img decoding=\"async\" class=\"alignnone size-full wp-image-20595\" src=\"https:\/\/artaceramic.com\/wp-content\/uploads\/2024\/03\/Aqua.png\" alt=\"\" width=\"80\" height=\"80\" \/> <img decoding=\"async\" class=\"alignnone size-medium wp-image-20597\" src=\"https:\/\/artaceramic.com\/wp-content\/uploads\/2024\/03\/Garnet.png\" alt=\"\" width=\"80\" height=\"80\" \/> <img decoding=\"async\" class=\"alignnone size-medium wp-image-20599\" src=\"https:\/\/artaceramic.com\/wp-content\/uploads\/2024\/03\/Green.png\" alt=\"\" width=\"80\" height=\"80\" \/> <img loading=\"lazy\" decoding=\"async\" class=\"alignnone size-medium wp-image-20601\" src=\"https:\/\/artaceramic.com\/wp-content\/uploads\/2024\/03\/Vanilla.png\" alt=\"\" width=\"80\" height=\"80\" \/> <img loading=\"lazy\" decoding=\"async\" class=\"alignnone size-medium wp-image-20603\" src=\"https:\/\/artaceramic.com\/wp-content\/uploads\/2024\/03\/White.png\" alt=\"\" width=\"80\" height=\"80\" \/><\/p>\n<p>&nbsp;<\/p>\n<h4><strong>COULEURS EN COMMANDE SP\u00c9CIALE<\/strong><\/h4>\n<p><img loading=\"lazy\" decoding=\"async\" class=\"alignnone size-full wp-image-20605\" src=\"https:\/\/artaceramic.com\/wp-content\/uploads\/2024\/03\/Bleu.png\" alt=\"\" width=\"80\" height=\"80\" \/> <img loading=\"lazy\" decoding=\"async\" class=\"alignnone size-medium wp-image-20607\" src=\"https:\/\/artaceramic.com\/wp-content\/uploads\/2024\/03\/Pink.png\" alt=\"\" width=\"80\" height=\"80\" \/> <img loading=\"lazy\" decoding=\"async\" class=\"alignnone size-medium wp-image-20609\" src=\"https:\/\/artaceramic.com\/wp-content\/uploads\/2024\/03\/Grey.png\" alt=\"\" width=\"80\" height=\"80\" \/><\/p>\n","protected":false},"featured_media":20570,"template":"","meta":[],"product_brand":[],"product_cat":[66,80,100],"product_tag":[],"class_list":{"0":"post-20611","1":"product","2":"type-product","3":"status-publish","4":"has-post-thumbnail","6":"product_cat-carreaux","7":"product_cat-carreaux-muraux","8":"product_cat-ceramique-et-porcelaine","9":"pa_colors-blanc","10":"pa_colors-bleu","11":"pa_colors-greige-fr","12":"pa_colors-rose","13":"pa_colors-rouge","14":"pa_colors-taupe-fr","15":"pa_colors-vert","16":"pa_sizes-3x12-fr","18":"first","19":"instock","20":"shipping-taxable","21":"product-type-simple"},"_links":{"self":[{"href":"https:\/\/artaceramic.com\/fr\/wp-json\/wp\/v2\/product\/20611","targetHints":{"allow":["GET"]}}],"collection":[{"href":"https:\/\/artaceramic.com\/fr\/wp-json\/wp\/v2\/product"}],"about":[{"href":"https:\/\/artaceramic.com\/fr\/wp-json\/wp\/v2\/types\/product"}],"wp:featuredmedia":[{"embeddable":true,"href":"https:\/\/artaceramic.com\/fr\/wp-json\/wp\/v2\/media\/20570"}],"wp:attachment":[{"href":"https:\/\/artaceramic.com\/fr\/wp-json\/wp\/v2\/media?parent=20611"}],"wp:term":[{"taxonomy":"product_brand","embeddable":true,"href":"https:\/\/artaceramic.com\/fr\/wp-json\/wp\/v2\/product_brand?post=20611"},{"taxonomy":"product_cat","embeddable":true,"href":"https:\/\/artaceramic.com\/fr\/wp-json\/wp\/v2\/product_cat?post=20611"},{"taxonomy":"product_tag","embeddable":true,"href":"https:\/\/artaceramic.com\/fr\/wp-json\/wp\/v2\/product_tag?post=20611"}],"curies":[{"name":"wp","href":"https:\/\/api.w.org\/{rel}","templated":true}]}}