{"id":20167,"date":"2024-01-24T14:54:37","date_gmt":"2024-01-24T19:54:37","guid":{"rendered":"https:\/\/artaceramic.com\/?post_type=product&#038;p=20167"},"modified":"2026-02-04T13:31:26","modified_gmt":"2026-02-04T18:31:26","slug":"new-mosaic-1-2-x-1-2","status":"publish","type":"product","link":"https:\/\/artaceramic.com\/fr\/produit\/new-mosaic-1-2-x-1-2\/","title":{"rendered":"Mosaic 1\/2 x 1\/2"},"content":{"rendered":"<p>FORMAT: 1\/2 X 1\/2<\/p>\n<p>MCX\/BO\u00ceTE: 11.00<\/p>\n<p>PC\/BO\u00ceTE: 11.22<\/p>\n","protected":false},"excerpt":{"rendered":"<p>D\u00e9couvrez un grand style dans les petits d\u00e9tails avec ces petits carreaux de mosa\u00efque qui apportent une touche de modernit\u00e9. Parfaits pour cr\u00e9er des accents tendance et des surfaces affirm\u00e9es, ces petites merveilles red\u00e9finissent l&rsquo;esth\u00e9tique moderne de mani\u00e8re charmante et \u00e9l\u00e9gante.<\/p>\n<h4>COULEURS DISPONIBLES<\/h4>\n<p><span id=\"color-name\"><\/span><br \/>\n<img decoding=\"async\" class=\"alignnone wp-image-20165\" style=\"cursor: pointer;\" src=\"https:\/\/artaceramic.com\/wp-content\/uploads\/2024\/01\/MJDSS3006.jpg\" alt=\"Bordeaux\" width=\"80\" height=\"80\" srcset=\"https:\/\/artaceramic.com\/wp-content\/uploads\/2024\/01\/MJDSS3006.jpg 1000w, https:\/\/artaceramic.com\/wp-content\/uploads\/2024\/01\/MJDSS3006-768x768.jpg 768w, https:\/\/artaceramic.com\/wp-content\/uploads\/2024\/01\/MJDSS3006-100x100.jpg 100w\" sizes=\"(max-width: 80px) 100vw, 80px\" \/> <img decoding=\"async\" class=\"alignnone wp-image-20163\" style=\"cursor: pointer;\" src=\"https:\/\/artaceramic.com\/wp-content\/uploads\/2024\/01\/MJDSS1001.jpg\" alt=\"Bone\" width=\"80\" height=\"80\" srcset=\"https:\/\/artaceramic.com\/wp-content\/uploads\/2024\/01\/MJDSS1001.jpg 1000w, https:\/\/artaceramic.com\/wp-content\/uploads\/2024\/01\/MJDSS1001-768x767.jpg 768w, https:\/\/artaceramic.com\/wp-content\/uploads\/2024\/01\/MJDSS1001-100x100.jpg 100w\" sizes=\"(max-width: 80px) 100vw, 80px\" \/><\/p>\n","protected":false},"featured_media":20166,"template":"","meta":[],"product_brand":[],"product_cat":[66,100],"product_tag":[],"class_list":{"0":"post-20167","1":"product","2":"type-product","3":"status-publish","4":"has-post-thumbnail","6":"product_cat-carreaux","7":"product_cat-ceramique-et-porcelaine","8":"pa_colors-blanc","9":"pa_colors-rouge","10":"pa_sizes-1-2x1-2-fr","11":"pa_sizes-mosaique","13":"first","14":"instock","15":"shipping-taxable","16":"product-type-simple"},"_links":{"self":[{"href":"https:\/\/artaceramic.com\/fr\/wp-json\/wp\/v2\/product\/20167","targetHints":{"allow":["GET"]}}],"collection":[{"href":"https:\/\/artaceramic.com\/fr\/wp-json\/wp\/v2\/product"}],"about":[{"href":"https:\/\/artaceramic.com\/fr\/wp-json\/wp\/v2\/types\/product"}],"wp:featuredmedia":[{"embeddable":true,"href":"https:\/\/artaceramic.com\/fr\/wp-json\/wp\/v2\/media\/20166"}],"wp:attachment":[{"href":"https:\/\/artaceramic.com\/fr\/wp-json\/wp\/v2\/media?parent=20167"}],"wp:term":[{"taxonomy":"product_brand","embeddable":true,"href":"https:\/\/artaceramic.com\/fr\/wp-json\/wp\/v2\/product_brand?post=20167"},{"taxonomy":"product_cat","embeddable":true,"href":"https:\/\/artaceramic.com\/fr\/wp-json\/wp\/v2\/product_cat?post=20167"},{"taxonomy":"product_tag","embeddable":true,"href":"https:\/\/artaceramic.com\/fr\/wp-json\/wp\/v2\/product_tag?post=20167"}],"curies":[{"name":"wp","href":"https:\/\/api.w.org\/{rel}","templated":true}]}}