{"id":20161,"date":"2024-01-24T14:33:21","date_gmt":"2024-01-24T19:33:21","guid":{"rendered":"https:\/\/artaceramic.com\/?post_type=product&#038;p=20161"},"modified":"2026-02-04T13:34:03","modified_gmt":"2026-02-04T18:34:03","slug":"nouveau-cosmopolitan","status":"publish","type":"product","link":"https:\/\/artaceramic.com\/fr\/produit\/nouveau-cosmopolitan\/","title":{"rendered":"Cosmopolitan"},"content":{"rendered":"<p>FORMAT: 24X24<\/p>\n<p>MCX\/BO\u00ceTE: 3.00<\/p>\n<p>PC\/BO\u00ceTE: 11.65<\/p>\n","protected":false},"excerpt":{"rendered":"<p>Cosmopolitan \u00e9mane de la sophistication avec sa ressemblance frappante aux min\u00e9raux naturels. Pr\u00e9sentant une gamme vari\u00e9e de motifs captivants et de tons terreux, ces carreaux apportent sans effort la beaut\u00e9 intemporelle des min\u00e9raux dans votre espace. Rehaussez votre esth\u00e9tique de design avec cette collection, o\u00f9 l&rsquo;\u00e9l\u00e9gance du porcelaine rencontre le charme de M\u00e8re Nature.<\/p>\n<h4>COULEURS DISPONIBLES<\/h4>\n<p><span id=\"color-name\"><\/span><br \/>\n<img decoding=\"async\" class=\"alignnone size-full wp-image-20149\" style=\"cursor: pointer;\" src=\"https:\/\/artaceramic.com\/wp-content\/uploads\/2024\/01\/Crema.png\" alt=\"Crema\" width=\"80\" height=\"80\" \/> <img decoding=\"async\" class=\"alignnone size-full wp-image-20151\" style=\"cursor: pointer;\" src=\"https:\/\/artaceramic.com\/wp-content\/uploads\/2024\/01\/Taupe.png\" alt=\"Taupe\" width=\"80\" height=\"80\" \/> <img decoding=\"async\" class=\"alignnone size-full wp-image-20153\" style=\"cursor: pointer;\" src=\"https:\/\/artaceramic.com\/wp-content\/uploads\/2024\/01\/Tortora.png\" alt=\"Tortora\" width=\"80\" height=\"80\" \/> <img loading=\"lazy\" decoding=\"async\" class=\"alignnone size-full wp-image-20155\" style=\"cursor: pointer;\" src=\"https:\/\/artaceramic.com\/wp-content\/uploads\/2024\/01\/Ghiaccio.png\" alt=\"Ghiaccio\" width=\"80\" height=\"80\" \/> <img loading=\"lazy\" decoding=\"async\" class=\"alignnone size-medium wp-image-20157\" style=\"cursor: pointer;\" src=\"https:\/\/artaceramic.com\/wp-content\/uploads\/2024\/01\/Grigio.png\" alt=\"\" width=\"80\" height=\"80\" \/> <img loading=\"lazy\" decoding=\"async\" class=\"alignnone size-medium wp-image-20159\" style=\"cursor: pointer;\" src=\"https:\/\/artaceramic.com\/wp-content\/uploads\/2024\/01\/Nero.png\" alt=\"Nero\" width=\"80\" height=\"80\" \/><\/p>\n","protected":false},"featured_media":20132,"template":"","meta":[],"product_brand":[],"product_cat":[66,100],"product_tag":[],"class_list":{"0":"post-20161","1":"product","2":"type-product","3":"status-publish","4":"has-post-thumbnail","6":"product_cat-carreaux","7":"product_cat-ceramique-et-porcelaine","8":"pa_colors-beige-fr","9":"pa_colors-greige-fr","10":"pa_colors-gris","11":"pa_colors-noir","12":"pa_colors-taupe-fr","13":"pa_sizes-24x24-fr","15":"first","16":"instock","17":"shipping-taxable","18":"product-type-simple"},"_links":{"self":[{"href":"https:\/\/artaceramic.com\/fr\/wp-json\/wp\/v2\/product\/20161","targetHints":{"allow":["GET"]}}],"collection":[{"href":"https:\/\/artaceramic.com\/fr\/wp-json\/wp\/v2\/product"}],"about":[{"href":"https:\/\/artaceramic.com\/fr\/wp-json\/wp\/v2\/types\/product"}],"wp:featuredmedia":[{"embeddable":true,"href":"https:\/\/artaceramic.com\/fr\/wp-json\/wp\/v2\/media\/20132"}],"wp:attachment":[{"href":"https:\/\/artaceramic.com\/fr\/wp-json\/wp\/v2\/media?parent=20161"}],"wp:term":[{"taxonomy":"product_brand","embeddable":true,"href":"https:\/\/artaceramic.com\/fr\/wp-json\/wp\/v2\/product_brand?post=20161"},{"taxonomy":"product_cat","embeddable":true,"href":"https:\/\/artaceramic.com\/fr\/wp-json\/wp\/v2\/product_cat?post=20161"},{"taxonomy":"product_tag","embeddable":true,"href":"https:\/\/artaceramic.com\/fr\/wp-json\/wp\/v2\/product_tag?post=20161"}],"curies":[{"name":"wp","href":"https:\/\/api.w.org\/{rel}","templated":true}]}}