{"id":20127,"date":"2024-01-23T16:37:38","date_gmt":"2024-01-23T21:37:38","guid":{"rendered":"https:\/\/artaceramic.com\/?post_type=product&#038;p=20127"},"modified":"2026-02-04T13:36:40","modified_gmt":"2026-02-04T18:36:40","slug":"bientot-portland","status":"publish","type":"product","link":"https:\/\/artaceramic.com\/fr\/produit\/bientot-portland\/","title":{"rendered":"Portland"},"content":{"rendered":"<p>FORMAT: 24X24<\/p>\n<p>MCX\/BO\u00ceTE: 4.00<\/p>\n<p>PC\/BO\u00ceTE: 15.55<\/p>\n<p>&nbsp;<\/p>\n<p>FORMAT: 24X48<\/p>\n<p>MCX\/BO\u00ceTE: 2.00<\/p>\n<p>PC\/BO\u00ceTE: 15.55<\/p>\n","protected":false},"excerpt":{"rendered":"<p id=\"tw-target-text\" class=\"tw-data-text tw-text-large tw-ta\" dir=\"ltr\" data-placeholder=\"Traduction\" data-ved=\"2ahUKEwj3zdLK0PaDAxX0EFkFHWgZBWAQ3ewLegQICRAQ\"><span class=\"Y2IQFc\" lang=\"fr\">D\u00e9voilez la sophistication audacieuse de notre collection Portland, fusionnant harmonieusement l&rsquo;allure brute du brutalisme avec une esth\u00e9tique chaleureuse et invitante. Ces carreaux inspir\u00e9s du b\u00e9ton red\u00e9finissent le minimalisme moderne, offrant un m\u00e9lange unique de structure robuste et de chaleur r\u00e9confortante.<\/span><\/p>\n<h4>COULEURS DISPONIBLES<\/h4>\n<p><span id=\"color-name\"><\/span><br \/>\n<img decoding=\"async\" class=\"alignnone size-medium wp-image-20111\" style=\"cursor: pointer;\" src=\"https:\/\/artaceramic.com\/wp-content\/uploads\/2024\/01\/Blanco.png\" alt=\"Blanco\" width=\"80\" height=\"80\" \/> <img decoding=\"async\" class=\"alignnone size-full wp-image-20117\" style=\"cursor: pointer;\" src=\"https:\/\/artaceramic.com\/wp-content\/uploads\/2024\/01\/Perla.png\" alt=\"Perla\" width=\"80\" height=\"80\" \/> <img decoding=\"async\" class=\"alignnone size-full wp-image-20113\" style=\"cursor: pointer;\" src=\"https:\/\/artaceramic.com\/wp-content\/uploads\/2024\/01\/Gris.png\" alt=\"Gris\" width=\"80\" height=\"80\" \/> <img loading=\"lazy\" decoding=\"async\" class=\"alignnone size-full wp-image-20115\" style=\"cursor: pointer;\" src=\"https:\/\/artaceramic.com\/wp-content\/uploads\/2024\/01\/Marfil.png\" alt=\"Marfil\" width=\"80\" height=\"80\" \/><\/p>\n<p><img loading=\"lazy\" decoding=\"async\" class=\"alignnone size-full wp-image-20119\" style=\"cursor: pointer;\" src=\"https:\/\/artaceramic.com\/wp-content\/uploads\/2024\/01\/RLV-Blanco.png\" alt=\"RLV Blanco\" width=\"80\" height=\"80\" \/> <img loading=\"lazy\" decoding=\"async\" class=\"alignnone size-full wp-image-20125\" style=\"cursor: pointer;\" src=\"https:\/\/artaceramic.com\/wp-content\/uploads\/2024\/01\/RLV-Perla.png\" alt=\"RLV Perla\" width=\"80\" height=\"80\" \/> <img loading=\"lazy\" decoding=\"async\" class=\"alignnone size-full wp-image-20121\" style=\"cursor: pointer;\" src=\"https:\/\/artaceramic.com\/wp-content\/uploads\/2024\/01\/RLV-Gris.png\" alt=\"RLV Gris\" width=\"80\" height=\"80\" \/> <img loading=\"lazy\" decoding=\"async\" class=\"alignnone size-full wp-image-20123\" style=\"cursor: pointer;\" src=\"https:\/\/artaceramic.com\/wp-content\/uploads\/2024\/01\/RLV-Marfil.png\" alt=\"RLV Marfil\" width=\"80\" height=\"80\" \/><\/p>\n","protected":false},"featured_media":20094,"template":"","meta":[],"product_brand":[],"product_cat":[66,100],"product_tag":[],"class_list":{"0":"post-20127","1":"product","2":"type-product","3":"status-publish","4":"has-post-thumbnail","6":"product_cat-carreaux","7":"product_cat-ceramique-et-porcelaine","8":"pa_colors-beige-fr","9":"pa_colors-blanc","10":"pa_colors-gris","11":"pa_sizes-24x24-fr","12":"pa_sizes-24x48-fr","13":"pa_thickness-10mm-fr","15":"first","16":"instock","17":"shipping-taxable","18":"product-type-simple"},"_links":{"self":[{"href":"https:\/\/artaceramic.com\/fr\/wp-json\/wp\/v2\/product\/20127","targetHints":{"allow":["GET"]}}],"collection":[{"href":"https:\/\/artaceramic.com\/fr\/wp-json\/wp\/v2\/product"}],"about":[{"href":"https:\/\/artaceramic.com\/fr\/wp-json\/wp\/v2\/types\/product"}],"wp:featuredmedia":[{"embeddable":true,"href":"https:\/\/artaceramic.com\/fr\/wp-json\/wp\/v2\/media\/20094"}],"wp:attachment":[{"href":"https:\/\/artaceramic.com\/fr\/wp-json\/wp\/v2\/media?parent=20127"}],"wp:term":[{"taxonomy":"product_brand","embeddable":true,"href":"https:\/\/artaceramic.com\/fr\/wp-json\/wp\/v2\/product_brand?post=20127"},{"taxonomy":"product_cat","embeddable":true,"href":"https:\/\/artaceramic.com\/fr\/wp-json\/wp\/v2\/product_cat?post=20127"},{"taxonomy":"product_tag","embeddable":true,"href":"https:\/\/artaceramic.com\/fr\/wp-json\/wp\/v2\/product_tag?post=20127"}],"curies":[{"name":"wp","href":"https:\/\/api.w.org\/{rel}","templated":true}]}}