{"id":20088,"date":"2023-12-06T11:46:24","date_gmt":"2023-12-06T16:46:24","guid":{"rendered":"https:\/\/artaceramic.com\/?post_type=product&#038;p=20088"},"modified":"2026-02-04T13:38:23","modified_gmt":"2026-02-04T18:38:23","slug":"bientot-memory","status":"publish","type":"product","link":"https:\/\/artaceramic.com\/fr\/produit\/bientot-memory\/","title":{"rendered":"Memory"},"content":{"rendered":"<h4>FORMATS DISPONIBLES<\/h4>\n<p>FORMAT: 24X24<\/p>\n<p>MCX\/BO\u00ceTE: 4.00<\/p>\n<p>PC\/BO\u00ceTE: 15.55<\/p>\n<p>&nbsp;<\/p>\n<h4>FORMAT D\u00c9COR<\/h4>\n<p>FORMAT: 24X48<\/p>\n<p>MCX\/BO\u00ceTE: 2.00<\/p>\n<p>PC\/BO\u00ceTE: 15.55<\/p>\n<p>&nbsp;<\/p>\n","protected":false},"excerpt":{"rendered":"<p>Embrassant la beaut\u00e9 de la simplicit\u00e9, MEMORY est soigneusement con\u00e7u pour apporter un flux continu de chaleur ou de fra\u00eecheur dans votre espace en cr\u00e9ant un \u00e9quilibre \u00e0 la fois invitant et revigorant.<\/p>\n<h4>COULEURS DISPONIBLES<\/h4>\n<p><span id=\"color-name\"><\/span><br \/>\n<img decoding=\"async\" class=\"alignnone size-full wp-image-20071\" style=\"cursor: pointer;\" src=\"https:\/\/artaceramic.com\/wp-content\/uploads\/2023\/12\/Blanco.png\" alt=\"Bianco\" width=\"80\" height=\"80\" \/> <img decoding=\"async\" class=\"alignnone size-full wp-image-20073\" style=\"cursor: pointer;\" src=\"https:\/\/artaceramic.com\/wp-content\/uploads\/2023\/12\/Perla.png\" alt=\"Perla\" width=\"80\" height=\"80\" \/> <img decoding=\"async\" class=\"alignnone size-full wp-image-20075\" style=\"cursor: pointer;\" src=\"https:\/\/artaceramic.com\/wp-content\/uploads\/2023\/12\/Marfil.png\" alt=\"Marfil\" width=\"80\" height=\"80\" \/> <img loading=\"lazy\" decoding=\"async\" class=\"alignnone size-full wp-image-20077\" style=\"cursor: pointer;\" src=\"https:\/\/artaceramic.com\/wp-content\/uploads\/2023\/12\/Gris.png\" alt=\"Gris\" width=\"80\" height=\"80\" \/><\/p>\n<h6>D\u00c9COR<\/h6>\n<p><img loading=\"lazy\" decoding=\"async\" class=\"alignnone size-full wp-image-20079\" style=\"cursor: pointer;\" src=\"https:\/\/artaceramic.com\/wp-content\/uploads\/2023\/12\/Blanco-F.png\" alt=\"Bianco F\" width=\"80\" height=\"80\" \/> <img loading=\"lazy\" decoding=\"async\" class=\"alignnone size-full wp-image-20081\" style=\"cursor: pointer;\" src=\"https:\/\/artaceramic.com\/wp-content\/uploads\/2023\/12\/Perla-F.png\" alt=\"Perla F\" width=\"80\" height=\"80\" \/> <img loading=\"lazy\" decoding=\"async\" class=\"alignnone size-full wp-image-20083\" style=\"cursor: pointer;\" src=\"https:\/\/artaceramic.com\/wp-content\/uploads\/2023\/12\/Marfil-F.png\" alt=\"Marfil F\" width=\"80\" height=\"80\" \/> <img loading=\"lazy\" decoding=\"async\" class=\"alignnone size-full wp-image-20085\" style=\"cursor: pointer;\" src=\"https:\/\/artaceramic.com\/wp-content\/uploads\/2023\/12\/Gris-F.png\" alt=\"Gris F\" width=\"80\" height=\"80\" \/><\/p>\n","protected":false},"featured_media":20054,"template":"","meta":[],"product_brand":[],"product_cat":[66,100],"product_tag":[],"class_list":{"0":"post-20088","1":"product","2":"type-product","3":"status-publish","4":"has-post-thumbnail","6":"product_cat-carreaux","7":"product_cat-ceramique-et-porcelaine","8":"pa_colors-beige-fr","9":"pa_colors-blanc","10":"pa_colors-gris","11":"pa_sizes-24x24-fr","12":"pa_sizes-24x48-fr","13":"pa_thickness-10mm-fr","15":"first","16":"instock","17":"shipping-taxable","18":"product-type-simple"},"_links":{"self":[{"href":"https:\/\/artaceramic.com\/fr\/wp-json\/wp\/v2\/product\/20088","targetHints":{"allow":["GET"]}}],"collection":[{"href":"https:\/\/artaceramic.com\/fr\/wp-json\/wp\/v2\/product"}],"about":[{"href":"https:\/\/artaceramic.com\/fr\/wp-json\/wp\/v2\/types\/product"}],"wp:featuredmedia":[{"embeddable":true,"href":"https:\/\/artaceramic.com\/fr\/wp-json\/wp\/v2\/media\/20054"}],"wp:attachment":[{"href":"https:\/\/artaceramic.com\/fr\/wp-json\/wp\/v2\/media?parent=20088"}],"wp:term":[{"taxonomy":"product_brand","embeddable":true,"href":"https:\/\/artaceramic.com\/fr\/wp-json\/wp\/v2\/product_brand?post=20088"},{"taxonomy":"product_cat","embeddable":true,"href":"https:\/\/artaceramic.com\/fr\/wp-json\/wp\/v2\/product_cat?post=20088"},{"taxonomy":"product_tag","embeddable":true,"href":"https:\/\/artaceramic.com\/fr\/wp-json\/wp\/v2\/product_tag?post=20088"}],"curies":[{"name":"wp","href":"https:\/\/api.w.org\/{rel}","templated":true}]}}