{"id":20033,"date":"2023-12-02T13:50:06","date_gmt":"2023-12-02T18:50:06","guid":{"rendered":"https:\/\/artaceramic.com\/?post_type=product&#038;p=20033"},"modified":"2026-02-04T13:39:57","modified_gmt":"2026-02-04T18:39:57","slug":"nouveau-atmosphere","status":"publish","type":"product","link":"https:\/\/artaceramic.com\/fr\/produit\/nouveau-atmosphere\/","title":{"rendered":"Atmosph\u00e8re"},"content":{"rendered":"<h4>FORMAT DISPONIBLE<\/h4>\n<p>FORMAT: 24X24<\/p>\n<p>MCX\/BO\u00ceTE: 3.00<\/p>\n<p>PC\/BO\u00ceTE: 11.65<\/p>\n","protected":false},"excerpt":{"rendered":"<p id=\"tw-target-text\" class=\"tw-data-text tw-text-large tw-ta\" dir=\"ltr\" data-placeholder=\"Traduction\" data-ved=\"2ahUKEwjf1_jFuPGCAxWEFlkFHec3A18Q3ewLegQIBRAQ\"><span class=\"Y2IQFc\" lang=\"fr\">Atmosph\u00e8res est une collection au go\u00fbt brut mais \u00e9l\u00e9gant offrant une r\u00e9interpr\u00e9tation contemporaine du luxe simple et informel de la Pierre Bleue, une pierre s\u00e9dimentaire de Belgique \u00e0 l&rsquo;\u00e9nergie profonde et passionnante qui lui est propre. Sa surface distinctive, d\u00e9licatement bigarr\u00e9e et ses nuances subtilement d\u00e9grad\u00e9es, racontent une histoire remontant au fil des mill\u00e9naires \u00e0 un pass\u00e9 tr\u00e8s lointain, lorsque la r\u00e9gion qui est aujourd&rsquo;hui la Belgique se trouvait sous une mer riche en formations coralliennes.<\/span><\/p>\n<p>&nbsp;<\/p>\n<h4>COULEURS DISPONIBLES<\/h4>\n<p><span id=\"color-name\"><\/span><br \/>\n<img decoding=\"async\" class=\"alignnone size-full wp-image-20001\" style=\"cursor: pointer;\" src=\"https:\/\/artaceramic.com\/wp-content\/uploads\/2023\/12\/Lumiere.png\" alt=\"Lumi\u00e8re\" width=\"80\" height=\"80\" \/> <img decoding=\"async\" class=\"alignnone size-full wp-image-20003\" style=\"cursor: pointer;\" src=\"https:\/\/artaceramic.com\/wp-content\/uploads\/2023\/12\/Aurore.png\" alt=\"Aurore\" width=\"80\" height=\"80\" \/> <img decoding=\"async\" class=\"alignnone size-full wp-image-20005\" style=\"cursor: pointer;\" src=\"https:\/\/artaceramic.com\/wp-content\/uploads\/2023\/12\/Charme.png\" alt=\"Charme\" width=\"80\" height=\"80\" \/> <img loading=\"lazy\" decoding=\"async\" class=\"alignnone size-full wp-image-20007\" style=\"cursor: pointer;\" src=\"https:\/\/artaceramic.com\/wp-content\/uploads\/2023\/12\/Desir.png\" alt=\"D\u00e9sir\" width=\"80\" height=\"80\" \/> <img loading=\"lazy\" decoding=\"async\" class=\"alignnone size-full wp-image-20009\" style=\"cursor: pointer;\" src=\"https:\/\/artaceramic.com\/wp-content\/uploads\/2023\/12\/Mystere.png\" alt=\"Myst\u00e8re\" width=\"80\" height=\"80\" \/><\/p>\n<p>&nbsp;<\/p>\n","protected":false},"featured_media":20022,"template":"","meta":[],"product_brand":[],"product_cat":[66,100],"product_tag":[],"class_list":{"0":"post-20033","1":"product","2":"type-product","3":"status-publish","4":"has-post-thumbnail","6":"product_cat-carreaux","7":"product_cat-ceramique-et-porcelaine","8":"pa_colors-beige-fr","9":"pa_colors-brun","10":"pa_colors-gris","11":"pa_colors-noir","12":"pa_sizes-24x24-fr","13":"pa_thickness-10mm-fr","15":"first","16":"instock","17":"shipping-taxable","18":"product-type-simple"},"_links":{"self":[{"href":"https:\/\/artaceramic.com\/fr\/wp-json\/wp\/v2\/product\/20033","targetHints":{"allow":["GET"]}}],"collection":[{"href":"https:\/\/artaceramic.com\/fr\/wp-json\/wp\/v2\/product"}],"about":[{"href":"https:\/\/artaceramic.com\/fr\/wp-json\/wp\/v2\/types\/product"}],"wp:featuredmedia":[{"embeddable":true,"href":"https:\/\/artaceramic.com\/fr\/wp-json\/wp\/v2\/media\/20022"}],"wp:attachment":[{"href":"https:\/\/artaceramic.com\/fr\/wp-json\/wp\/v2\/media?parent=20033"}],"wp:term":[{"taxonomy":"product_brand","embeddable":true,"href":"https:\/\/artaceramic.com\/fr\/wp-json\/wp\/v2\/product_brand?post=20033"},{"taxonomy":"product_cat","embeddable":true,"href":"https:\/\/artaceramic.com\/fr\/wp-json\/wp\/v2\/product_cat?post=20033"},{"taxonomy":"product_tag","embeddable":true,"href":"https:\/\/artaceramic.com\/fr\/wp-json\/wp\/v2\/product_tag?post=20033"}],"curies":[{"name":"wp","href":"https:\/\/api.w.org\/{rel}","templated":true}]}}