{"id":19971,"date":"2023-12-02T13:14:34","date_gmt":"2023-12-02T18:14:34","guid":{"rendered":"https:\/\/artaceramic.com\/?post_type=product&#038;p=19971"},"modified":"2026-02-04T13:41:57","modified_gmt":"2026-02-04T18:41:57","slug":"bientot-mytime","status":"publish","type":"product","link":"https:\/\/artaceramic.com\/fr\/produit\/bientot-mytime\/","title":{"rendered":"Mytime"},"content":{"rendered":"<h4>FORMAT DISPONIBLE<\/h4>\n<p>FORMAT: 24X24<\/p>\n<p>MCX\/BO\u00ceTE: 4.00<\/p>\n<p>PC\/BO\u00ceTE: 15.55<\/p>\n<p>&nbsp;<\/p>\n<p>FORMAT: 24X48<\/p>\n<p>MCX\/BO\u00ceTE: 2.00<\/p>\n<p>PC\/BO\u00ceTE: 15.55<\/p>\n<p>*Le format 24&#215;48 est disponible pour le FLAME LATTE &amp; LATTE. Les autre couleurs sont en commande sp\u00e9ciale.<\/p>\n","protected":false},"excerpt":{"rendered":"<p>MYTIME est n\u00e9 de l&rsquo;envie d&rsquo;un march\u00e9 de plus en plus avide de produits traditionnels mais aussi d&rsquo;originalit\u00e9 et de pertinence. Aujourd&rsquo;hui, gr\u00e2ce \u00e0 nos innovations technologiques, la tradition peut \u00eatre repropos\u00e9e de mani\u00e8re moderne.<\/p>\n<p>&nbsp;<\/p>\n<h4>COULEURS DISPONIBLES<\/h4>\n<p><span id=\"color-name\"><\/span><br \/>\n<img decoding=\"async\" class=\"alignnone size-full wp-image-19961\" style=\"cursor: pointer;\" src=\"https:\/\/artaceramic.com\/wp-content\/uploads\/2023\/12\/Latte.png\" alt=\"Latte\" width=\"80\" height=\"80\" \/> <img decoding=\"async\" class=\"alignnone size-full wp-image-19963\" style=\"cursor: pointer;\" src=\"https:\/\/artaceramic.com\/wp-content\/uploads\/2023\/12\/Vanilla.png\" alt=\"Vanilla\" width=\"80\" height=\"80\" \/> <img decoding=\"async\" class=\"alignnone size-full wp-image-19965\" style=\"cursor: pointer;\" src=\"https:\/\/artaceramic.com\/wp-content\/uploads\/2023\/12\/Camel.png\" alt=\"Camel\" width=\"80\" height=\"80\" \/> <img loading=\"lazy\" decoding=\"async\" class=\"alignnone size-full wp-image-19967\" style=\"cursor: pointer;\" src=\"https:\/\/artaceramic.com\/wp-content\/uploads\/2023\/12\/Oyster.png\" alt=\"Oyster\" width=\"80\" height=\"80\" \/> <img loading=\"lazy\" decoding=\"async\" class=\"alignnone size-full wp-image-19969\" style=\"cursor: pointer;\" src=\"https:\/\/artaceramic.com\/wp-content\/uploads\/2023\/12\/Latte-Flamed.png\" alt=\"Flamed Latte\" width=\"80\" height=\"80\" \/><\/p>\n","protected":false},"featured_media":19944,"template":"","meta":[],"product_brand":[],"product_cat":[66,100],"product_tag":[],"class_list":{"0":"post-19971","1":"product","2":"type-product","3":"status-publish","4":"has-post-thumbnail","6":"product_cat-carreaux","7":"product_cat-ceramique-et-porcelaine","8":"pa_colors-beige-fr","9":"pa_colors-blanc","10":"pa_colors-gris","11":"pa_sizes-24x24-fr","12":"pa_sizes-24x48-fr","13":"pa_sizes-48x48-fr","14":"pa_thickness-10mm-fr","16":"first","17":"instock","18":"shipping-taxable","19":"product-type-simple"},"_links":{"self":[{"href":"https:\/\/artaceramic.com\/fr\/wp-json\/wp\/v2\/product\/19971","targetHints":{"allow":["GET"]}}],"collection":[{"href":"https:\/\/artaceramic.com\/fr\/wp-json\/wp\/v2\/product"}],"about":[{"href":"https:\/\/artaceramic.com\/fr\/wp-json\/wp\/v2\/types\/product"}],"wp:featuredmedia":[{"embeddable":true,"href":"https:\/\/artaceramic.com\/fr\/wp-json\/wp\/v2\/media\/19944"}],"wp:attachment":[{"href":"https:\/\/artaceramic.com\/fr\/wp-json\/wp\/v2\/media?parent=19971"}],"wp:term":[{"taxonomy":"product_brand","embeddable":true,"href":"https:\/\/artaceramic.com\/fr\/wp-json\/wp\/v2\/product_brand?post=19971"},{"taxonomy":"product_cat","embeddable":true,"href":"https:\/\/artaceramic.com\/fr\/wp-json\/wp\/v2\/product_cat?post=19971"},{"taxonomy":"product_tag","embeddable":true,"href":"https:\/\/artaceramic.com\/fr\/wp-json\/wp\/v2\/product_tag?post=19971"}],"curies":[{"name":"wp","href":"https:\/\/api.w.org\/{rel}","templated":true}]}}