{"id":19930,"date":"2023-12-02T12:17:28","date_gmt":"2023-12-02T17:17:28","guid":{"rendered":"https:\/\/artaceramic.com\/?post_type=product&#038;p=19930"},"modified":"2026-02-04T13:43:49","modified_gmt":"2026-02-04T18:43:49","slug":"bientot-geology","status":"publish","type":"product","link":"https:\/\/artaceramic.com\/fr\/produit\/bientot-geology\/","title":{"rendered":"Geology"},"content":{"rendered":"<h4>FORMAT DISPONIBLE<\/h4>\n<p>FORMAT: 24X24<\/p>\n<p>MCX\/BO\u00ceTE: 5.00<\/p>\n<p>PC\/BO\u00ceTE: 19.40<\/p>\n<p>&nbsp;<\/p>\n<h4>FORMAT D\u00c9COR<\/h4>\n<p>FORMAT: 24X48<\/p>\n<p>MCX\/BO\u00ceTE: 2.00<\/p>\n<p>PC\/BO\u00ceTE: 15.55<\/p>\n","protected":false},"excerpt":{"rendered":"<p id=\"tw-target-text\" class=\"tw-data-text tw-text-large tw-ta\" dir=\"ltr\" data-placeholder=\"Traduction\" data-ved=\"2ahUKEwihyM2_ofGCAxXmFVkFHRG3BjcQ3ewLegQIBRAQ\"><span class=\"Y2IQFc\" lang=\"fr\">Un m\u00e9lange harmonieux inspir\u00e9 de la nature et d\u2019esth\u00e9tique sereine. Plongez-vous dans un monde de tranquillit\u00e9 car chaque carreau fait \u00e9cho aux \u00e9l\u00e9ments apaisants du monde naturel. Con\u00e7ue avec une attention m\u00e9ticuleuse aux d\u00e9tails, notre collection capture l&rsquo;essence de la beaut\u00e9 organique, offrant un refuge apaisant dans vos espaces de vie.<\/span><\/p>\n<h4>COULEURS DISPONIBLE<\/h4>\n<p><span id=\"color-name\"><\/span><br \/>\n<img decoding=\"async\" class=\"alignnone size-full wp-image-19904\" style=\"cursor: pointer;\" src=\"https:\/\/artaceramic.com\/wp-content\/uploads\/2023\/12\/Argilla-1.png\" alt=\"Argilla\" width=\"80\" height=\"80\" \/> <img decoding=\"async\" class=\"alignnone size-full wp-image-19906\" style=\"cursor: pointer;\" src=\"https:\/\/artaceramic.com\/wp-content\/uploads\/2023\/12\/Ghiaia.png\" alt=\"Ghiaia\" width=\"80\" height=\"80\" \/> <img decoding=\"async\" class=\"alignnone size-full wp-image-19908\" style=\"cursor: pointer;\" src=\"https:\/\/artaceramic.com\/wp-content\/uploads\/2023\/12\/Salva.png\" alt=\"Salvia\" width=\"80\" height=\"80\" \/> <img loading=\"lazy\" decoding=\"async\" class=\"alignnone size-full wp-image-19910\" style=\"cursor: pointer;\" src=\"https:\/\/artaceramic.com\/wp-content\/uploads\/2023\/12\/Sabbia.png\" alt=\"Sabbia\" width=\"80\" height=\"80\" \/> <img loading=\"lazy\" decoding=\"async\" class=\"alignnone size-full wp-image-19912\" style=\"cursor: pointer;\" src=\"https:\/\/artaceramic.com\/wp-content\/uploads\/2023\/12\/Terra.png\" alt=\"Terra\" width=\"80\" height=\"80\" \/> <img loading=\"lazy\" decoding=\"async\" class=\"alignnone size-medium wp-image-19914\" style=\"cursor: pointer;\" src=\"https:\/\/artaceramic.com\/wp-content\/uploads\/2023\/12\/Cotto.png\" alt=\"Cotto\" width=\"80\" height=\"80\" \/> <img loading=\"lazy\" decoding=\"async\" class=\"alignnone size-full wp-image-19916\" style=\"cursor: pointer;\" src=\"https:\/\/artaceramic.com\/wp-content\/uploads\/2023\/12\/Decoro-Geology-AB.png\" alt=\"Decoro Geology AB\" width=\"80\" height=\"80\" \/><\/p>\n<p>&nbsp;<\/p>\n<h4>COMMANDE SP\u00c9CIALE<\/h4>\n<p><img loading=\"lazy\" decoding=\"async\" class=\"alignnone size-full wp-image-19918\" style=\"cursor: pointer;\" src=\"https:\/\/artaceramic.com\/wp-content\/uploads\/2023\/12\/Rigat-Argilla.png\" alt=\"Rigat Argilla\" width=\"80\" height=\"80\" \/> <img loading=\"lazy\" decoding=\"async\" class=\"alignnone size-full wp-image-19920\" style=\"cursor: pointer;\" src=\"https:\/\/artaceramic.com\/wp-content\/uploads\/2023\/12\/Rigat-Ghiaia.png\" alt=\"Rigat Ghiaia\" width=\"80\" height=\"80\" \/> <img loading=\"lazy\" decoding=\"async\" class=\"alignnone size-full wp-image-19922\" style=\"cursor: pointer;\" src=\"https:\/\/artaceramic.com\/wp-content\/uploads\/2023\/12\/Rigat-Salvia.png\" alt=\"Rigat Salvia\" width=\"80\" height=\"80\" \/> <img loading=\"lazy\" decoding=\"async\" class=\"alignnone size-full wp-image-19924\" style=\"cursor: pointer;\" src=\"https:\/\/artaceramic.com\/wp-content\/uploads\/2023\/12\/Rigat-Sabbia.png\" alt=\"Rigat Sabbia\" width=\"80\" height=\"80\" \/> <img loading=\"lazy\" decoding=\"async\" class=\"alignnone size-full wp-image-19926\" style=\"cursor: pointer;\" src=\"https:\/\/artaceramic.com\/wp-content\/uploads\/2023\/12\/Rigat-Terra.png\" alt=\"Rigat Terra\" width=\"80\" height=\"80\" \/> <img loading=\"lazy\" decoding=\"async\" class=\"alignnone size-full wp-image-19928\" style=\"cursor: pointer;\" src=\"https:\/\/artaceramic.com\/wp-content\/uploads\/2023\/12\/Rigat-Cotto.png\" alt=\"Rigat Cotto\" width=\"80\" height=\"80\" \/><\/p>\n","protected":false},"featured_media":19871,"template":"","meta":[],"product_brand":[],"product_cat":[66,100],"product_tag":[],"class_list":{"0":"post-19930","1":"product","2":"type-product","3":"status-publish","4":"has-post-thumbnail","6":"product_cat-carreaux","7":"product_cat-ceramique-et-porcelaine","8":"pa_colors-beige-fr","9":"pa_colors-blanc","10":"pa_colors-gris","11":"pa_colors-multicolore","12":"pa_colors-orange-fr","13":"pa_colors-vert","14":"pa_sizes-24x24-fr","15":"pa_sizes-24x48-fr","16":"pa_thickness-10mm-fr","18":"first","19":"instock","20":"shipping-taxable","21":"product-type-simple"},"_links":{"self":[{"href":"https:\/\/artaceramic.com\/fr\/wp-json\/wp\/v2\/product\/19930","targetHints":{"allow":["GET"]}}],"collection":[{"href":"https:\/\/artaceramic.com\/fr\/wp-json\/wp\/v2\/product"}],"about":[{"href":"https:\/\/artaceramic.com\/fr\/wp-json\/wp\/v2\/types\/product"}],"wp:featuredmedia":[{"embeddable":true,"href":"https:\/\/artaceramic.com\/fr\/wp-json\/wp\/v2\/media\/19871"}],"wp:attachment":[{"href":"https:\/\/artaceramic.com\/fr\/wp-json\/wp\/v2\/media?parent=19930"}],"wp:term":[{"taxonomy":"product_brand","embeddable":true,"href":"https:\/\/artaceramic.com\/fr\/wp-json\/wp\/v2\/product_brand?post=19930"},{"taxonomy":"product_cat","embeddable":true,"href":"https:\/\/artaceramic.com\/fr\/wp-json\/wp\/v2\/product_cat?post=19930"},{"taxonomy":"product_tag","embeddable":true,"href":"https:\/\/artaceramic.com\/fr\/wp-json\/wp\/v2\/product_tag?post=19930"}],"curies":[{"name":"wp","href":"https:\/\/api.w.org\/{rel}","templated":true}]}}