{"id":19868,"date":"2023-12-01T16:48:00","date_gmt":"2023-12-01T21:48:00","guid":{"rendered":"https:\/\/artaceramic.com\/?post_type=product&#038;p=19868"},"modified":"2026-02-04T13:50:23","modified_gmt":"2026-02-04T18:50:23","slug":"nouveau-globe","status":"publish","type":"product","link":"https:\/\/artaceramic.com\/fr\/produit\/nouveau-globe\/","title":{"rendered":"Globe"},"content":{"rendered":"<p>FORMAT: 3 X 12<br \/>\nMCX\/BO\u00ceTE: 26.00<br \/>\nPC\/BO\u00ceTE: 6.40<\/p>\n","protected":false},"excerpt":{"rendered":"<p>Une fusion de design moderne et d\u2019\u00e9l\u00e9gance naturelle. La texture \u00e9l\u00e9gante et nervur\u00e9e ajoute une touche de sophistication, tandis que les tons terreux dans des beiges chauds et des gris subtils apportent une ambiance apaisante inspir\u00e9e de la nature \u00e0 votre espace.<\/p>\n<h4>COULEURS DISPONIBLES<\/h4>\n<p><span id=\"color-name\"><\/span><br \/>\n<img decoding=\"async\" class=\"alignnone wp-image-19860\" style=\"cursor: pointer;\" src=\"https:\/\/artaceramic.com\/wp-content\/uploads\/2023\/12\/White.png\" alt=\"White\" width=\"80\" height=\"80\" srcset=\"https:\/\/artaceramic.com\/wp-content\/uploads\/2023\/12\/White.png 200w, https:\/\/artaceramic.com\/wp-content\/uploads\/2023\/12\/White-100x100.png 100w\" sizes=\"(max-width: 80px) 100vw, 80px\" \/> <img decoding=\"async\" class=\"alignnone wp-image-19862\" style=\"cursor: pointer;\" src=\"https:\/\/artaceramic.com\/wp-content\/uploads\/2023\/12\/Beige.png\" alt=\"Beige\" width=\"80\" height=\"80\" srcset=\"https:\/\/artaceramic.com\/wp-content\/uploads\/2023\/12\/Beige.png 200w, https:\/\/artaceramic.com\/wp-content\/uploads\/2023\/12\/Beige-100x100.png 100w\" sizes=\"(max-width: 80px) 100vw, 80px\" \/> <img decoding=\"async\" class=\"alignnone wp-image-19864\" style=\"cursor: pointer;\" src=\"https:\/\/artaceramic.com\/wp-content\/uploads\/2023\/12\/Grey.png\" alt=\"Grey\" width=\"80\" height=\"80\" srcset=\"https:\/\/artaceramic.com\/wp-content\/uploads\/2023\/12\/Grey.png 200w, https:\/\/artaceramic.com\/wp-content\/uploads\/2023\/12\/Grey-100x100.png 100w\" sizes=\"(max-width: 80px) 100vw, 80px\" \/> <img loading=\"lazy\" decoding=\"async\" class=\"alignnone wp-image-19866\" style=\"cursor: pointer;\" src=\"https:\/\/artaceramic.com\/wp-content\/uploads\/2023\/12\/Black.png\" alt=\"Black\" width=\"80\" height=\"80\" srcset=\"https:\/\/artaceramic.com\/wp-content\/uploads\/2023\/12\/Black.png 200w, https:\/\/artaceramic.com\/wp-content\/uploads\/2023\/12\/Black-100x100.png 100w\" sizes=\"(max-width: 80px) 100vw, 80px\" \/><\/p>\n","protected":false},"featured_media":19849,"template":"","meta":[],"product_brand":[],"product_cat":[66,80,100],"product_tag":[],"class_list":{"0":"post-19868","1":"product","2":"type-product","3":"status-publish","4":"has-post-thumbnail","6":"product_cat-carreaux","7":"product_cat-carreaux-muraux","8":"product_cat-ceramique-et-porcelaine","9":"pa_colors-beige-fr","10":"pa_colors-blanc","11":"pa_colors-gris","12":"pa_colors-noir","13":"pa_sizes-3x12-fr","14":"pa_thickness-8-5mm-fr","16":"first","17":"instock","18":"shipping-taxable","19":"product-type-simple"},"_links":{"self":[{"href":"https:\/\/artaceramic.com\/fr\/wp-json\/wp\/v2\/product\/19868","targetHints":{"allow":["GET"]}}],"collection":[{"href":"https:\/\/artaceramic.com\/fr\/wp-json\/wp\/v2\/product"}],"about":[{"href":"https:\/\/artaceramic.com\/fr\/wp-json\/wp\/v2\/types\/product"}],"wp:featuredmedia":[{"embeddable":true,"href":"https:\/\/artaceramic.com\/fr\/wp-json\/wp\/v2\/media\/19849"}],"wp:attachment":[{"href":"https:\/\/artaceramic.com\/fr\/wp-json\/wp\/v2\/media?parent=19868"}],"wp:term":[{"taxonomy":"product_brand","embeddable":true,"href":"https:\/\/artaceramic.com\/fr\/wp-json\/wp\/v2\/product_brand?post=19868"},{"taxonomy":"product_cat","embeddable":true,"href":"https:\/\/artaceramic.com\/fr\/wp-json\/wp\/v2\/product_cat?post=19868"},{"taxonomy":"product_tag","embeddable":true,"href":"https:\/\/artaceramic.com\/fr\/wp-json\/wp\/v2\/product_tag?post=19868"}],"curies":[{"name":"wp","href":"https:\/\/api.w.org\/{rel}","templated":true}]}}