{"id":19840,"date":"2023-11-29T16:48:30","date_gmt":"2023-11-29T21:48:30","guid":{"rendered":"https:\/\/artaceramic.com\/?post_type=product&#038;p=19840"},"modified":"2026-02-04T13:52:29","modified_gmt":"2026-02-04T18:52:29","slug":"coming-soon-saint-remy","status":"publish","type":"product","link":"https:\/\/artaceramic.com\/fr\/produit\/coming-soon-saint-remy\/","title":{"rendered":"Saint R\u00e9my"},"content":{"rendered":"<p>FORMAT: 24 X 48<\/p>\n<p>MCX\/BO\u00ceTE: 2.00<\/p>\n<p>PC\/BO\u00ceTE: 15.55<\/p>\n","protected":false},"excerpt":{"rendered":"<p id=\"tw-target-text\" class=\"tw-data-text tw-text-large tw-ta\" dir=\"ltr\" data-placeholder=\"Traduction\" data-ved=\"2ahUKEwjs2MPMlu-CAxVuElkFHXWDAYAQ3ewLegQICRAQ\"><span class=\"Y2IQFc\" lang=\"fr\">Saint R\u00e9my est une pierre qui renferme en elle une force paisible, une pr\u00e9sence solide et silencieuse capable d&rsquo;inspirer la paix et la contemplation, une texture vari\u00e9e et \u00e9vocatrice, c&rsquo;est une c\u00e9l\u00e9bration du dialogue harmonieux entre l&rsquo;homme et la nature qui l&rsquo;entoure.<\/span><\/p>\n<h4>COULEURS DISPONIBLES<\/h4>\n<p><span id=\"color-name\"><\/span><br \/>\n<img decoding=\"async\" class=\"alignnone wp-image-19828\" style=\"cursor: pointer;\" src=\"https:\/\/artaceramic.com\/wp-content\/uploads\/2023\/11\/Avorio.png\" alt=\"Avorio\" width=\"80\" height=\"80\" srcset=\"https:\/\/artaceramic.com\/wp-content\/uploads\/2023\/11\/Avorio.png 200w, https:\/\/artaceramic.com\/wp-content\/uploads\/2023\/11\/Avorio-100x100.png 100w\" sizes=\"(max-width: 80px) 100vw, 80px\" \/> <img decoding=\"async\" class=\"alignnone wp-image-19830\" style=\"cursor: pointer;\" src=\"https:\/\/artaceramic.com\/wp-content\/uploads\/2023\/11\/Beige.png\" alt=\"Beige\" width=\"80\" height=\"80\" srcset=\"https:\/\/artaceramic.com\/wp-content\/uploads\/2023\/11\/Beige.png 200w, https:\/\/artaceramic.com\/wp-content\/uploads\/2023\/11\/Beige-100x100.png 100w\" sizes=\"(max-width: 80px) 100vw, 80px\" \/> <img decoding=\"async\" class=\"alignnone wp-image-19832\" style=\"cursor: pointer;\" src=\"https:\/\/artaceramic.com\/wp-content\/uploads\/2023\/11\/Grigio-1.png\" alt=\"Grigio\" width=\"80\" height=\"80\" srcset=\"https:\/\/artaceramic.com\/wp-content\/uploads\/2023\/11\/Grigio-1.png 200w, https:\/\/artaceramic.com\/wp-content\/uploads\/2023\/11\/Grigio-1-100x100.png 100w\" sizes=\"(max-width: 80px) 100vw, 80px\" \/> <img loading=\"lazy\" decoding=\"async\" class=\"alignnone wp-image-19838\" style=\"cursor: pointer;\" src=\"https:\/\/artaceramic.com\/wp-content\/uploads\/2023\/11\/Avorio-Bois.png\" alt=\"Bois Avorio\" width=\"80\" height=\"80\" srcset=\"https:\/\/artaceramic.com\/wp-content\/uploads\/2023\/11\/Avorio-Bois.png 200w, https:\/\/artaceramic.com\/wp-content\/uploads\/2023\/11\/Avorio-Bois-100x100.png 100w\" sizes=\"(max-width: 80px) 100vw, 80px\" \/> <img loading=\"lazy\" decoding=\"async\" class=\"alignnone wp-image-19836\" style=\"cursor: pointer;\" src=\"https:\/\/artaceramic.com\/wp-content\/uploads\/2023\/11\/Avorio-Beige.png\" alt=\"Bois Beige\" width=\"80\" height=\"80\" srcset=\"https:\/\/artaceramic.com\/wp-content\/uploads\/2023\/11\/Avorio-Beige.png 200w, https:\/\/artaceramic.com\/wp-content\/uploads\/2023\/11\/Avorio-Beige-100x100.png 100w\" sizes=\"(max-width: 80px) 100vw, 80px\" \/><\/p>\n","protected":false},"featured_media":19817,"template":"","meta":[],"product_brand":[],"product_cat":[66,100],"product_tag":[],"class_list":{"0":"post-19840","1":"product","2":"type-product","3":"status-publish","4":"has-post-thumbnail","6":"product_cat-carreaux","7":"product_cat-ceramique-et-porcelaine","8":"pa_colors-beige-fr","9":"pa_colors-blanc","10":"pa_colors-gris","11":"pa_sizes-24x48-fr","12":"pa_thickness-10mm-fr","14":"first","15":"instock","16":"shipping-taxable","17":"product-type-simple"},"_links":{"self":[{"href":"https:\/\/artaceramic.com\/fr\/wp-json\/wp\/v2\/product\/19840","targetHints":{"allow":["GET"]}}],"collection":[{"href":"https:\/\/artaceramic.com\/fr\/wp-json\/wp\/v2\/product"}],"about":[{"href":"https:\/\/artaceramic.com\/fr\/wp-json\/wp\/v2\/types\/product"}],"wp:featuredmedia":[{"embeddable":true,"href":"https:\/\/artaceramic.com\/fr\/wp-json\/wp\/v2\/media\/19817"}],"wp:attachment":[{"href":"https:\/\/artaceramic.com\/fr\/wp-json\/wp\/v2\/media?parent=19840"}],"wp:term":[{"taxonomy":"product_brand","embeddable":true,"href":"https:\/\/artaceramic.com\/fr\/wp-json\/wp\/v2\/product_brand?post=19840"},{"taxonomy":"product_cat","embeddable":true,"href":"https:\/\/artaceramic.com\/fr\/wp-json\/wp\/v2\/product_cat?post=19840"},{"taxonomy":"product_tag","embeddable":true,"href":"https:\/\/artaceramic.com\/fr\/wp-json\/wp\/v2\/product_tag?post=19840"}],"curies":[{"name":"wp","href":"https:\/\/api.w.org\/{rel}","templated":true}]}}